{"id":26436,"date":"2025-02-20T22:28:24","date_gmt":"2025-02-20T22:28:24","guid":{"rendered":"http:\/\/olemosaic.com\/producto\/4-bols-de-coco-de-13-x-6-cm-delfin\/"},"modified":"2025-07-25T20:17:18","modified_gmt":"2025-07-25T18:17:18","slug":"4-bols-en-noix-de-coco-de-13-x-6-cm-dauphin","status":"publish","type":"product","link":"https:\/\/olemosaic.com\/fr\/produit\/4-bols-en-noix-de-coco-de-13-x-6-cm-dauphin\/","title":{"rendered":"4 Bols en noix de coco de 13 x 6 cm. Dauphin."},"content":{"rendered":"<p>D\u00e9couvrez nos charmants bols d\u00e9coratifs en noix de coco, une collection qui se distingue par son design singulier inspir\u00e9 de la beaut\u00e9 marine. Chaque bol, de 13 x 6 cm, pr\u00e9sente un motif central de dauphins, entour\u00e9 de mosa\u00efques color\u00e9es faites \u00e0 la main, cr\u00e9ant un effet visuel captivant. Les tons vibrants de bleu, jaune et terre cuite apportent un air joyeux et frais, \u00e9voquant les vagues de la mer et les paysages c\u00f4tiers color\u00e9s.<\/p>\n<p>La finition lisse et brillante de chaque bol souligne l&rsquo;artisanat m\u00e9ticuleux impliqu\u00e9 dans sa cr\u00e9ation, faisant de ces pi\u00e8ces non seulement des \u00e9l\u00e9ments d\u00e9coratifs, mais aussi des options polyvalentes pour servir de petits ap\u00e9ritifs lors de vos r\u00e9unions. La connexion culturelle avec les environnements marins souligne leur pertinence en tant que souvenirs capturant l&rsquo;essence des c\u00f4tes, \u00e9tant parfaits pour ceux qui recherchent un souvenir authentique d&rsquo;Espagne et du Portugal.<\/p>\n<p>Id\u00e9aux pour les boutiques de cadeaux touristiques, ces bols sont une mani\u00e8re charmante d&rsquo;offrir aux touristes un morceau de la culture c\u00f4ti\u00e8re. Chez Ol\u00e9 Mosaic, en tant que grossistes de souvenirs authentiques, nous garantissons que chaque pi\u00e8ce refl\u00e8te la valeur culturelle et l&rsquo;esth\u00e9tique de la tradition artisanale. Ces bols d\u00e9coratifs en noix de coco sont le choix parfait pour ceux qui recherchent qualit\u00e9 et style dans leurs souvenirs uniques.<\/p>\n","protected":false},"excerpt":{"rendered":"<p>Bols d\u00e9coratifs en noix de coco de 13 x 6 cm, inspir\u00e9s par la beaut\u00e9 marine. Chaque bol arbore un design unique avec des dauphins au centre, entour\u00e9s de mosa\u00efques color\u00e9es faites \u00e0 la main. Les tons vari\u00e9s de bleu, jaune et terre cuite apportent une touche vibrante, tandis que la finition lisse et brillante rehausse l&rsquo;artisanat d\u00e9taill\u00e9. Parfaits comme \u00e9l\u00e9ments d\u00e9coratifs ou pour servir de petits ap\u00e9ritifs, ils \u00e9voquent le charme de l&rsquo;environnement c\u00f4tier.<\/p>\n","protected":false},"featured_media":10688,"template":"","meta":{"_acf_changed":false},"product_brand":[],"product_cat":[521],"product_tag":[530],"class_list":{"0":"post-26436","1":"product","2":"type-product","3":"status-publish","4":"has-post-thumbnail","6":"product_cat-bols","7":"product_tag-animaux","8":"pa_motivo-dauphins","10":"first","11":"instock","12":"shipping-taxable","13":"product-type-simple"},"acf":[],"_links":{"self":[{"href":"https:\/\/olemosaic.com\/fr\/wp-json\/wp\/v2\/product\/26436","targetHints":{"allow":["GET"]}}],"collection":[{"href":"https:\/\/olemosaic.com\/fr\/wp-json\/wp\/v2\/product"}],"about":[{"href":"https:\/\/olemosaic.com\/fr\/wp-json\/wp\/v2\/types\/product"}],"wp:featuredmedia":[{"embeddable":true,"href":"https:\/\/olemosaic.com\/fr\/wp-json\/wp\/v2\/media\/10688"}],"wp:attachment":[{"href":"https:\/\/olemosaic.com\/fr\/wp-json\/wp\/v2\/media?parent=26436"}],"wp:term":[{"taxonomy":"product_brand","embeddable":true,"href":"https:\/\/olemosaic.com\/fr\/wp-json\/wp\/v2\/product_brand?post=26436"},{"taxonomy":"product_cat","embeddable":true,"href":"https:\/\/olemosaic.com\/fr\/wp-json\/wp\/v2\/product_cat?post=26436"},{"taxonomy":"product_tag","embeddable":true,"href":"https:\/\/olemosaic.com\/fr\/wp-json\/wp\/v2\/product_tag?post=26436"}],"curies":[{"name":"wp","href":"https:\/\/api.w.org\/{rel}","templated":true}]}}