{"id":26435,"date":"2025-02-20T22:28:24","date_gmt":"2025-02-20T22:28:24","guid":{"rendered":"http:\/\/olemosaic.com\/producto\/4-bols-de-coco-de-13-x-6-cm-camello-fuerteventura\/"},"modified":"2025-07-25T20:14:33","modified_gmt":"2025-07-25T18:14:33","slug":"4-bols-en-noix-de-coco-de-13-x-6-cm-chameau-fuerteventura","status":"publish","type":"product","link":"https:\/\/olemosaic.com\/fr\/produit\/4-bols-en-noix-de-coco-de-13-x-6-cm-chameau-fuerteventura\/","title":{"rendered":"4 Bols en noix de coco de 13 x 6 cm. Chameau. Fuerteventura."},"content":{"rendered":"<p>D\u00e9couvrez nos charmants bols en noix de coco d\u00e9cor\u00e9s de motifs de chameaux, une repr\u00e9sentation authentique de la beaut\u00e9 de Fuerteventura. Chaque bol, d&rsquo;une dimension de 13 x 6 cm, pr\u00e9sente un design unique combinant une riche palette de couleurs telles que le bleu, le rose et le dor\u00e9, organis\u00e9es dans un motif de points attrayant qui \u00e9voque la nature vibrante des \u00eeles Canaries. Fabriqu\u00e9s avec soin en noix de coco, ils sont non seulement l\u00e9gers et r\u00e9sistants, mais ils int\u00e8grent \u00e9galement l&rsquo;esprit artisanal de la r\u00e9gion, ce qui en fait un choix id\u00e9al pour servir des ap\u00e9ritifs ou comme \u00e9l\u00e9ments d\u00e9coratifs apportant une touche exotique \u00e0 n&rsquo;importe quel foyer. Ces bols ne sont pas seulement fonctionnels, ils renferment \u00e9galement une valeur culturelle significative, rappelant l&rsquo;importance du chameau dans les traditions locales, o\u00f9 ces animaux ont \u00e9t\u00e9 une partie essentielle de la vie sur les \u00eeles. En tant que souvenirs de Fuerteventura, ils sont parfaits pour ceux qui cherchent \u00e0 emporter un petit morceau de cette \u00eele magnifique. Chez Ol\u00e9 Mosaic, nos bols en noix de coco sont un excellent choix pour les boutiques de cadeaux touristiques souhaitant offrir des produits authentiques et artisanaux \u00e0 leurs clients. Avec leur design attrayant et leur signification culturelle, ces bols sont parfaits pour les touristes qui souhaitent se souvenir de leur passage aux Canaries et de sa riche tradition.<\/p>\n","protected":false},"excerpt":{"rendered":"<p>Bols en noix de coco de 13 x 6 cm, d\u00e9cor\u00e9s de motifs de chameaux, inspir\u00e9s par la beaut\u00e9 de Fuerteventura. Chaque bol pr\u00e9sente un design unique, avec des couleurs vari\u00e9es comme le bleu, le rose et le dor\u00e9, dispos\u00e9es dans un charmant motif de points. Fabriqu\u00e9s en noix de coco, ces bols sont l\u00e9gers et r\u00e9sistants, parfaits pour servir des ap\u00e9ritifs ou comme \u00e9l\u00e9ments d\u00e9coratifs refl\u00e9tant la culture canarienne. Un souvenir id\u00e9al pour se souvenir de l&rsquo;essence des \u00eeles.<\/p>\n","protected":false},"featured_media":12129,"template":"","meta":{"_acf_changed":false},"product_brand":[],"product_cat":[521],"product_tag":[530],"class_list":{"0":"post-26435","1":"product","2":"type-product","3":"status-publish","4":"has-post-thumbnail","6":"product_cat-bols","7":"product_tag-animaux","8":"pa_ciudad-fuerteventura","9":"pa_motivo-chameaux","10":"pa_pais-espana","12":"first","13":"instock","14":"shipping-taxable","15":"product-type-simple"},"acf":[],"_links":{"self":[{"href":"https:\/\/olemosaic.com\/fr\/wp-json\/wp\/v2\/product\/26435","targetHints":{"allow":["GET"]}}],"collection":[{"href":"https:\/\/olemosaic.com\/fr\/wp-json\/wp\/v2\/product"}],"about":[{"href":"https:\/\/olemosaic.com\/fr\/wp-json\/wp\/v2\/types\/product"}],"wp:featuredmedia":[{"embeddable":true,"href":"https:\/\/olemosaic.com\/fr\/wp-json\/wp\/v2\/media\/12129"}],"wp:attachment":[{"href":"https:\/\/olemosaic.com\/fr\/wp-json\/wp\/v2\/media?parent=26435"}],"wp:term":[{"taxonomy":"product_brand","embeddable":true,"href":"https:\/\/olemosaic.com\/fr\/wp-json\/wp\/v2\/product_brand?post=26435"},{"taxonomy":"product_cat","embeddable":true,"href":"https:\/\/olemosaic.com\/fr\/wp-json\/wp\/v2\/product_cat?post=26435"},{"taxonomy":"product_tag","embeddable":true,"href":"https:\/\/olemosaic.com\/fr\/wp-json\/wp\/v2\/product_tag?post=26435"}],"curies":[{"name":"wp","href":"https:\/\/api.w.org\/{rel}","templated":true}]}}