{"id":26434,"date":"2025-02-20T22:28:24","date_gmt":"2025-02-20T22:28:24","guid":{"rendered":"http:\/\/olemosaic.com\/producto\/4-bols-de-coco-de-13-x-6-cm-animales-del-mar-fuerteventura\/"},"modified":"2025-07-25T20:33:16","modified_gmt":"2025-07-25T18:33:16","slug":"4-bols-en-noix-de-coco-de-13-x-6-cm-animaux-marins-fuerteventura","status":"publish","type":"product","link":"https:\/\/olemosaic.com\/fr\/produit\/4-bols-en-noix-de-coco-de-13-x-6-cm-animaux-marins-fuerteventura\/","title":{"rendered":"4 Bols en noix de coco de 13 x 6 cm. Animaux marins. Fuerteventura."},"content":{"rendered":"<p>D\u00e9couvrez nos charmants bols en noix de coco de Fuerteventura, une collection exclusive qui capture l&rsquo;essence du paysage marin canarien dans chaque pi\u00e8ce. Ces quatre bols artisanaux, de dimensions 13 x 6 cm, sont merveilleusement d\u00e9cor\u00e9s de motifs vifs repr\u00e9sentant la riche vie marine de Fuerteventura. Chaque bol pr\u00e9sente un design color\u00e9 avec une mosa\u00efque de tons roses, bleus et miel, qui refl\u00e8te la lumi\u00e8re et \u00e9voque l&rsquo;\u00e9clat de l&rsquo;oc\u00e9an. Les illustrations d&rsquo;une tortue, d&rsquo;un dauphin, d&rsquo;un hippocampe et d&rsquo;un chameau, combin\u00e9es \u00e0 l&rsquo;inscription \u00ab\u00a0Fuerteventura\u00a0\u00bb, apportent une touche culturelle qui en fait un authentique souvenir de cette \u00eele magnifique.<\/p>\n<p>Le mat\u00e9riau en noix de coco, l\u00e9ger et r\u00e9sistant, rend ces bols id\u00e9aux aussi bien pour servir des ap\u00e9ritifs que pour les utiliser comme \u00e9l\u00e9ments d\u00e9coratifs dans n&rsquo;importe quel foyer. De plus, leur design unique et attrayant en fait un excellent souvenir pour ceux qui souhaitent emporter une partie de Fuerteventura avec eux. Chez Ol\u00e9 Mosaic, nous sommes fiers de proposer des souvenirs authentiques de Fuerteventura, ce qui en fait un choix parfait pour les boutiques de cadeaux touristiques recherchant des produits de qualit\u00e9 et de pertinence culturelle. Ces bols en noix de coco sont, sans aucun doute, une repr\u00e9sentation id\u00e9ale de la beaut\u00e9 naturelle et de la riche culture des \u00eeles Canaries.<\/p>\n","protected":false},"excerpt":{"rendered":"<p>Bols en noix de coco de 13 x 6 cm, d\u00e9cor\u00e9s de motifs d&rsquo;animaux marins vibrants, parfaits pour apporter une touche de Fuerteventura \u00e0 votre foyer. Chaque bol pr\u00e9sente un design color\u00e9 avec une mosa\u00efque de tons roses, bleus et miel, orn\u00e9 d&rsquo;illustrations d&rsquo;une tortue, d&rsquo;un dauphin, d&rsquo;un hippocampe et d&rsquo;un chameau, tous avec l&rsquo;inscription \u00ab\u00a0Fuerteventura\u00a0\u00bb. Leur mat\u00e9riau l\u00e9ger les rend id\u00e9aux pour servir des ap\u00e9ritifs ou comme \u00e9l\u00e9ment d\u00e9coratif.<\/p>\n","protected":false},"featured_media":12125,"template":"","meta":{"_acf_changed":false},"product_brand":[],"product_cat":[521],"product_tag":[530],"class_list":{"0":"post-26434","1":"product","2":"type-product","3":"status-publish","4":"has-post-thumbnail","6":"product_cat-bols","7":"product_tag-animaux","8":"pa_ciudad-fuerteventura","9":"pa_motivo-animaux-marins","10":"pa_pais-espana","12":"first","13":"instock","14":"shipping-taxable","15":"product-type-simple"},"acf":[],"_links":{"self":[{"href":"https:\/\/olemosaic.com\/fr\/wp-json\/wp\/v2\/product\/26434","targetHints":{"allow":["GET"]}}],"collection":[{"href":"https:\/\/olemosaic.com\/fr\/wp-json\/wp\/v2\/product"}],"about":[{"href":"https:\/\/olemosaic.com\/fr\/wp-json\/wp\/v2\/types\/product"}],"wp:featuredmedia":[{"embeddable":true,"href":"https:\/\/olemosaic.com\/fr\/wp-json\/wp\/v2\/media\/12125"}],"wp:attachment":[{"href":"https:\/\/olemosaic.com\/fr\/wp-json\/wp\/v2\/media?parent=26434"}],"wp:term":[{"taxonomy":"product_brand","embeddable":true,"href":"https:\/\/olemosaic.com\/fr\/wp-json\/wp\/v2\/product_brand?post=26434"},{"taxonomy":"product_cat","embeddable":true,"href":"https:\/\/olemosaic.com\/fr\/wp-json\/wp\/v2\/product_cat?post=26434"},{"taxonomy":"product_tag","embeddable":true,"href":"https:\/\/olemosaic.com\/fr\/wp-json\/wp\/v2\/product_tag?post=26434"}],"curies":[{"name":"wp","href":"https:\/\/api.w.org\/{rel}","templated":true}]}}