{"id":26433,"date":"2025-02-20T23:28:23","date_gmt":"2025-02-20T22:28:23","guid":{"rendered":"http:\/\/olemosaic.com\/producto\/4-bols-de-coco-de-13-x-6-cm-caballito-de-mar\/"},"modified":"2025-07-25T20:41:19","modified_gmt":"2025-07-25T18:41:19","slug":"4-bols-en-noix-de-coco-de-13-x-6-cm-hippocampe","status":"publish","type":"product","link":"https:\/\/olemosaic.com\/fr\/produit\/4-bols-en-noix-de-coco-de-13-x-6-cm-hippocampe\/","title":{"rendered":"4 Bols en noix de coco de 13 x 6 cm. Hippocampe."},"content":{"rendered":"<p>D\u00e9couvrez nos charmants bols en noix de coco de 13 x 6 cm, un ensemble de quatre pi\u00e8ces qui rend hommage \u00e0 la beaut\u00e9 de la mer. Chaque bol, peint \u00e0 la main, pr\u00e9sente un design vibrant combinant des tons bleus, oranges, rouges et dor\u00e9s, cr\u00e9ant une finition color\u00e9e et \u00e9l\u00e9gante. \u00c0 l&rsquo;int\u00e9rieur, de d\u00e9licates images d&rsquo;hippocampes s&rsquo;entrelacent avec un subtil effet de filet, apportant une touche moderne et attrayante. Ces bols ne sont pas seulement id\u00e9aux pour servir des ap\u00e9ritifs, mais ils fonctionnent \u00e9galement comme des pi\u00e8ces d\u00e9coratives qui rehaussent l&rsquo;ambiance de n&rsquo;importe quelle table, parfaits pour des f\u00eates ou des d\u00eeners th\u00e9matiques.<\/p>\n<p>La connexion culturelle de ces bols avec la tradition artisanale de la r\u00e9gion m\u00e9diterran\u00e9enne souligne leur authenticit\u00e9 et leur pertinence en tant que souvenir typique. Gr\u00e2ce \u00e0 leur design unique, ces bols en noix de coco sont une excellente option pour les touristes \u00e0 la recherche de souvenirs capturant l&rsquo;essence de la mer et de la culture locale. Chez Ol\u00e9 Mosaic, nous sommes fiers de proposer des souvenirs de haute qualit\u00e9 en gros, et cet ensemble de bols hippocampes est un choix parfait pour les boutiques de cadeaux touristiques recherchant vari\u00e9t\u00e9 et exclusivit\u00e9. En tant que distributeurs de souvenirs authentiques, nous vous invitons \u00e0 inclure ces charmants bols dans votre catalogue.<\/p>\n","protected":false},"excerpt":{"rendered":"<p>Bols en noix de coco de 13 x 6 cm avec un design d&rsquo;hippocampe, id\u00e9aux pour la d\u00e9coration ou pour servir des ap\u00e9ritifs. Chaque bol pr\u00e9sente une finition color\u00e9e dans des tons bleu, orange, rouge et dor\u00e9, avec un subtil effet de filet qui apporte une touche \u00e9l\u00e9gante et moderne. Peints dans un style artisanal, ces bols affichent des images d&rsquo;hippocampes \u00e0 l&rsquo;int\u00e9rieur, cr\u00e9ant un contraste visuel qui rehausse leur singularit\u00e9 et leur attrait. Parfaits pour ajouter une touche marine \u00e0 n&rsquo;importe quelle table.<\/p>\n","protected":false},"featured_media":10636,"template":"","meta":{"_acf_changed":false},"product_brand":[],"product_cat":[521],"product_tag":[530],"class_list":{"0":"post-26433","1":"product","2":"type-product","3":"status-publish","4":"has-post-thumbnail","6":"product_cat-bols","7":"product_tag-animaux","8":"pa_motivo-hippocampes","10":"first","11":"instock","12":"shipping-taxable","13":"product-type-simple"},"acf":[],"_links":{"self":[{"href":"https:\/\/olemosaic.com\/fr\/wp-json\/wp\/v2\/product\/26433","targetHints":{"allow":["GET"]}}],"collection":[{"href":"https:\/\/olemosaic.com\/fr\/wp-json\/wp\/v2\/product"}],"about":[{"href":"https:\/\/olemosaic.com\/fr\/wp-json\/wp\/v2\/types\/product"}],"wp:featuredmedia":[{"embeddable":true,"href":"https:\/\/olemosaic.com\/fr\/wp-json\/wp\/v2\/media\/10636"}],"wp:attachment":[{"href":"https:\/\/olemosaic.com\/fr\/wp-json\/wp\/v2\/media?parent=26433"}],"wp:term":[{"taxonomy":"product_brand","embeddable":true,"href":"https:\/\/olemosaic.com\/fr\/wp-json\/wp\/v2\/product_brand?post=26433"},{"taxonomy":"product_cat","embeddable":true,"href":"https:\/\/olemosaic.com\/fr\/wp-json\/wp\/v2\/product_cat?post=26433"},{"taxonomy":"product_tag","embeddable":true,"href":"https:\/\/olemosaic.com\/fr\/wp-json\/wp\/v2\/product_tag?post=26433"}],"curies":[{"name":"wp","href":"https:\/\/api.w.org\/{rel}","templated":true}]}}