{"id":26431,"date":"2025-02-20T22:28:23","date_gmt":"2025-02-20T22:28:23","guid":{"rendered":"http:\/\/olemosaic.com\/producto\/4-bols-de-coco-de-13-x-6-cm-salamandra-tenerife-2\/"},"modified":"2025-07-25T19:41:46","modified_gmt":"2025-07-25T17:41:46","slug":"4-bols-en-noix-de-coco-de-13-x-6-cm-salamandre-tenerife-2","status":"publish","type":"product","link":"https:\/\/olemosaic.com\/fr\/produit\/4-bols-en-noix-de-coco-de-13-x-6-cm-salamandre-tenerife-2\/","title":{"rendered":"4 bols en noix de coco de 13 x 6 cm. Salamandre. Tenerife."},"content":{"rendered":"<p>D\u00e9couvrez nos bols color\u00e9s en noix de coco de Tenerife, une option charmante pour ceux qui recherchent des souvenirs authentiques et repr\u00e9sentatifs des \u00eeles Canaries. Ces quatre bols de 13 x 6 cm brillent par des motifs inspir\u00e9s de la faune locale, mettant particuli\u00e8rement en avant la sympathique salamandre, symbole de la biodiversit\u00e9 de Tenerife. Chaque bol est unique, affichant une palette de couleurs vibrantes comprenant le bleu, le noir, l&rsquo;orange et le fuchsia, apportant une touche joyeuse et contemporaine \u00e0 n&rsquo;importe quel espace. La finition brillante souligne les d\u00e9tails de c\u0153urs qui ornent le bord, offrant un attrait visuel qui ne passera pas inaper\u00e7u.<\/p>\n<p>Id\u00e9aux aussi bien pour un usage quotidien que pour \u00eatre expos\u00e9s comme pi\u00e8ces d\u00e9coratives, ces bols fusionnent art et fonctionnalit\u00e9 dans un style canarien \u00e9l\u00e9gant. Ils seront un souvenir parfait de Tenerife, \u00e9voquant la chaleur et le charme des \u00eeles \u00e0 chaque utilisation. Chez Ol\u00e9 Mosaic, sp\u00e9cialis\u00e9s dans la distribution en gros de produits typiques, nous garantissons l&rsquo;authenticit\u00e9 et la qualit\u00e9 de chaque souvenir, faisant de ces bols une option irr\u00e9sistible pour les boutiques de cadeaux touristiques souhaitant offrir \u00e0 leurs clients un morceau de la culture canarienne.<\/p>\n","protected":false},"excerpt":{"rendered":"<p>Bols en noix de coco de 13 x 6 cm, d\u00e9cor\u00e9s de motifs inspir\u00e9s de la faune de Tenerife, avec une charmante salamandre comme protagoniste. Chaque bol pr\u00e9sente un design vibrant en bleu, noir, orange et fuchsia, avec une finition brillante qui fait ressortir les d\u00e9tails en forme de c\u0153urs autour du bord. Id\u00e9aux pour un usage quotidien ou comme pi\u00e8ce d\u00e9corative, ces bols fusionnent art et fonctionnalit\u00e9 dans un style typiquement canarien.<\/p>\n","protected":false},"featured_media":10674,"template":"","meta":{"_acf_changed":false},"product_brand":[],"product_cat":[521],"product_tag":[530],"class_list":{"0":"post-26431","1":"product","2":"type-product","3":"status-publish","4":"has-post-thumbnail","6":"product_cat-bols","7":"product_tag-animaux","8":"pa_ciudad-tenerife","9":"pa_motivo-salamandres","10":"pa_pais-espana","12":"first","13":"instock","14":"shipping-taxable","15":"product-type-simple"},"acf":[],"_links":{"self":[{"href":"https:\/\/olemosaic.com\/fr\/wp-json\/wp\/v2\/product\/26431","targetHints":{"allow":["GET"]}}],"collection":[{"href":"https:\/\/olemosaic.com\/fr\/wp-json\/wp\/v2\/product"}],"about":[{"href":"https:\/\/olemosaic.com\/fr\/wp-json\/wp\/v2\/types\/product"}],"wp:featuredmedia":[{"embeddable":true,"href":"https:\/\/olemosaic.com\/fr\/wp-json\/wp\/v2\/media\/10674"}],"wp:attachment":[{"href":"https:\/\/olemosaic.com\/fr\/wp-json\/wp\/v2\/media?parent=26431"}],"wp:term":[{"taxonomy":"product_brand","embeddable":true,"href":"https:\/\/olemosaic.com\/fr\/wp-json\/wp\/v2\/product_brand?post=26431"},{"taxonomy":"product_cat","embeddable":true,"href":"https:\/\/olemosaic.com\/fr\/wp-json\/wp\/v2\/product_cat?post=26431"},{"taxonomy":"product_tag","embeddable":true,"href":"https:\/\/olemosaic.com\/fr\/wp-json\/wp\/v2\/product_tag?post=26431"}],"curies":[{"name":"wp","href":"https:\/\/api.w.org\/{rel}","templated":true}]}}