{"id":26429,"date":"2025-02-20T23:28:23","date_gmt":"2025-02-20T22:28:23","guid":{"rendered":"http:\/\/olemosaic.com\/producto\/llavero-de-madera-letra-e-madrid\/"},"modified":"2025-07-25T20:29:33","modified_gmt":"2025-07-25T18:29:33","slug":"porte-cles-en-bois-lettre-e-madrid","status":"publish","type":"product","link":"https:\/\/olemosaic.com\/fr\/produit\/porte-cles-en-bois-lettre-e-madrid\/","title":{"rendered":"Porte-cl\u00e9s en bois. Lettre E. Madrid."},"content":{"rendered":"<p>D\u00e9couvrez notre porte-cl\u00e9s en bois avec la lettre &lsquo;E&rsquo;, un souvenir authentique qui capture l&rsquo;essence de la ville magique de Madrid. Ce porte-cl\u00e9s est con\u00e7u avec une finition vibrante qui \u00e9voque les couleurs et la culture de la capitale espagnole, int\u00e9grant des \u00e9l\u00e9ments visuels embl\u00e9matiques repr\u00e9sentant sa riche histoire. Sur l&rsquo;une de ses faces, il affiche l&rsquo;iconique Puerta del Sol, o\u00f9 se trouve la c\u00e9l\u00e8bre fontaine de l&rsquo;Ours et de l&rsquo;Arbousier, symbole de la ville, ainsi qu&rsquo;une figure f\u00e9minine v\u00eatue d&rsquo;un costume traditionnel color\u00e9 qui rayonne la joie du folklore madril\u00e8ne. Les tons brillants de bleu, rouge et vert se combinent harmonieusement, recr\u00e9ant une atmosph\u00e8re festive et culturelle in\u00e9gal\u00e9e.<\/p>\n<p>La qualit\u00e9 du bois utilis\u00e9 assure sa durabilit\u00e9, en faisant un souvenir parfait et fonctionnel pour ceux qui souhaitent emporter un morceau de Madrid partout avec eux. Ce porte-cl\u00e9s n&rsquo;est pas seulement une excellente option pour les touristes \u00e0 la recherche de souvenirs authentiques, mais aussi un cadeau attrayant qui souligne la valeur culturelle de la ville. Chez Ol\u00e9 Mosaic, en tant que distributeurs de souvenirs de qualit\u00e9 en gros, nous proposons ce porte-cl\u00e9s de Madrid comme une pi\u00e8ce id\u00e9ale pour les boutiques de cadeaux touristiques, soulignant son caract\u00e8re authentique et son attrait pour ceux qui cherchent \u00e0 emporter un souvenir repr\u00e9sentatif de la capitale espagnole.<\/p>\n","protected":false},"excerpt":{"rendered":"<p>Porte-cl\u00e9s en bois en forme de lettre &lsquo;E&rsquo;, repr\u00e9sentant la ville magique de Madrid. Ce porte-cl\u00e9s combine un design vibrant avec des \u00e9l\u00e9ments iconiques de la ville, tels que la c\u00e9l\u00e8bre Puerta del Sol et la figure embl\u00e9matique d&rsquo;une femme v\u00eatue de costumes traditionnels. Peint avec une technique color\u00e9e, il se distingue par ses tons brillants de bleu, rouge et vert, des \u00e9l\u00e9ments d\u00e9coratifs qui \u00e9voquent l&rsquo;atmosph\u00e8re culturelle de Madrid. Id\u00e9al comme souvenir ou cadeau repr\u00e9sentatif de la capitale espagnole.<\/p>\n","protected":false},"featured_media":10837,"template":"","meta":{"_acf_changed":false},"product_brand":[],"product_cat":[607],"product_tag":[614],"class_list":{"0":"post-26429","1":"product","2":"type-product","3":"status-publish","4":"has-post-thumbnail","6":"product_cat-porte-cles","7":"product_tag-lettres","8":"pa_ciudad-madrid","9":"pa_motivo-lettre-e","10":"pa_pais-espana","12":"first","13":"instock","14":"shipping-taxable","15":"product-type-simple"},"acf":[],"_links":{"self":[{"href":"https:\/\/olemosaic.com\/fr\/wp-json\/wp\/v2\/product\/26429","targetHints":{"allow":["GET"]}}],"collection":[{"href":"https:\/\/olemosaic.com\/fr\/wp-json\/wp\/v2\/product"}],"about":[{"href":"https:\/\/olemosaic.com\/fr\/wp-json\/wp\/v2\/types\/product"}],"wp:featuredmedia":[{"embeddable":true,"href":"https:\/\/olemosaic.com\/fr\/wp-json\/wp\/v2\/media\/10837"}],"wp:attachment":[{"href":"https:\/\/olemosaic.com\/fr\/wp-json\/wp\/v2\/media?parent=26429"}],"wp:term":[{"taxonomy":"product_brand","embeddable":true,"href":"https:\/\/olemosaic.com\/fr\/wp-json\/wp\/v2\/product_brand?post=26429"},{"taxonomy":"product_cat","embeddable":true,"href":"https:\/\/olemosaic.com\/fr\/wp-json\/wp\/v2\/product_cat?post=26429"},{"taxonomy":"product_tag","embeddable":true,"href":"https:\/\/olemosaic.com\/fr\/wp-json\/wp\/v2\/product_tag?post=26429"}],"curies":[{"name":"wp","href":"https:\/\/api.w.org\/{rel}","templated":true}]}}