{"id":26428,"date":"2025-02-20T22:28:23","date_gmt":"2025-02-20T22:28:23","guid":{"rendered":"http:\/\/olemosaic.com\/producto\/6-vasos-de-chupito-de-vidrio-metalizado-2\/"},"modified":"2025-07-25T19:24:58","modified_gmt":"2025-07-25T17:24:58","slug":"6-verres-a-shot-en-verre-metallise-2","status":"publish","type":"product","link":"https:\/\/olemosaic.com\/fr\/produit\/6-verres-a-shot-en-verre-metallise-2\/","title":{"rendered":"6 verres \u00e0 shot en verre m\u00e9tallis\u00e9."},"content":{"rendered":"<p>D\u00e9couvrez notre lot de 6 verres \u00e0 shot en verre m\u00e9tallis\u00e9, d\u00e9cor\u00e9s de motifs de l\u00e9zards vibrants, un souvenir unique qui capture l&rsquo;essence de Fuerteventura. Cet ensemble color\u00e9 comprend des verres en bleu, vert, rouge, argent, violet et dor\u00e9, chacun avec une finition brillante qui rehausse son attrait visuel et ajoute une touche festive \u00e0 toute c\u00e9l\u00e9bration. Les motifs de l\u00e9zards, symbole de la faune canarienne, \u00e9voquent la beaut\u00e9 naturelle de l&rsquo;\u00eele et son atmosph\u00e8re tropicale, faisant de chaque verre un sujet de conversation.<\/p>\n<p>Parfaits pour d\u00e9guster des boissons typiques, ces verres sont id\u00e9aux aussi bien pour les d\u00eeners informels que pour les \u00e9v\u00e9nements festifs, offrant une touche authentique de la culture de Fuerteventura \u00e0 vos r\u00e9unions. Leur design ergonomique et color\u00e9 les rend non seulement fonctionnels, mais en fait \u00e9galement un article de d\u00e9coration attrayant qui peut embellir n&rsquo;importe quelle table.<\/p>\n<p>En choisissant ce lot de verres, vous s\u00e9lectionnez un souvenir repr\u00e9sentatif qui souligne l&rsquo;authenticit\u00e9 et l&rsquo;extraordinaire diversit\u00e9 culturelle des Canaries. Chez Ol\u00e9 Mosaic, nous sommes sp\u00e9cialis\u00e9s dans la distribution de souvenirs en gros, proposant des articles qui refl\u00e8tent la richesse des traditions locales. Cet ensemble de verres \u00e0 shot est une excellente option pour les boutiques de cadeaux touristiques \u00e0 la recherche de produits de qualit\u00e9, mettant en avant les couleurs et la culture canarienne \u00e0 chaque r\u00e9union.<\/p>\n","protected":false},"excerpt":{"rendered":"<p>Lot de 6 verres \u00e0 shot en verre m\u00e9tallis\u00e9, d\u00e9cor\u00e9s de motifs de l\u00e9zards de diff\u00e9rentes couleurs. Cet ensemble comprend des verres bleus, verts, rouges, argent\u00e9s, violets et dor\u00e9s, chacun avec une finition brillante qui ajoute une touche vibrante \u00e0 toute c\u00e9l\u00e9bration. Ils sont id\u00e9aux pour d\u00e9guster des shots et s&rsquo;inspirent de la culture de Fuerteventura, capturant l&rsquo;essence de ses paysages canariens. Profitez de l&rsquo;exp\u00e9rience d&rsquo;utiliser ces verres originaux lors de votre prochaine r\u00e9union.<\/p>\n","protected":false},"featured_media":11216,"template":"","meta":{"_acf_changed":false},"product_brand":[],"product_cat":[814],"product_tag":[],"class_list":{"0":"post-26428","1":"product","2":"type-product","3":"status-publish","4":"has-post-thumbnail","6":"product_cat-verres-a-shot","7":"pa_ciudad-fuerteventura","8":"pa_motivo-salamandres","9":"pa_pais-espana","11":"first","12":"instock","13":"shipping-taxable","14":"product-type-simple"},"acf":[],"_links":{"self":[{"href":"https:\/\/olemosaic.com\/fr\/wp-json\/wp\/v2\/product\/26428","targetHints":{"allow":["GET"]}}],"collection":[{"href":"https:\/\/olemosaic.com\/fr\/wp-json\/wp\/v2\/product"}],"about":[{"href":"https:\/\/olemosaic.com\/fr\/wp-json\/wp\/v2\/types\/product"}],"wp:featuredmedia":[{"embeddable":true,"href":"https:\/\/olemosaic.com\/fr\/wp-json\/wp\/v2\/media\/11216"}],"wp:attachment":[{"href":"https:\/\/olemosaic.com\/fr\/wp-json\/wp\/v2\/media?parent=26428"}],"wp:term":[{"taxonomy":"product_brand","embeddable":true,"href":"https:\/\/olemosaic.com\/fr\/wp-json\/wp\/v2\/product_brand?post=26428"},{"taxonomy":"product_cat","embeddable":true,"href":"https:\/\/olemosaic.com\/fr\/wp-json\/wp\/v2\/product_cat?post=26428"},{"taxonomy":"product_tag","embeddable":true,"href":"https:\/\/olemosaic.com\/fr\/wp-json\/wp\/v2\/product_tag?post=26428"}],"curies":[{"name":"wp","href":"https:\/\/api.w.org\/{rel}","templated":true}]}}