{"id":26427,"date":"2025-02-20T22:28:22","date_gmt":"2025-02-20T22:28:22","guid":{"rendered":"http:\/\/olemosaic.com\/producto\/iman-de-metal-sagrada-familia-barcelona-8-cm\/"},"modified":"2025-07-25T19:51:10","modified_gmt":"2025-07-25T17:51:10","slug":"aimant-en-metal-sagrada-familia-barcelone-8-cm","status":"publish","type":"product","link":"https:\/\/olemosaic.com\/fr\/produit\/aimant-en-metal-sagrada-familia-barcelone-8-cm\/","title":{"rendered":"Aimant en m\u00e9tal. Sagrada Familia. Barcelone. 8 cm."},"content":{"rendered":"<p>D\u00e9couvrez notre aimant m\u00e9tallique de 8 cm qui capture l&rsquo;essence de l&rsquo;iconique Sagrada Familia de Barcelone, un symbole incontournable de l&rsquo;architecture moderniste. Ce souvenir attrayant pr\u00e9sente un design vibrant inspir\u00e9 du style mosa\u00efque d&rsquo;Antoni Gaud\u00ed, le c\u00e9l\u00e8bre architecte catalan connu pour ses \u0153uvres cr\u00e9atives et color\u00e9es. Avec des tons vifs qui soulignent les tours et les d\u00e9tails architecturaux complexes du monument, chaque regard sur cet aimant \u00e9voque la grandeur de l&rsquo;un des chefs-d&rsquo;\u0153uvre les plus significatifs de la ville.<\/p>\n<p>Sur la partie sup\u00e9rieure, le mot \u00ab\u00a0Barcelone\u00a0\u00bb est imprim\u00e9 avec une typographie qui compl\u00e8te parfaitement l&rsquo;image, rehaussant encore plus le charme de ce souvenir. La combinaison de couleurs, des tons chauds de terre cuite aux bleus riches du fond, suscite une connexion imm\u00e9diate avec l&rsquo;ambiance vibrante de la cit\u00e9 comtale, en faisant un souvenir parfait pour les touristes qui souhaitent emporter un morceau de Barcelone chez eux.<\/p>\n<p>Cet aimant n&rsquo;est pas seulement une excellente option pour d\u00e9corer n&rsquo;importe quel espace, mais il repr\u00e9sente \u00e9galement un morceau de la riche culture catalane. Chez Ol\u00e9 Mosaic, en tant que grossistes de souvenirs, nous proposons des produits authentiques qui refl\u00e8tent la diversit\u00e9 du patrimoine espagnol, faisant de cet aimant de la Sagrada Familia un cadeau id\u00e9al pour les boutiques de cadeaux touristiques \u00e0 la recherche de produits authentiques et repr\u00e9sentatifs de l&rsquo;Espagne.<\/p>\n","protected":false},"excerpt":{"rendered":"<p>Aimant en m\u00e9tal de 8 cm repr\u00e9sentant l&rsquo;iconique Sagrada Familia de Barcelone. Ce souvenir attrayant pr\u00e9sente un design vibrant, inspir\u00e9 du style mosa\u00efque de Gaud\u00ed, avec des couleurs vives qui soulignent les tours et les d\u00e9tails architecturaux du monument. Le mot \u00ab\u00a0Barcelone\u00a0\u00bb figure sur la partie sup\u00e9rieure, compl\u00e9tant l&rsquo;image et faisant de cet aimant un souvenir parfait de la richesse culturelle de la ville. Id\u00e9al pour d\u00e9corer n&rsquo;importe quel espace.<\/p>\n","protected":false},"featured_media":11359,"template":"","meta":{"_acf_changed":false},"product_brand":[],"product_cat":[697],"product_tag":[],"class_list":{"0":"post-26427","1":"product","2":"type-product","3":"status-publish","4":"has-post-thumbnail","6":"product_cat-aimants","7":"pa_ciudad-barcelona","8":"pa_motivo-sagrada-familia","9":"pa_pais-espana","11":"first","12":"instock","13":"shipping-taxable","14":"product-type-simple"},"acf":[],"_links":{"self":[{"href":"https:\/\/olemosaic.com\/fr\/wp-json\/wp\/v2\/product\/26427","targetHints":{"allow":["GET"]}}],"collection":[{"href":"https:\/\/olemosaic.com\/fr\/wp-json\/wp\/v2\/product"}],"about":[{"href":"https:\/\/olemosaic.com\/fr\/wp-json\/wp\/v2\/types\/product"}],"wp:featuredmedia":[{"embeddable":true,"href":"https:\/\/olemosaic.com\/fr\/wp-json\/wp\/v2\/media\/11359"}],"wp:attachment":[{"href":"https:\/\/olemosaic.com\/fr\/wp-json\/wp\/v2\/media?parent=26427"}],"wp:term":[{"taxonomy":"product_brand","embeddable":true,"href":"https:\/\/olemosaic.com\/fr\/wp-json\/wp\/v2\/product_brand?post=26427"},{"taxonomy":"product_cat","embeddable":true,"href":"https:\/\/olemosaic.com\/fr\/wp-json\/wp\/v2\/product_cat?post=26427"},{"taxonomy":"product_tag","embeddable":true,"href":"https:\/\/olemosaic.com\/fr\/wp-json\/wp\/v2\/product_tag?post=26427"}],"curies":[{"name":"wp","href":"https:\/\/api.w.org\/{rel}","templated":true}]}}