{"id":26426,"date":"2025-02-20T23:28:22","date_gmt":"2025-02-20T22:28:22","guid":{"rendered":"http:\/\/olemosaic.com\/producto\/bol-de-coco-azul-delfin-mallorca\/"},"modified":"2025-07-25T18:50:13","modified_gmt":"2025-07-25T16:50:13","slug":"bol-en-noix-de-coco-bleu-dauphin-majorque","status":"publish","type":"product","link":"https:\/\/olemosaic.com\/fr\/produit\/bol-en-noix-de-coco-bleu-dauphin-majorque\/","title":{"rendered":"Bol en noix de coco bleu. Dauphin. Majorque."},"content":{"rendered":"<p>D\u00e9couvrez notre exquis bol en noix de coco bleu, une repr\u00e9sentation authentique de la beaut\u00e9 naturelle de Majorque. Ce bol d\u00e9licat pr\u00e9sente un dauphin \u00e9l\u00e9gant au centre, un symbole iconique de la faune marine qui habite les eaux cristallines de l&rsquo;\u00eele. Sa forme organique et son bord irr\u00e9gulier lui donnent une touche artisanale, \u00e9voquant l&rsquo;essence de la tradition de Majorque. Le fond bleu profond, parsem\u00e9 de taches rappelant les vagues de la M\u00e9diterran\u00e9e, offre un attrait visuel captivant. \u00c0 la base, l&rsquo;inscription \u00ab\u00a0MAJORQUE\u00a0\u00bb se d\u00e9tache en lettres blanches, entour\u00e9e d&rsquo;un design \u00e9voquant les carreaux de ciment classiques de la r\u00e9gion, apportant une touche authentique et culturelle \u00e0 la pi\u00e8ce.<\/p>\n<p>Ce bol n&rsquo;est pas seulement id\u00e9al pour un usage d\u00e9coratif, mais peut \u00e9galement servir \u00e0 pr\u00e9senter des ap\u00e9ritifs ou de petites gourmandises dans n&rsquo;importe quelle maison, devenant un point focal sur votre table. En choisissant ce bol, vous n&rsquo;acqu\u00e9rez pas seulement un objet fonctionnel, mais un morceau de la richesse culturelle de Majorque. Chez Ol\u00e9 Mosaic, notre engagement est d&rsquo;offrir des souvenirs authentiques et de qualit\u00e9. Ce bol est une excellente option pour les boutiques de cadeaux touristiques qui recherchent des produits c\u00e9l\u00e9brant l&rsquo;h\u00e9ritage et la beaut\u00e9 de l&rsquo;Espagne. En tant que grossistes, nous garantissons que chaque pi\u00e8ce est r\u00e9alis\u00e9e avec d\u00e9vouement et amour pour la tradition.<\/p>\n","protected":false},"excerpt":{"rendered":"<p>Bol en noix de coco bleu, d\u00e9cor\u00e9 d&rsquo;un dauphin \u00e9l\u00e9gant au centre, un symbole embl\u00e9matique de la faune marine de Majorque. Ce bol, de forme organique et au bord irr\u00e9gulier, est embelli par un fond bleu profond et tachet\u00e9 qui \u00e9voque la mer M\u00e9diterran\u00e9e. L&rsquo;inscription \u00ab\u00a0MAJORQUE\u00a0\u00bb ressort en lettres blanches sur la partie inf\u00e9rieure, entour\u00e9e d&rsquo;un design de carreaux qui ajoute une touche traditionnelle \u00e0 cette pi\u00e8ce. Id\u00e9al pour un usage d\u00e9coratif ou pratique dans n&rsquo;importe quelle maison.<\/p>\n","protected":false},"featured_media":11779,"template":"","meta":{"_acf_changed":false},"product_brand":[],"product_cat":[521],"product_tag":[530],"class_list":{"0":"post-26426","1":"product","2":"type-product","3":"status-publish","4":"has-post-thumbnail","6":"product_cat-bols","7":"product_tag-animaux","8":"pa_ciudad-mallorca","9":"pa_motivo-dauphins","10":"pa_pais-espana","12":"first","13":"instock","14":"shipping-taxable","15":"product-type-simple"},"acf":[],"_links":{"self":[{"href":"https:\/\/olemosaic.com\/fr\/wp-json\/wp\/v2\/product\/26426","targetHints":{"allow":["GET"]}}],"collection":[{"href":"https:\/\/olemosaic.com\/fr\/wp-json\/wp\/v2\/product"}],"about":[{"href":"https:\/\/olemosaic.com\/fr\/wp-json\/wp\/v2\/types\/product"}],"wp:featuredmedia":[{"embeddable":true,"href":"https:\/\/olemosaic.com\/fr\/wp-json\/wp\/v2\/media\/11779"}],"wp:attachment":[{"href":"https:\/\/olemosaic.com\/fr\/wp-json\/wp\/v2\/media?parent=26426"}],"wp:term":[{"taxonomy":"product_brand","embeddable":true,"href":"https:\/\/olemosaic.com\/fr\/wp-json\/wp\/v2\/product_brand?post=26426"},{"taxonomy":"product_cat","embeddable":true,"href":"https:\/\/olemosaic.com\/fr\/wp-json\/wp\/v2\/product_cat?post=26426"},{"taxonomy":"product_tag","embeddable":true,"href":"https:\/\/olemosaic.com\/fr\/wp-json\/wp\/v2\/product_tag?post=26426"}],"curies":[{"name":"wp","href":"https:\/\/api.w.org\/{rel}","templated":true}]}}