{"id":26425,"date":"2025-02-20T22:28:22","date_gmt":"2025-02-20T22:28:22","guid":{"rendered":"http:\/\/olemosaic.com\/producto\/bol-de-coco-rojo-delfin-gran-canaria\/"},"modified":"2025-07-25T20:15:13","modified_gmt":"2025-07-25T18:15:13","slug":"bol-en-noix-de-coco-rouge-dauphin-grande-canarie","status":"publish","type":"product","link":"https:\/\/olemosaic.com\/fr\/produit\/bol-en-noix-de-coco-rouge-dauphin-grande-canarie\/","title":{"rendered":"Bol en noix de coco rouge. Dauphin. Grande Canarie."},"content":{"rendered":"<p>D\u00e9couvrez notre bol exclusif en noix de coco rouge d\u00e9cor\u00e9 de motifs de dauphins, un authentique souvenir de Grande Canarie qui encapsule la beaut\u00e9 marine des \u00eeles Canaries. Ce bol vibrant pr\u00e9sente une base noire sur laquelle se d\u00e9ploient des c\u0153urs rouges et une repr\u00e9sentation \u00e9l\u00e9gante de deux dauphins, symbolisant l&rsquo;harmonie et la joie de l&rsquo;oc\u00e9an. Chaque d\u00e9tail du design a \u00e9t\u00e9 m\u00e9ticuleusement cr\u00e9\u00e9 \u00e0 la main, garantissant que chaque pi\u00e8ce soit unique et refl\u00e8te le riche h\u00e9ritage culturel canarien.<\/p>\n<p>La finition brillante et les couleurs contrast\u00e9es font de ce bol un \u00e9l\u00e9ment d\u00e9coratif extr\u00eamement attrayant qui peut servir aussi bien de r\u00e9cipient pour ap\u00e9ritifs que de pi\u00e8ce ma\u00eetresse dans la d\u00e9coration de n&rsquo;importe quel espace. Son influence marine ne met pas seulement en valeur l&rsquo;environnement idyllique de Grande Canarie, mais invite \u00e9galement \u00e0 \u00e9voquer des souvenirs de ses eaux cristallines et de sa vie marine exub\u00e9rante.<\/p>\n<p>Chez Ol\u00e9 Mosaic, nous nous consacrons \u00e0 offrir des souvenirs authentiques qui capturent l&rsquo;essence des traditions locales. Ce bol en noix de coco est une option id\u00e9ale pour les boutiques de cadeaux touristiques \u00e0 la recherche de produits mettant en valeur la culture canarienne et la beaut\u00e9 de ses paysages. En tant que grossiste d&rsquo;articles artisanaux, nous garantissons que chaque produit repr\u00e9sente l&rsquo;authenticit\u00e9 et le charme de son origine, devenant un souvenir inoubliable pour les visiteurs.<\/p>\n","protected":false},"excerpt":{"rendered":"<p>Bol en noix de coco rouge d\u00e9cor\u00e9 de motifs de dauphins, repr\u00e9sentant la beaut\u00e9 marine de Grande Canarie. Ce bol vibrant pr\u00e9sente une base noire orn\u00e9e de c\u0153urs rouges et de deux dauphins dans un design central \u00e9l\u00e9gant, cr\u00e9ant un attrait visuel. Fabriqu\u00e9 de mani\u00e8re artisanale, il est id\u00e9al comme pi\u00e8ce d\u00e9corative ou pour servir des ap\u00e9ritifs, apportant une touche de couleur et de culture canarienne \u00e0 n&rsquo;importe quel espace.<\/p>\n","protected":false},"featured_media":10260,"template":"","meta":{"_acf_changed":false},"product_brand":[],"product_cat":[521],"product_tag":[530],"class_list":{"0":"post-26425","1":"product","2":"type-product","3":"status-publish","4":"has-post-thumbnail","6":"product_cat-bols","7":"product_tag-animaux","8":"pa_ciudad-gran-canaria","9":"pa_motivo-dauphins","10":"pa_pais-espana","12":"first","13":"instock","14":"shipping-taxable","15":"product-type-simple"},"acf":[],"_links":{"self":[{"href":"https:\/\/olemosaic.com\/fr\/wp-json\/wp\/v2\/product\/26425","targetHints":{"allow":["GET"]}}],"collection":[{"href":"https:\/\/olemosaic.com\/fr\/wp-json\/wp\/v2\/product"}],"about":[{"href":"https:\/\/olemosaic.com\/fr\/wp-json\/wp\/v2\/types\/product"}],"wp:featuredmedia":[{"embeddable":true,"href":"https:\/\/olemosaic.com\/fr\/wp-json\/wp\/v2\/media\/10260"}],"wp:attachment":[{"href":"https:\/\/olemosaic.com\/fr\/wp-json\/wp\/v2\/media?parent=26425"}],"wp:term":[{"taxonomy":"product_brand","embeddable":true,"href":"https:\/\/olemosaic.com\/fr\/wp-json\/wp\/v2\/product_brand?post=26425"},{"taxonomy":"product_cat","embeddable":true,"href":"https:\/\/olemosaic.com\/fr\/wp-json\/wp\/v2\/product_cat?post=26425"},{"taxonomy":"product_tag","embeddable":true,"href":"https:\/\/olemosaic.com\/fr\/wp-json\/wp\/v2\/product_tag?post=26425"}],"curies":[{"name":"wp","href":"https:\/\/api.w.org\/{rel}","templated":true}]}}