{"id":26423,"date":"2025-02-20T23:28:22","date_gmt":"2025-02-20T22:28:22","guid":{"rendered":"http:\/\/olemosaic.com\/producto\/llavero-de-madera-letra-w\/"},"modified":"2025-07-25T18:35:03","modified_gmt":"2025-07-25T16:35:03","slug":"porte-cles-en-bois-lettre-w","status":"publish","type":"product","link":"https:\/\/olemosaic.com\/fr\/produit\/porte-cles-en-bois-lettre-w\/","title":{"rendered":"Porte-cl\u00e9s en bois. Lettre W."},"content":{"rendered":"<p>D\u00e9couvrez notre charmant porte-cl\u00e9s en bois en forme de la lettre W, un souvenir qui encapsule la riche tradition artistique espagnole. Ce porte-cl\u00e9s attrayant se distingue par son design vibrant de mosa\u00efques color\u00e9es, \u00e9voquant la c\u00e9ramique andalouse, c\u00e9l\u00e8bre pour sa complexit\u00e9 et sa beaut\u00e9. Avec une finition polie, les d\u00e9tails peints \u00e0 la main dans des motifs floraux et g\u00e9om\u00e9triques font ressortir les tons vifs, assurant une touche \u00e9l\u00e9gante et moderne, id\u00e9ale pour personnaliser vos cl\u00e9s ou offrir \u00e0 vos proches.<\/p>\n<p>Le porte-cl\u00e9s, \u00e9labor\u00e9 avec du bois de haute qualit\u00e9, pr\u00e9sente une forme stylis\u00e9e de la lettre W, ce qui en fait une option personnalis\u00e9e et significative pour ceux qui recherchent un souvenir unique de leur visite en Espagne. La connexion culturelle de ce produit r\u00e9side dans la tradition de la mosa\u00efque andalouse, qui a orn\u00e9 d&rsquo;importants monuments et espaces publics de la r\u00e9gion, comme le c\u00e9l\u00e8bre Alc\u00e1zar de S\u00e9ville. Ce porte-cl\u00e9s devient un symbole d&rsquo;authenticit\u00e9 et un rappel de la beaut\u00e9 de l&rsquo;art espagnol, parfait pour les touristes \u00e0 la recherche de souvenirs qui racontent des histoires.<\/p>\n<p>Chez Ol\u00e9 Mosaic, en tant que grossistes de ce type de souvenirs, nous proposons des produits artisanaux qui c\u00e9l\u00e8brent l&rsquo;h\u00e9ritage culturel de l&rsquo;Espagne, faisant de ce porte-cl\u00e9s une option parfaite pour les boutiques de cadeaux touristiques souhaitant offrir un produit distinctif et authentique.<\/p>\n","protected":false},"excerpt":{"rendered":"<p>Porte-cl\u00e9s en bois en forme de la lettre W, d\u00e9cor\u00e9 d&rsquo;un design vibrant de mosa\u00efques color\u00e9es \u00e9voquant la riche tradition artistique espagnole. Ce porte-cl\u00e9s attrayant pr\u00e9sente des d\u00e9tails peints \u00e0 la main avec une vari\u00e9t\u00e9 de motifs floraux et g\u00e9om\u00e9triques, capturant l&rsquo;essence de la c\u00e9ramique andalouse. Sa finition polie fait non seulement ressortir les couleurs vives, mais lui donne \u00e9galement une touche \u00e9l\u00e9gante et moderne, id\u00e9ale pour personnaliser vos cl\u00e9s ou comme cadeau unique.<\/p>\n","protected":false},"featured_media":9613,"template":"","meta":{"_acf_changed":false},"product_brand":[],"product_cat":[607],"product_tag":[614],"class_list":{"0":"post-26423","1":"product","2":"type-product","3":"status-publish","4":"has-post-thumbnail","6":"product_cat-porte-cles","7":"product_tag-lettres","8":"pa_motivo-lettre-w","10":"first","11":"instock","12":"shipping-taxable","13":"product-type-simple"},"acf":[],"_links":{"self":[{"href":"https:\/\/olemosaic.com\/fr\/wp-json\/wp\/v2\/product\/26423","targetHints":{"allow":["GET"]}}],"collection":[{"href":"https:\/\/olemosaic.com\/fr\/wp-json\/wp\/v2\/product"}],"about":[{"href":"https:\/\/olemosaic.com\/fr\/wp-json\/wp\/v2\/types\/product"}],"wp:featuredmedia":[{"embeddable":true,"href":"https:\/\/olemosaic.com\/fr\/wp-json\/wp\/v2\/media\/9613"}],"wp:attachment":[{"href":"https:\/\/olemosaic.com\/fr\/wp-json\/wp\/v2\/media?parent=26423"}],"wp:term":[{"taxonomy":"product_brand","embeddable":true,"href":"https:\/\/olemosaic.com\/fr\/wp-json\/wp\/v2\/product_brand?post=26423"},{"taxonomy":"product_cat","embeddable":true,"href":"https:\/\/olemosaic.com\/fr\/wp-json\/wp\/v2\/product_cat?post=26423"},{"taxonomy":"product_tag","embeddable":true,"href":"https:\/\/olemosaic.com\/fr\/wp-json\/wp\/v2\/product_tag?post=26423"}],"curies":[{"name":"wp","href":"https:\/\/api.w.org\/{rel}","templated":true}]}}