{"id":26376,"date":"2025-02-20T22:28:21","date_gmt":"2025-02-20T22:28:21","guid":{"rendered":"http:\/\/olemosaic.com\/producto\/bol-de-coco-azul-sagrada-familia-barcelona\/"},"modified":"2025-07-25T19:25:37","modified_gmt":"2025-07-25T17:25:37","slug":"bol-en-coco-bleu-sagrada-familia-barcelone","status":"publish","type":"product","link":"https:\/\/olemosaic.com\/fr\/produit\/bol-en-coco-bleu-sagrada-familia-barcelone\/","title":{"rendered":"Bol en coco bleu. Sagrada Familia. Barcelone."},"content":{"rendered":"<p>D\u00e9couvrez notre bol en coco bleu, inspir\u00e9 de l&#8217;embl\u00e9matique Sagrada Familia de Barcelone. Ce s\u00e9duisant bol artisanal pr\u00e9sente un design vibrant dans les tons bleus qui \u00e9voquent les couleurs de la M\u00e9diterran\u00e9e et les majestueuses mosa\u00efques qui caract\u00e9risent l&rsquo;\u0153uvre d&rsquo;Antoni Gaud\u00ed. Au centre, se d\u00e9tache une repr\u00e9sentation stylis\u00e9e de la Sagrada Familia, entour\u00e9e de charmants c\u0153urs qui apportent une touche de chaleur et d&rsquo;amour, id\u00e9ale pour d\u00e9corer n&rsquo;importe quel espace de la maison.<\/p>\n<p>Fabriqu\u00e9 de mani\u00e8re totalement artisanale, chaque bol est unique gr\u00e2ce \u00e0 la technique m\u00e9ticuleuse de d\u00e9coration \u00e0 la main, qui souligne l&rsquo;authenticit\u00e9 de la pi\u00e8ce. La base du bol est orn\u00e9e d&rsquo;une mosa\u00efque rappelant les d\u00e9tails architecturaux de ce monument embl\u00e9matique de Barcelone, symbole du modernisme catalan qui attire des millions de visiteurs chaque ann\u00e9e.<\/p>\n<p>Ce bol en coco est plus qu&rsquo;un simple objet d\u00e9coratif ; c&rsquo;est un authentique souvenir de Barcelone qui relie ceux qui le poss\u00e8dent \u00e0 la riche culture et au patrimoine de la r\u00e9gion. Une excellente option pour les touristes \u00e0 la recherche de souvenirs repr\u00e9sentatifs et significatifs, ce bol se distingue non seulement par sa beaut\u00e9, mais aussi par sa pertinence culturelle. Chez Ol\u00e9 Mosaic, nous nous sp\u00e9cialisons dans la distribution de souvenirs en gros, offrant des produits esth\u00e9tiquement attrayants et pleins de sens, id\u00e9aux pour les boutiques de cadeaux touristiques et les amateurs de culture.<\/p>\n","protected":false},"excerpt":{"rendered":"<p>Bol en coco bleu inspir\u00e9 de la Sagrada Familia de Barcelone. Ce bol attrayant pr\u00e9sente un design vibrant dans les tons bleus, avec une base d\u00e9cor\u00e9e de mosa\u00efques \u00e9voquant l&rsquo;\u0153uvre de Gaud\u00ed. La silhouette de la Sagrada Familia se d\u00e9tache au centre, accompagn\u00e9e de charmants c\u0153urs. Fabriqu\u00e9 de mani\u00e8re artisanale, sa technique de d\u00e9coration \u00e0 la main assure une finition unique, id\u00e9ale pour ajouter une touche distinctive \u00e0 n&rsquo;importe quel int\u00e9rieur.<\/p>\n","protected":false},"featured_media":13462,"template":"","meta":{"_acf_changed":false},"product_brand":[],"product_cat":[521],"product_tag":[],"class_list":{"0":"post-26376","1":"product","2":"type-product","3":"status-publish","4":"has-post-thumbnail","6":"product_cat-bols","7":"pa_ciudad-barcelona","8":"pa_motivo-sagrada-familia","9":"pa_pais-espana","11":"first","12":"instock","13":"shipping-taxable","14":"product-type-simple"},"acf":[],"_links":{"self":[{"href":"https:\/\/olemosaic.com\/fr\/wp-json\/wp\/v2\/product\/26376","targetHints":{"allow":["GET"]}}],"collection":[{"href":"https:\/\/olemosaic.com\/fr\/wp-json\/wp\/v2\/product"}],"about":[{"href":"https:\/\/olemosaic.com\/fr\/wp-json\/wp\/v2\/types\/product"}],"wp:featuredmedia":[{"embeddable":true,"href":"https:\/\/olemosaic.com\/fr\/wp-json\/wp\/v2\/media\/13462"}],"wp:attachment":[{"href":"https:\/\/olemosaic.com\/fr\/wp-json\/wp\/v2\/media?parent=26376"}],"wp:term":[{"taxonomy":"product_brand","embeddable":true,"href":"https:\/\/olemosaic.com\/fr\/wp-json\/wp\/v2\/product_brand?post=26376"},{"taxonomy":"product_cat","embeddable":true,"href":"https:\/\/olemosaic.com\/fr\/wp-json\/wp\/v2\/product_cat?post=26376"},{"taxonomy":"product_tag","embeddable":true,"href":"https:\/\/olemosaic.com\/fr\/wp-json\/wp\/v2\/product_tag?post=26376"}],"curies":[{"name":"wp","href":"https:\/\/api.w.org\/{rel}","templated":true}]}}