{"id":26375,"date":"2025-02-20T23:28:21","date_gmt":"2025-02-20T22:28:21","guid":{"rendered":"http:\/\/olemosaic.com\/producto\/mug-de-ceramica-toro-granada-beige\/"},"modified":"2025-07-25T20:34:23","modified_gmt":"2025-07-25T18:34:23","slug":"mug-en-ceramique-taureau-grenade-beige","status":"publish","type":"product","link":"https:\/\/olemosaic.com\/fr\/produit\/mug-en-ceramique-taureau-grenade-beige\/","title":{"rendered":"Mug en c\u00e9ramique. Taureau. Grenade. Beige."},"content":{"rendered":"<p>D\u00e9couvrez notre tasse en c\u00e9ramique au design vibrant de taureau, un mug \u00e9l\u00e9gant qui encapsule l&rsquo;essence de la culture espagnole. Cette pi\u00e8ce unique, \u00e9labor\u00e9e \u00e0 Grenade, pr\u00e9sente une finition beige qui sert de toile \u00e0 un magnifique motif en mosa\u00efque color\u00e9e, o\u00f9 se d\u00e9tache la figure puissante du taureau, symbole embl\u00e9matique de l&rsquo;h\u00e9ritage culturel et de la tradition espagnole. L&rsquo;illustration d\u00e9peint cet animal formidable dans une palette vibrante, combinant des tons de bleu, vert et rouge, apportant un air joyeux et festif \u00e0 chaque gorg\u00e9e. D\u00e9cor\u00e9e du mot \u00ab Grenade \u00bb en lettres color\u00e9es, cette tasse n&rsquo;est pas seulement un objet fonctionnel, mais aussi un rappel tangible de la riche histoire de la r\u00e9gion andalouse. Compl\u00e9t\u00e9e par une petite cuill\u00e8re assortie, elle est parfaite pour savourer vos boissons pr\u00e9f\u00e9r\u00e9es, que ce soit du caf\u00e9, du th\u00e9 ou du chocolat chaud, tout en vous d\u00e9lectant de son authenticit\u00e9. Ce souvenir de Grenade est une excellente option pour les touristes \u00e0 la recherche d&rsquo;un souvenir repr\u00e9sentatif et authentique de leur voyage, ainsi qu&rsquo;un merveilleux ajout pour les boutiques de cadeaux touristiques. Chez Ol\u00e9 Mosaic, en tant que distributeurs de souvenirs en gros, nous garantissons la qualit\u00e9 et l&rsquo;originalit\u00e9 de cette tasse en c\u00e9ramique, qui c\u00e9l\u00e8bre l&rsquo;h\u00e9ritage culturel de l&rsquo;Espagne.<\/p>\n","protected":false},"excerpt":{"rendered":"<p>Tasse en c\u00e9ramique au design de taureau vibrant, inspir\u00e9e de la culture espagnole et fabriqu\u00e9e \u00e0 Grenade. Cette tasse \u00e9l\u00e9gante pr\u00e9sente une finition beige avec un magnifique motif de mosa\u00efque color\u00e9e repr\u00e9sentant un taureau, soulignant sa silhouette puissante. D\u00e9cor\u00e9e du mot \u00ab\u00a0Grenade\u00a0\u00bb en lettres color\u00e9es, cette tasse comprend une cuill\u00e8re assortie, parfaite pour d\u00e9guster vos boissons avec une touche authentique de tradition.<\/p>\n","protected":false},"featured_media":6875,"template":"","meta":{"_acf_changed":false},"product_brand":[],"product_cat":[728],"product_tag":[530,585],"class_list":{"0":"post-26375","1":"product","2":"type-product","3":"status-publish","4":"has-post-thumbnail","6":"product_cat-mugs","7":"product_tag-animaux","8":"product_tag-ceramique","9":"pa_ciudad-granada","10":"pa_motivo-taureaux","11":"pa_pais-espana","13":"first","14":"instock","15":"shipping-taxable","16":"product-type-simple"},"acf":[],"_links":{"self":[{"href":"https:\/\/olemosaic.com\/fr\/wp-json\/wp\/v2\/product\/26375","targetHints":{"allow":["GET"]}}],"collection":[{"href":"https:\/\/olemosaic.com\/fr\/wp-json\/wp\/v2\/product"}],"about":[{"href":"https:\/\/olemosaic.com\/fr\/wp-json\/wp\/v2\/types\/product"}],"wp:featuredmedia":[{"embeddable":true,"href":"https:\/\/olemosaic.com\/fr\/wp-json\/wp\/v2\/media\/6875"}],"wp:attachment":[{"href":"https:\/\/olemosaic.com\/fr\/wp-json\/wp\/v2\/media?parent=26375"}],"wp:term":[{"taxonomy":"product_brand","embeddable":true,"href":"https:\/\/olemosaic.com\/fr\/wp-json\/wp\/v2\/product_brand?post=26375"},{"taxonomy":"product_cat","embeddable":true,"href":"https:\/\/olemosaic.com\/fr\/wp-json\/wp\/v2\/product_cat?post=26375"},{"taxonomy":"product_tag","embeddable":true,"href":"https:\/\/olemosaic.com\/fr\/wp-json\/wp\/v2\/product_tag?post=26375"}],"curies":[{"name":"wp","href":"https:\/\/api.w.org\/{rel}","templated":true}]}}