{"id":26374,"date":"2025-02-20T23:28:21","date_gmt":"2025-02-20T22:28:21","guid":{"rendered":"http:\/\/olemosaic.com\/producto\/jarra-de-ceramica-panoramica-madrid-beige\/"},"modified":"2025-07-25T19:16:57","modified_gmt":"2025-07-25T17:16:57","slug":"cruche-en-ceramique-panoramique-madrid-beige","status":"publish","type":"product","link":"https:\/\/olemosaic.com\/fr\/produit\/cruche-en-ceramique-panoramique-madrid-beige\/","title":{"rendered":"Cruche en c\u00e9ramique. Panoramique. Madrid. Beige."},"content":{"rendered":"<p>D\u00e9couvrez notre magnifique cruche en c\u00e9ramique de Madrid, un souvenir embl\u00e9matique qui capture l&rsquo;essence vibrante de cette ville historique. Avec un design panoramique peint \u00e0 la main, la cruche se distingue par ses tons beige et rouge, pr\u00e9sentant une repr\u00e9sentation color\u00e9e des ic\u00f4nes les plus reconnues de Madrid. D&rsquo;un c\u00f4t\u00e9, vous pourrez admirer le majestueux Arc de la Victoire, tandis que de l&rsquo;autre, des sc\u00e8nes de la vie urbaine anim\u00e9e se d\u00e9ploient sous vos yeux, refl\u00e9tant la riche culture qui d\u00e9finit la capitale espagnole.<\/p>\n<p>Cette cruche est non seulement fonctionnelle, mais aussi d\u00e9corative, avec un bord rouge qui ajoute une touche d&rsquo;\u00e9l\u00e9gance et de sophistication. Fabriqu\u00e9e selon des techniques artisanales traditionnelles, chaque cruche est unique, ce qui en fait un excellent cadeau pour ceux qui recherchent des souvenirs authentiques de leur visite \u00e0 Madrid ou pour les collectionneurs de souvenirs de la ville. Chez Ol\u00e9 Mosaic, nous nous sp\u00e9cialisons dans la distribution de souvenirs en gros, et cette cruche est un choix parfait pour les boutiques de cadeaux touristiques souhaitant proposer des produits repr\u00e9sentatifs et de qualit\u00e9. Ramenez un morceau de Madrid chez vous avec cette cruche en c\u00e9ramique exceptionnelle, v\u00e9ritable symbole des traditions et du patrimoine culturel de la ville.<\/p>\n","protected":false},"excerpt":{"rendered":"<p>Cruche en c\u00e9ramique avec une charmante vue panoramique de Madrid, mettant en valeur sa riche culture et son architecture. Cet article, dans les tons beige et rouge, pr\u00e9sente des \u00e9l\u00e9ments d\u00e9coratifs incluant des ic\u00f4nes embl\u00e9matiques de la ville, peints \u00e0 la main avec des techniques artisanales. Son design tr\u00e8s sp\u00e9cial montre des d\u00e9tails vibrants, tels que l&rsquo;Arc de la Victoire et des sc\u00e8nes de la vie urbaine, tandis que le bord rouge ajoute une touche d&rsquo;\u00e9l\u00e9gance. Id\u00e9al pour les collectionneurs et comme cadeau.<\/p>\n","protected":false},"featured_media":7529,"template":"","meta":{"_acf_changed":false},"product_brand":[],"product_cat":[632],"product_tag":[585],"class_list":{"0":"post-26374","1":"product","2":"type-product","3":"status-publish","4":"has-post-thumbnail","6":"product_cat-jugs","7":"product_tag-ceramique","8":"pa_ciudad-madrid","9":"pa_motivo-panoramas","10":"pa_pais-espana","12":"first","13":"instock","14":"shipping-taxable","15":"product-type-simple"},"acf":[],"_links":{"self":[{"href":"https:\/\/olemosaic.com\/fr\/wp-json\/wp\/v2\/product\/26374","targetHints":{"allow":["GET"]}}],"collection":[{"href":"https:\/\/olemosaic.com\/fr\/wp-json\/wp\/v2\/product"}],"about":[{"href":"https:\/\/olemosaic.com\/fr\/wp-json\/wp\/v2\/types\/product"}],"wp:featuredmedia":[{"embeddable":true,"href":"https:\/\/olemosaic.com\/fr\/wp-json\/wp\/v2\/media\/7529"}],"wp:attachment":[{"href":"https:\/\/olemosaic.com\/fr\/wp-json\/wp\/v2\/media?parent=26374"}],"wp:term":[{"taxonomy":"product_brand","embeddable":true,"href":"https:\/\/olemosaic.com\/fr\/wp-json\/wp\/v2\/product_brand?post=26374"},{"taxonomy":"product_cat","embeddable":true,"href":"https:\/\/olemosaic.com\/fr\/wp-json\/wp\/v2\/product_cat?post=26374"},{"taxonomy":"product_tag","embeddable":true,"href":"https:\/\/olemosaic.com\/fr\/wp-json\/wp\/v2\/product_tag?post=26374"}],"curies":[{"name":"wp","href":"https:\/\/api.w.org\/{rel}","templated":true}]}}