{"id":26373,"date":"2025-02-20T22:28:20","date_gmt":"2025-02-20T22:28:20","guid":{"rendered":"http:\/\/olemosaic.com\/producto\/libreta-de-80-hojas-mosaico-barcelona\/"},"modified":"2025-07-25T19:40:06","modified_gmt":"2025-07-25T17:40:06","slug":"carnet-de-80-feuilles-mosaique-barcelone","status":"publish","type":"product","link":"https:\/\/olemosaic.com\/fr\/produit\/carnet-de-80-feuilles-mosaique-barcelone\/","title":{"rendered":"Carnet de 80 feuilles. Mosa\u00efque. Barcelone."},"content":{"rendered":"<p>D\u00e9couvrez notre carnet mosa\u00efque de Barcelone, un hommage \u00e0 la riche tradition d\u00e9corative de cette vibrante ville catalane. Cet accessoire \u00e9l\u00e9gant dispose de 80 feuilles blanches, id\u00e9ales pour vos notes, croquis ou pens\u00e9es cr\u00e9atives. La couverture est orn\u00e9e d&rsquo;un motif color\u00e9 de motifs g\u00e9om\u00e9triques et floraux dans les tons bleu, rouge, jaune et blanc, \u00e9voquant la c\u00e9ramique typique de Barcelone et l&rsquo;art moderniste qui la caract\u00e9rise. La fermeture \u00e9lastique rouge apporte non seulement de la fonctionnalit\u00e9, mais souligne \u00e9galement la combinaison de couleurs, cr\u00e9ant un contraste attrayant et moderne.<\/p>\n<p>Ce souvenir repr\u00e9sente un lien culturel profond avec l&rsquo;essence de Barcelone, connue pour son architecture embl\u00e9matique et ses carreaux distinctifs qui d\u00e9corent nombre de ses b\u00e2timents embl\u00e9matiques. Chaque fois que vous utiliserez ce carnet, vous vous rappellerez l&rsquo;esprit de la ville et son h\u00e9ritage artistique unique.<\/p>\n<p>Parfait pour les touristes et les amateurs de culture, ce carnet mosa\u00efque est une excellente option pour ceux qui recherchent des souvenirs de Barcelone authentiques et significatifs. Chez Ol\u00e9 Mosaic, en tant que grossistes en papeterie, nous proposons des produits uniques qui capturent la beaut\u00e9 et la tradition locales, adapt\u00e9s aux boutiques de cadeaux touristiques. Ne manquez pas l&rsquo;occasion d&rsquo;offrir \u00e0 vos clients ce souvenir repr\u00e9sentatif de Barcelone qui allie fonctionnalit\u00e9 et esth\u00e9tique culturelle.<\/p>\n","protected":false},"excerpt":{"rendered":"<p>Carnet de 80 feuilles avec un design en mosa\u00efque qui rend hommage \u00e0 la riche tradition d\u00e9corative de Barcelone. Il pr\u00e9sente une combinaison color\u00e9e de motifs g\u00e9om\u00e9triques et floraux dans les tons bleu, rouge, jaune et blanc, \u00e9voquant la c\u00e9ramique typique de la ville. Avec une fermeture \u00e9lastique rouge, ce carnet est id\u00e9al pour les notes ou les croquis, refl\u00e9tant l&rsquo;essence vibrante de l&rsquo;art moderniste catalan sur chaque page.<\/p>\n","protected":false},"featured_media":9175,"template":"","meta":{"_acf_changed":false},"product_brand":[],"product_cat":[806],"product_tag":[],"class_list":{"0":"post-26373","1":"product","2":"type-product","3":"status-publish","4":"has-post-thumbnail","6":"product_cat-carnets","7":"pa_ciudad-barcelona","8":"pa_motivo-mosaique","9":"pa_pais-espana","11":"first","12":"instock","13":"shipping-taxable","14":"product-type-simple"},"acf":[],"_links":{"self":[{"href":"https:\/\/olemosaic.com\/fr\/wp-json\/wp\/v2\/product\/26373","targetHints":{"allow":["GET"]}}],"collection":[{"href":"https:\/\/olemosaic.com\/fr\/wp-json\/wp\/v2\/product"}],"about":[{"href":"https:\/\/olemosaic.com\/fr\/wp-json\/wp\/v2\/types\/product"}],"wp:featuredmedia":[{"embeddable":true,"href":"https:\/\/olemosaic.com\/fr\/wp-json\/wp\/v2\/media\/9175"}],"wp:attachment":[{"href":"https:\/\/olemosaic.com\/fr\/wp-json\/wp\/v2\/media?parent=26373"}],"wp:term":[{"taxonomy":"product_brand","embeddable":true,"href":"https:\/\/olemosaic.com\/fr\/wp-json\/wp\/v2\/product_brand?post=26373"},{"taxonomy":"product_cat","embeddable":true,"href":"https:\/\/olemosaic.com\/fr\/wp-json\/wp\/v2\/product_cat?post=26373"},{"taxonomy":"product_tag","embeddable":true,"href":"https:\/\/olemosaic.com\/fr\/wp-json\/wp\/v2\/product_tag?post=26373"}],"curies":[{"name":"wp","href":"https:\/\/api.w.org\/{rel}","templated":true}]}}