{"id":26362,"date":"2025-02-20T22:28:20","date_gmt":"2025-02-20T22:28:20","guid":{"rendered":"http:\/\/olemosaic.com\/producto\/libreta-de-80-hojas-salamandra-barcelona\/"},"modified":"2025-07-26T00:13:31","modified_gmt":"2025-07-25T22:13:31","slug":"carnet-de-80-feuilles-salamandre-barcelone","status":"publish","type":"product","link":"https:\/\/olemosaic.com\/fr\/produit\/carnet-de-80-feuilles-salamandre-barcelone\/","title":{"rendered":"Carnet de 80 feuilles. Salamandre. Barcelone."},"content":{"rendered":"<p>D\u00e9couvrez notre carnet de 80 feuilles, un joyau de cr\u00e9ativit\u00e9 inspir\u00e9 par l&#8217;embl\u00e9matique salamandre qui orne l&rsquo;architecture de Gaud\u00ed \u00e0 Barcelone. Ce design color\u00e9 pr\u00e9sente la figure centrale de la salamandre dans un style mosa\u00efque vibrant, \u00e9mulant les \u0153uvres merveilleuses de l&rsquo;un des plus grands artistes de la ville. La surface du carnet pr\u00e9sente un fond sombre qui souligne la beaut\u00e9 des fleurs multicolores entourant la salamandre, cr\u00e9ant un contraste captivant qui attire le regard. Avec une fermeture \u00e9lastique pratique d&rsquo;un rouge \u00e9clatant, ce carnet n&rsquo;est pas seulement id\u00e9al pour prendre des notes ou r\u00e9aliser des croquis, mais il devient \u00e9galement un souvenir repr\u00e9sentatif de la culture artistique de Barcelone.<\/p>\n<p>La salamandre, que l&rsquo;on trouve dans le c\u00e9l\u00e8bre Park G\u00fcell, symbolise l&rsquo;innovation et l&rsquo;ing\u00e9niosit\u00e9 de la ville, faisant de ce carnet un souvenir authentique pour ceux qui souhaitent emporter une partie de cette magie catalane. Chez Ol\u00e9 Mosaic, nous sommes fiers de proposer des produits qui c\u00e9l\u00e8brent la richesse du patrimoine espagnol. Ce carnet n&rsquo;est pas seulement un excellent article pour les touristes \u00e0 la recherche de souvenirs uniques de Barcelone, mais aussi une option de choix pour les boutiques de cadeaux touristiques souhaitant disposer d&rsquo;un produit de qualit\u00e9 avec un fort attrait culturel.<\/p>\n","protected":false},"excerpt":{"rendered":"<p>Carnet de 80 feuilles avec un design color\u00e9 inspir\u00e9 de la salamandre, repr\u00e9sent\u00e9e dans un style mosa\u00efque \u00e9voquant l&rsquo;\u0153uvre c\u00e9l\u00e8bre de Gaud\u00ed \u00e0 Barcelone. Avec une couverture sombre et une fermeture \u00e9lastique rouge, il pr\u00e9sente un fond vibrant orn\u00e9 de fleurs multicolores contrastant avec la figure centrale de la salamandre. Id\u00e9al pour les notes ou les croquis, ce carnet capture l&rsquo;essence artistique de la ville.<\/p>\n","protected":false},"featured_media":11648,"template":"","meta":{"_acf_changed":false},"product_brand":[],"product_cat":[806],"product_tag":[530],"class_list":{"0":"post-26362","1":"product","2":"type-product","3":"status-publish","4":"has-post-thumbnail","6":"product_cat-carnets","7":"product_tag-animaux","8":"pa_ciudad-barcelona","9":"pa_motivo-salamandres","10":"pa_pais-espana","12":"first","13":"instock","14":"shipping-taxable","15":"product-type-simple"},"acf":[],"_links":{"self":[{"href":"https:\/\/olemosaic.com\/fr\/wp-json\/wp\/v2\/product\/26362","targetHints":{"allow":["GET"]}}],"collection":[{"href":"https:\/\/olemosaic.com\/fr\/wp-json\/wp\/v2\/product"}],"about":[{"href":"https:\/\/olemosaic.com\/fr\/wp-json\/wp\/v2\/types\/product"}],"wp:featuredmedia":[{"embeddable":true,"href":"https:\/\/olemosaic.com\/fr\/wp-json\/wp\/v2\/media\/11648"}],"wp:attachment":[{"href":"https:\/\/olemosaic.com\/fr\/wp-json\/wp\/v2\/media?parent=26362"}],"wp:term":[{"taxonomy":"product_brand","embeddable":true,"href":"https:\/\/olemosaic.com\/fr\/wp-json\/wp\/v2\/product_brand?post=26362"},{"taxonomy":"product_cat","embeddable":true,"href":"https:\/\/olemosaic.com\/fr\/wp-json\/wp\/v2\/product_cat?post=26362"},{"taxonomy":"product_tag","embeddable":true,"href":"https:\/\/olemosaic.com\/fr\/wp-json\/wp\/v2\/product_tag?post=26362"}],"curies":[{"name":"wp","href":"https:\/\/api.w.org\/{rel}","templated":true}]}}