{"id":26361,"date":"2025-02-20T22:28:20","date_gmt":"2025-02-20T22:28:20","guid":{"rendered":"http:\/\/olemosaic.com\/producto\/libreta-de-80-hojas-patio\/"},"modified":"2025-07-25T18:37:14","modified_gmt":"2025-07-25T16:37:14","slug":"carnet-de-80-feuilles-patio","status":"publish","type":"product","link":"https:\/\/olemosaic.com\/fr\/produit\/carnet-de-80-feuilles-patio\/","title":{"rendered":"Carnet de 80 feuilles. Patio."},"content":{"rendered":"<p>D\u00e9couvrez notre carnet de 80 feuilles, un charmant souvenir qui capture l&rsquo;essence vibrante du folklore espagnol \u00e0 travers son design captivant. La couverture pr\u00e9sente l&rsquo;illustration d&rsquo;un patio espagnol anim\u00e9, orn\u00e9 de fleurs rouges \u00e9voquant la chaleur du climat m\u00e9diterran\u00e9en. Le design met en sc\u00e8ne une danseuse de flamenco, qui captive les spectateurs avec une \u00e9l\u00e9gante robe \u00e0 pois rouges et un \u00e9ventail soigneusement plac\u00e9 dans sa main. \u00c0 ses c\u00f4t\u00e9s, un danseur compl\u00e8te la sc\u00e8ne par un geste joyeux, cr\u00e9ant une ambiance festive qui repr\u00e9sente la riche culture espagnole.<\/p>\n<p>Avec un fond jaune vibrant, ce carnet n&rsquo;est pas seulement id\u00e9al pour prendre des notes ou faire des croquis, mais c&rsquo;est aussi un souvenir repr\u00e9sentatif de l&rsquo;Espagne, parfait pour les touristes et les amateurs d&rsquo;art. Ses 80 feuilles offrent suffisamment d&rsquo;espace pour consigner des pens\u00e9es, des sch\u00e9mas ou des souvenirs, tandis que l&rsquo;attrait visuel de sa couverture transforme chaque utilisation en une exp\u00e9rience agr\u00e9able. Chaque fois qu&rsquo;il sera utilis\u00e9, il transportera l&rsquo;utilisateur dans un patio espagnol ensoleill\u00e9, plein de vie et de joie. Cet article est une excellente option pour les boutiques de cadeaux touristiques recherchant des souvenirs authentiques refl\u00e9tant l&rsquo;esprit espagnol. Chez Ol\u00e9 Mosaic, en tant que grossiste de souvenirs, nous garantissons des produits uniques et pertinents qui c\u00e9l\u00e8brent la culture de l&rsquo;Espagne.<\/p>\n","protected":false},"excerpt":{"rendered":"<p>Carnet de 80 feuilles avec une illustration d&rsquo;un patio espagnol anim\u00e9. Sur la couverture, une danseuse de flamenco en robe \u00e0 pois rouges, accompagn\u00e9e d&rsquo;un \u00e9ventail, pose \u00e0 c\u00f4t\u00e9 d&rsquo;un danseur dans une ambiance festive. Le fond jaune vibrant et les d\u00e9tails floraux rouges capturent l&rsquo;essence du folklore espagnol. Ce carnet, id\u00e9al pour les notes ou les croquis, allie un design attrayant \u00e0 la fonctionnalit\u00e9.<\/p>\n","protected":false},"featured_media":12019,"template":"","meta":{"_acf_changed":false},"product_brand":[],"product_cat":[806],"product_tag":[],"class_list":{"0":"post-26361","1":"product","2":"type-product","3":"status-publish","4":"has-post-thumbnail","6":"product_cat-carnets","7":"pa_motivo-cours-interieures","9":"first","10":"instock","11":"shipping-taxable","12":"product-type-simple"},"acf":[],"_links":{"self":[{"href":"https:\/\/olemosaic.com\/fr\/wp-json\/wp\/v2\/product\/26361","targetHints":{"allow":["GET"]}}],"collection":[{"href":"https:\/\/olemosaic.com\/fr\/wp-json\/wp\/v2\/product"}],"about":[{"href":"https:\/\/olemosaic.com\/fr\/wp-json\/wp\/v2\/types\/product"}],"wp:featuredmedia":[{"embeddable":true,"href":"https:\/\/olemosaic.com\/fr\/wp-json\/wp\/v2\/media\/12019"}],"wp:attachment":[{"href":"https:\/\/olemosaic.com\/fr\/wp-json\/wp\/v2\/media?parent=26361"}],"wp:term":[{"taxonomy":"product_brand","embeddable":true,"href":"https:\/\/olemosaic.com\/fr\/wp-json\/wp\/v2\/product_brand?post=26361"},{"taxonomy":"product_cat","embeddable":true,"href":"https:\/\/olemosaic.com\/fr\/wp-json\/wp\/v2\/product_cat?post=26361"},{"taxonomy":"product_tag","embeddable":true,"href":"https:\/\/olemosaic.com\/fr\/wp-json\/wp\/v2\/product_tag?post=26361"}],"curies":[{"name":"wp","href":"https:\/\/api.w.org\/{rel}","templated":true}]}}