{"id":26360,"date":"2025-02-20T23:28:20","date_gmt":"2025-02-20T22:28:20","guid":{"rendered":"http:\/\/olemosaic.com\/producto\/libreta-de-80-hojas-panoramica-barcelona-2\/"},"modified":"2025-07-25T18:37:18","modified_gmt":"2025-07-25T16:37:18","slug":"carnet-de-80-feuilles-panoramique-barcelone-2","status":"publish","type":"product","link":"https:\/\/olemosaic.com\/fr\/produit\/carnet-de-80-feuilles-panoramique-barcelone-2\/","title":{"rendered":"Carnet de 80 feuilles. Panoramique. Park G\u00fcell. Barcelone."},"content":{"rendered":"<p>D\u00e9couvrez notre carnet de 80 feuilles avec une vue panoramique vibrante de Barcelone, le souvenir parfait pour ceux qui souhaitent se souvenir de leur visite dans cette ville magique. Son magnifique design met en avant l&#8217;embl\u00e9matique Sagrada Familia et l&rsquo;architecture singuli\u00e8re du Parc G\u00fcell, refl\u00e9tant l&rsquo;essence artistique du c\u00e9l\u00e8bre architecte Antoni Gaud\u00ed. Le carnet pr\u00e9sente une mosa\u00efque spectaculaire dans des tons de bleu, jaune et orange qui rappellent les carreaux color\u00e9s ornant les monuments de la ville, rendant hommage au riche h\u00e9ritage culturel de la Catalogne.<\/p>\n<p>Avec un \u00e9lastique rouge pratique pour une fermeture s\u00e9curis\u00e9e, ce carnet est id\u00e9al pour transporter vos notes, dessins ou souvenirs de vos aventures \u00e0 Barcelone, devenant ainsi un objet fonctionnel et d\u00e9coratif. Chaque page offre une toile parfaite pour capturer vos pens\u00e9es, ce qui en fait un compagnon id\u00e9al pour les touristes, les \u00e9tudiants ou les artistes.<\/p>\n<p>Chez Ol\u00e9 Mosaic, nous sommes fiers de proposer des souvenirs authentiques qui c\u00e9l\u00e8brent la richesse culturelle de l&rsquo;Espagne. Ce carnet de Barcelone est une excellente option pour les boutiques de cadeaux touristiques recherchant des produits de caract\u00e8re avec une connexion locale. En tant que distributeurs d&rsquo;articles artisanaux, nous garantissons que chaque pi\u00e8ce refl\u00e8te l&rsquo;authenticit\u00e9 et l&rsquo;esprit vibrant de la ville, faisant de ce souvenir un rappel inestimable de vos moments \u00e0 Barcelone.<\/p>\n","protected":false},"excerpt":{"rendered":"<p>Carnet de 80 feuilles avec une vue panoramique vibrante de Barcelone, mettant en avant l&#8217;embl\u00e9matique Sagrada Familia et l&rsquo;architecture singuli\u00e8re et color\u00e9e du Park G\u00fcell. Son design inclut une mosa\u00efque spectaculaire dans des tons de bleu, jaune et orange, repr\u00e9sentant l&rsquo;essence artistique de Gaud\u00ed. Avec un \u00e9lastique rouge pratique pour une fermeture s\u00e9curis\u00e9e, ce carnet offre un espace id\u00e9al pour vos notes et souvenirs de cette ville magique.<\/p>\n","protected":false},"featured_media":11631,"template":"","meta":{"_acf_changed":false},"product_brand":[],"product_cat":[806],"product_tag":[],"class_list":{"0":"post-26360","1":"product","2":"type-product","3":"status-publish","4":"has-post-thumbnail","6":"product_cat-carnets","7":"pa_ciudad-barcelona","8":"pa_motivo-panoramas","9":"pa_pais-espana","11":"first","12":"instock","13":"shipping-taxable","14":"product-type-simple"},"acf":[],"_links":{"self":[{"href":"https:\/\/olemosaic.com\/fr\/wp-json\/wp\/v2\/product\/26360","targetHints":{"allow":["GET"]}}],"collection":[{"href":"https:\/\/olemosaic.com\/fr\/wp-json\/wp\/v2\/product"}],"about":[{"href":"https:\/\/olemosaic.com\/fr\/wp-json\/wp\/v2\/types\/product"}],"wp:featuredmedia":[{"embeddable":true,"href":"https:\/\/olemosaic.com\/fr\/wp-json\/wp\/v2\/media\/11631"}],"wp:attachment":[{"href":"https:\/\/olemosaic.com\/fr\/wp-json\/wp\/v2\/media?parent=26360"}],"wp:term":[{"taxonomy":"product_brand","embeddable":true,"href":"https:\/\/olemosaic.com\/fr\/wp-json\/wp\/v2\/product_brand?post=26360"},{"taxonomy":"product_cat","embeddable":true,"href":"https:\/\/olemosaic.com\/fr\/wp-json\/wp\/v2\/product_cat?post=26360"},{"taxonomy":"product_tag","embeddable":true,"href":"https:\/\/olemosaic.com\/fr\/wp-json\/wp\/v2\/product_tag?post=26360"}],"curies":[{"name":"wp","href":"https:\/\/api.w.org\/{rel}","templated":true}]}}