{"id":26359,"date":"2025-02-20T23:28:20","date_gmt":"2025-02-20T22:28:20","guid":{"rendered":"http:\/\/olemosaic.com\/producto\/libreta-de-80-hojas-panoramica-barcelona\/"},"modified":"2025-07-25T18:40:12","modified_gmt":"2025-07-25T16:40:12","slug":"carnet-de-80-feuilles-panoramique-barcelone","status":"publish","type":"product","link":"https:\/\/olemosaic.com\/fr\/produit\/carnet-de-80-feuilles-panoramique-barcelone\/","title":{"rendered":"Carnet de 80 feuilles. Panoramique. Barcelone."},"content":{"rendered":"<p>D\u00e9couvrez notre carnet de 80 feuilles avec une vue panoramique color\u00e9e de Barcelone, un authentique souvenir qui capture l&rsquo;essence vibrante de la cit\u00e9 comtale. Ce design spectaculaire pr\u00e9sente l&#8217;embl\u00e9matique Sagrada Familia, entour\u00e9e d&rsquo;autres \u00e9l\u00e9ments architecturaux symbolisant la cr\u00e9ativit\u00e9 et le modernisme catalan. Inspir\u00e9 par le c\u00e9l\u00e8bre trencad\u00eds de Gaud\u00ed, le carnet d\u00e9ploie un festin visuel de couleurs \u00e9clatantes comme le rouge, l&rsquo;orange et le bleu, cr\u00e9ant un effet dynamique et attrayant qui souligne la singularit\u00e9 de Barcelone. La couverture rigide prot\u00e8ge les pages int\u00e9rieures, tandis que l&rsquo;\u00e9lastique rouge pratique garantit que vos notes ou croquis restent en s\u00e9curit\u00e9. Id\u00e9al pour les touristes comme pour les locaux, ce carnet est le compagnon id\u00e9al pour emporter un morceau de Barcelone avec vous. Avec son design tr\u00e8s sp\u00e9cial, c&rsquo;est un cadeau parfait et un souvenir repr\u00e9sentatif qui \u00e9voque le riche patrimoine culturel de la ville. Chez Ol\u00e9 Mosaic, nous sommes des distributeurs de souvenirs c\u00e9l\u00e9brant l&rsquo;authenticit\u00e9 et l&rsquo;artisanat, et ce carnet est un ajout id\u00e9al pour les boutiques de cadeaux touristiques cherchant \u00e0 offrir des produits porteurs de sens et de qualit\u00e9.<\/p>\n","protected":false},"excerpt":{"rendered":"<p>Carnet de 80 feuilles avec une vue panoramique color\u00e9e de Barcelone, mettant en avant la c\u00e9l\u00e8bre Sagrada Familia et d&rsquo;autres \u00e9l\u00e9ments architecturaux embl\u00e9matiques. Le design, inspir\u00e9 du style trencad\u00eds, pr\u00e9sente une utilisation vibrante de couleurs comme le rouge, l&rsquo;orange et le bleu, cr\u00e9ant un effet visuel attrayant. Ce carnet, parfait pour les notes ou les croquis, dispose d&rsquo;une couverture rigide et d&rsquo;un \u00e9lastique rouge pour la fermeture. Id\u00e9al pour toujours avoir un morceau de Barcelone avec soi.<\/p>\n","protected":false},"featured_media":12007,"template":"","meta":{"_acf_changed":false},"product_brand":[],"product_cat":[806],"product_tag":[],"class_list":{"0":"post-26359","1":"product","2":"type-product","3":"status-publish","4":"has-post-thumbnail","6":"product_cat-carnets","7":"pa_ciudad-barcelona","8":"pa_motivo-panoramas","9":"pa_pais-espana","11":"first","12":"instock","13":"shipping-taxable","14":"product-type-simple"},"acf":[],"_links":{"self":[{"href":"https:\/\/olemosaic.com\/fr\/wp-json\/wp\/v2\/product\/26359","targetHints":{"allow":["GET"]}}],"collection":[{"href":"https:\/\/olemosaic.com\/fr\/wp-json\/wp\/v2\/product"}],"about":[{"href":"https:\/\/olemosaic.com\/fr\/wp-json\/wp\/v2\/types\/product"}],"wp:featuredmedia":[{"embeddable":true,"href":"https:\/\/olemosaic.com\/fr\/wp-json\/wp\/v2\/media\/12007"}],"wp:attachment":[{"href":"https:\/\/olemosaic.com\/fr\/wp-json\/wp\/v2\/media?parent=26359"}],"wp:term":[{"taxonomy":"product_brand","embeddable":true,"href":"https:\/\/olemosaic.com\/fr\/wp-json\/wp\/v2\/product_brand?post=26359"},{"taxonomy":"product_cat","embeddable":true,"href":"https:\/\/olemosaic.com\/fr\/wp-json\/wp\/v2\/product_cat?post=26359"},{"taxonomy":"product_tag","embeddable":true,"href":"https:\/\/olemosaic.com\/fr\/wp-json\/wp\/v2\/product_tag?post=26359"}],"curies":[{"name":"wp","href":"https:\/\/api.w.org\/{rel}","templated":true}]}}