{"id":26358,"date":"2025-02-20T22:28:20","date_gmt":"2025-02-20T22:28:20","guid":{"rendered":"http:\/\/olemosaic.com\/producto\/libreta-de-80-hojas-gato\/"},"modified":"2025-07-25T18:37:12","modified_gmt":"2025-07-25T16:37:12","slug":"carnet-de-80-feuilles-chat","status":"publish","type":"product","link":"https:\/\/olemosaic.com\/fr\/produit\/carnet-de-80-feuilles-chat\/","title":{"rendered":"Carnet de 80 feuilles. Chat."},"content":{"rendered":"<p>D\u00e9couvrez notre carnet de 80 feuilles au design vibrant de chat, parfait pour les amoureux des animaux et de l&rsquo;art. Ce carnet se distingue par sa couverture color\u00e9e, qui pr\u00e9sente une impressionnante illustration en mosa\u00efque d&rsquo;un chat. L&rsquo;image, un m\u00e9lange de tons vifs de vert, bleu, rouge et jaune, attire l&rsquo;attention et ajoute une touche artistique \u00e0 n&rsquo;importe quel espace. Le chat, con\u00e7u avec une technique \u00e9voquant la tradition de la mosa\u00efque, semble prendre vie sur un fond blanc qui souligne sa beaut\u00e9, tandis que de d\u00e9licats papillons color\u00e9s ajoutent un air enjou\u00e9 et joyeux.<\/p>\n<p>\u00c9quip\u00e9 d&rsquo;une fermeture \u00e9lastique rouge pratique, ce carnet garantit que toutes vos notes et dessins restent prot\u00e9g\u00e9s et ordonn\u00e9s. Id\u00e9al aussi bien pour un usage quotidien que pour des occasions sp\u00e9ciales, c&rsquo;est un cadeau original qui fera sourire celui qui le recevra. Ce carnet n&rsquo;est pas seulement fonctionnel, il agit \u00e9galement comme un souvenir repr\u00e9sentatif de la riche tradition artistique espagnole, \u00e9voquant l&rsquo;esprit cr\u00e9atif qui caract\u00e9rise notre culture.<\/p>\n<p>Chez Ol\u00e9 Mosaic, nous sommes des distributeurs de souvenirs en gros et ce carnet de chat est une excellente option pour les boutiques de cadeaux touristiques cherchant \u00e0 proposer des produits authentiques et pertinents. Ne manquez pas l&rsquo;occasion d&rsquo;int\u00e9grer ce charmant souvenir \u00e0 votre s\u00e9lection ; c&rsquo;est le cadeau parfait pour ceux qui recherchent un morceau d&rsquo;art et de culture dans leur quotidien.<\/p>\n","protected":false},"excerpt":{"rendered":"<p>Carnet de 80 feuilles avec un design color\u00e9 de chat, id\u00e9al pour les amoureux des animaux et de l&rsquo;art. La couverture pr\u00e9sente une illustration vibrante d&rsquo;un chat en mosa\u00efque, avec des tons brillants de vert, bleu, rouge et jaune, encadr\u00e9e par un fond blanc avec des d\u00e9tails de papillons. Une fermeture \u00e9lastique rouge pratique assure la protection de vos notes. Parfait pour un usage quotidien ou comme cadeau original.<\/p>\n","protected":false},"featured_media":11649,"template":"","meta":{"_acf_changed":false},"product_brand":[],"product_cat":[806],"product_tag":[530],"class_list":{"0":"post-26358","1":"product","2":"type-product","3":"status-publish","4":"has-post-thumbnail","6":"product_cat-carnets","7":"product_tag-animaux","8":"pa_motivo-chats","10":"first","11":"instock","12":"shipping-taxable","13":"product-type-simple"},"acf":[],"_links":{"self":[{"href":"https:\/\/olemosaic.com\/fr\/wp-json\/wp\/v2\/product\/26358","targetHints":{"allow":["GET"]}}],"collection":[{"href":"https:\/\/olemosaic.com\/fr\/wp-json\/wp\/v2\/product"}],"about":[{"href":"https:\/\/olemosaic.com\/fr\/wp-json\/wp\/v2\/types\/product"}],"wp:featuredmedia":[{"embeddable":true,"href":"https:\/\/olemosaic.com\/fr\/wp-json\/wp\/v2\/media\/11649"}],"wp:attachment":[{"href":"https:\/\/olemosaic.com\/fr\/wp-json\/wp\/v2\/media?parent=26358"}],"wp:term":[{"taxonomy":"product_brand","embeddable":true,"href":"https:\/\/olemosaic.com\/fr\/wp-json\/wp\/v2\/product_brand?post=26358"},{"taxonomy":"product_cat","embeddable":true,"href":"https:\/\/olemosaic.com\/fr\/wp-json\/wp\/v2\/product_cat?post=26358"},{"taxonomy":"product_tag","embeddable":true,"href":"https:\/\/olemosaic.com\/fr\/wp-json\/wp\/v2\/product_tag?post=26358"}],"curies":[{"name":"wp","href":"https:\/\/api.w.org\/{rel}","templated":true}]}}