{"id":26357,"date":"2025-02-20T22:28:20","date_gmt":"2025-02-20T22:28:20","guid":{"rendered":"http:\/\/olemosaic.com\/producto\/lata-inox-de-500-ml-gato\/"},"modified":"2025-07-25T18:38:07","modified_gmt":"2025-07-25T16:38:07","slug":"gourde-inox-de-500-ml-chat","status":"publish","type":"product","link":"https:\/\/olemosaic.com\/fr\/produit\/gourde-inox-de-500-ml-chat\/","title":{"rendered":"Gourde inox de 500 ml. Chat."},"content":{"rendered":"<p>D\u00e9couvrez notre gourde en inox de 500 ml, d\u00e9cor\u00e9e d&rsquo;un design \u00e9blouissant de chat en mosa\u00efque qui capture l&rsquo;essence de la tradition artistique espagnole. Ce souvenir unique pr\u00e9sente un fond blanc qui fait ressortir avec intensit\u00e9 les couleurs vibrantes du chat, repr\u00e9sent\u00e9 dans un m\u00e9lange de teintes incluant des rouges, des verts, des bleus et des jaunes, offrant un attrait visuel captivant. Le design est compl\u00e9t\u00e9 par de d\u00e9licats papillons dans les tons bleu et vert, qui ajoutent une touche de fra\u00eecheur et de nature \u00e0 cette pi\u00e8ce.<\/p>\n<p>Fabriqu\u00e9e en acier inoxydable, cette gourde est non seulement \u00e9l\u00e9gante, mais aussi tr\u00e8s fonctionnelle, id\u00e9ale pour garder vos boissons fra\u00eeches tout en explorant les beaut\u00e9s culturelles de la r\u00e9gion. Sa finition \u00e9l\u00e9gante, associ\u00e9e \u00e0 sa technique d&rsquo;impression de haute qualit\u00e9, garantit durabilit\u00e9 et r\u00e9sistance, en faisant un article indispensable pour tout amateur d&rsquo;art et d&rsquo;esth\u00e9tique.<\/p>\n<p>Cet article n&rsquo;est pas seulement un accessoire pratique, mais un authentique souvenir qui c\u00e9l\u00e8bre le riche h\u00e9ritage artistique de l&rsquo;Espagne. Parfait pour les touristes cherchant \u00e0 emporter un morceau de la culture espagnole, cette gourde en inox est une excellente option pour les boutiques de cadeaux touristiques souhaitant proposer des produits authentiques et repr\u00e9sentatifs. Chez Ol\u00e9 Mosaic, nous sommes fiers de distribuer des souvenirs de qualit\u00e9 qui refl\u00e8tent l&rsquo;esprit vibrant de l&rsquo;Espagne et de son art, ce qui fait de nous un leader dans la vente d&rsquo;articles de d\u00e9coration en gros.<\/p>\n","protected":false},"excerpt":{"rendered":"<p>Gourde en acier inoxydable de 500 ml d\u00e9cor\u00e9e d&rsquo;un design vibrant de chat en mosa\u00efque, inspir\u00e9 de la tradition artistique espagnole. Cet article attrayant pr\u00e9sente un fond blanc qui fait ressortir les couleurs \u00e9clatantes du chat, compl\u00e9t\u00e9 par des papillons dans les tons bleu et vert. Parfaite pour garder vos boissons fra\u00eeches, sa finition \u00e9l\u00e9gante et sa technique d&rsquo;impression garantissent durabilit\u00e9 et style, en faisant un souvenir id\u00e9al pour les amoureux de l&rsquo;art et de la nature.<\/p>\n","protected":false},"featured_media":11158,"template":"","meta":{"_acf_changed":false},"product_brand":[],"product_cat":[796],"product_tag":[530],"class_list":{"0":"post-26357","1":"product","2":"type-product","3":"status-publish","4":"has-post-thumbnail","6":"product_cat-boites-en-metal","7":"product_tag-animaux","8":"pa_motivo-chats","10":"first","11":"instock","12":"shipping-taxable","13":"product-type-simple"},"acf":[],"_links":{"self":[{"href":"https:\/\/olemosaic.com\/fr\/wp-json\/wp\/v2\/product\/26357","targetHints":{"allow":["GET"]}}],"collection":[{"href":"https:\/\/olemosaic.com\/fr\/wp-json\/wp\/v2\/product"}],"about":[{"href":"https:\/\/olemosaic.com\/fr\/wp-json\/wp\/v2\/types\/product"}],"wp:featuredmedia":[{"embeddable":true,"href":"https:\/\/olemosaic.com\/fr\/wp-json\/wp\/v2\/media\/11158"}],"wp:attachment":[{"href":"https:\/\/olemosaic.com\/fr\/wp-json\/wp\/v2\/media?parent=26357"}],"wp:term":[{"taxonomy":"product_brand","embeddable":true,"href":"https:\/\/olemosaic.com\/fr\/wp-json\/wp\/v2\/product_brand?post=26357"},{"taxonomy":"product_cat","embeddable":true,"href":"https:\/\/olemosaic.com\/fr\/wp-json\/wp\/v2\/product_cat?post=26357"},{"taxonomy":"product_tag","embeddable":true,"href":"https:\/\/olemosaic.com\/fr\/wp-json\/wp\/v2\/product_tag?post=26357"}],"curies":[{"name":"wp","href":"https:\/\/api.w.org\/{rel}","templated":true}]}}