{"id":26356,"date":"2025-02-20T22:28:19","date_gmt":"2025-02-20T22:28:19","guid":{"rendered":"http:\/\/olemosaic.com\/producto\/lata-inox-de-500-ml-salamandra\/"},"modified":"2025-07-25T20:12:57","modified_gmt":"2025-07-25T18:12:57","slug":"gourde-inox-de-500-ml-salamandre","status":"publish","type":"product","link":"https:\/\/olemosaic.com\/fr\/produit\/gourde-inox-de-500-ml-salamandre\/","title":{"rendered":"Gourde inox de 500 ml. Salamandre."},"content":{"rendered":"<p>D\u00e9couvrez notre gourde en acier inoxydable de 500 ml, d\u00e9cor\u00e9e de salamandres et de fleurs vibrantes, un hommage \u00e0 la c\u00e9l\u00e8bre mosa\u00efque de Gaud\u00ed \u00e0 Barcelone. Ce design attrayant capture l&rsquo;essence du style artistique du ma\u00eetre catalan, avec des d\u00e9tails color\u00e9s en rouge, vert et bleu qui contrastent merveilleusement sur un fond blanc \u00e9voquant la tradition du trencad\u00eds, caract\u00e9ristique de ses \u0153uvres. Les salamandres, qui repr\u00e9sentent la connexion entre la nature et l&rsquo;art, donnent vie \u00e0 la gourde, tandis que les fleurs d\u00e9licates ajoutent une touche de fra\u00eecheur. Cet article n&rsquo;est pas seulement id\u00e9al pour garder vos boissons fra\u00eeches, il devient aussi un attrait visuel qui c\u00e9l\u00e8bre le riche h\u00e9ritage culturel de Barcelone. En tant que souvenir repr\u00e9sentatif, il est parfait pour les touristes qui cherchent \u00e0 ramener chez eux un petit morceau de la capitale catalane. Chez Ol\u00e9 Mosaic, nous sommes distributeurs de souvenirs en gros, offrant des produits authentiques et de qualit\u00e9 qui exaltent la tradition espagnole. Cette gourde en acier inoxydable est une excellente option pour les boutiques de cadeaux touristiques cherchant \u00e0 proposer des articles fonctionnels et culturellement pertinents.<\/p>\n","protected":false},"excerpt":{"rendered":"<p>Gourde en acier inoxydable de 500 ml d\u00e9cor\u00e9e de salamandres et de fleurs vibrantes, inspir\u00e9e de la c\u00e9l\u00e8bre mosa\u00efque de Gaud\u00ed \u00e0 Barcelone. Le design se distingue par ses couleurs \u00e9clatantes, comme le rouge, le vert et le bleu, sur un fond blanc \u00e9voquant la tradition du trencad\u00eds. Id\u00e9al pour garder vos boissons fra\u00eeches, cet article combine fonctionnalit\u00e9 et attrait visuel c\u00e9l\u00e9brant le riche h\u00e9ritage culturel de la ville.<\/p>\n","protected":false},"featured_media":12797,"template":"","meta":{"_acf_changed":false},"product_brand":[],"product_cat":[796],"product_tag":[530],"class_list":{"0":"post-26356","1":"product","2":"type-product","3":"status-publish","4":"has-post-thumbnail","6":"product_cat-boites-en-metal","7":"product_tag-animaux","8":"pa_motivo-salamandres","10":"first","11":"instock","12":"shipping-taxable","13":"product-type-simple"},"acf":[],"_links":{"self":[{"href":"https:\/\/olemosaic.com\/fr\/wp-json\/wp\/v2\/product\/26356","targetHints":{"allow":["GET"]}}],"collection":[{"href":"https:\/\/olemosaic.com\/fr\/wp-json\/wp\/v2\/product"}],"about":[{"href":"https:\/\/olemosaic.com\/fr\/wp-json\/wp\/v2\/types\/product"}],"wp:featuredmedia":[{"embeddable":true,"href":"https:\/\/olemosaic.com\/fr\/wp-json\/wp\/v2\/media\/12797"}],"wp:attachment":[{"href":"https:\/\/olemosaic.com\/fr\/wp-json\/wp\/v2\/media?parent=26356"}],"wp:term":[{"taxonomy":"product_brand","embeddable":true,"href":"https:\/\/olemosaic.com\/fr\/wp-json\/wp\/v2\/product_brand?post=26356"},{"taxonomy":"product_cat","embeddable":true,"href":"https:\/\/olemosaic.com\/fr\/wp-json\/wp\/v2\/product_cat?post=26356"},{"taxonomy":"product_tag","embeddable":true,"href":"https:\/\/olemosaic.com\/fr\/wp-json\/wp\/v2\/product_tag?post=26356"}],"curies":[{"name":"wp","href":"https:\/\/api.w.org\/{rel}","templated":true}]}}