{"id":26355,"date":"2025-02-20T23:28:19","date_gmt":"2025-02-20T22:28:19","guid":{"rendered":"http:\/\/olemosaic.com\/producto\/huevera-de-ceramica-punt-de-trobada-beige\/"},"modified":"2025-07-25T18:36:50","modified_gmt":"2025-07-25T16:36:50","slug":"coquetier-en-ceramique-punt-de-trobada-beige","status":"publish","type":"product","link":"https:\/\/olemosaic.com\/fr\/produit\/coquetier-en-ceramique-punt-de-trobada-beige\/","title":{"rendered":"Coquetier en c\u00e9ramique. Punt de trobada. Beige"},"content":{"rendered":"<p>D\u00e9couvrez notre coquetier en c\u00e9ramique effet peint \u00e0 la main, un authentique souvenir qui capture l&rsquo;essence du folklore m\u00e9diterran\u00e9en. Ce charmant accessoire, id\u00e9al pour pr\u00e9senter des \u0153ufs \u00e0 la coque avec style, se distingue par son design attrayant dans les tons beige avec des d\u00e9tails color\u00e9s en rouge, vert, orange et bleu. La c\u00e9ramique est d\u00e9cor\u00e9e de motifs artistiques incluant des formes organiques et des traits graphiques, apportant une touche vibrante et amusante \u00e0 n&rsquo;importe quelle table.<\/p>\n<p>Le design du coquetier refl\u00e8te la riche tradition artisanale espagnole, en faisant un \u00e9l\u00e9ment qui c\u00e9l\u00e8bre la culture et la convivialit\u00e9 autour du repas. Il est parfait pour savourer un repas traditionnel espagnol, tout en \u00e9tant un \u00e9l\u00e9ment d\u00e9coratif qui embellit la maison. De plus, sa forme stylis\u00e9e et son \u00e9mail brillant garantissent sa r\u00e9sistance et sa facilit\u00e9 de nettoyage.<\/p>\n<p>Chez Ol\u00e9 Mosaic, nous sommes fiers de proposer des souvenirs authentiques, et ce coquetier est une excellente id\u00e9e pour les touristes \u00e0 la recherche d&rsquo;un souvenir repr\u00e9sentatif de leur passage en Espagne. Id\u00e9al pour les boutiques de cadeaux touristiques, ce produit n&rsquo;est pas seulement fonctionnel, il est aussi un symbole de l&rsquo;hospitalit\u00e9 et de la joie m\u00e9diterran\u00e9enne, ce qui en fait un cadeau appr\u00e9ci\u00e9 qui r\u00e9sonnera aupr\u00e8s de chaque client. En tant que grossistes en c\u00e9ramique, nous garantissons la qualit\u00e9 et le design de chaque pi\u00e8ce.<\/p>\n","protected":false},"excerpt":{"rendered":"<p>Coquetier en c\u00e9ramique au design artisanal, peint \u00e0 la main, id\u00e9al pour pr\u00e9senter des \u0153ufs \u00e0 la coque avec style. Avec un design attrayant dans les tons beige et des d\u00e9tails color\u00e9s en rouge, vert, orange et bleu, ce coquetier \u00e9voque le folklore et la culture m\u00e9diterran\u00e9enne. Ses motifs artistiques incluent des formes organiques et des traits graphiques qui apportent une touche vibrante et amusante \u00e0 la table. Parfait pour savourer un repas traditionnel espagnol, il devient \u00e9galement un charmant \u00e9l\u00e9ment d\u00e9coratif.<\/p>\n","protected":false},"featured_media":10037,"template":"","meta":{"_acf_changed":false},"product_brand":[],"product_cat":[681],"product_tag":[585],"class_list":{"0":"post-26355","1":"product","2":"type-product","3":"status-publish","4":"has-post-thumbnail","6":"product_cat-coquetiers","7":"product_tag-ceramique","8":"pa_motivo-punt-de-trobada","10":"first","11":"instock","12":"shipping-taxable","13":"product-type-simple"},"acf":[],"_links":{"self":[{"href":"https:\/\/olemosaic.com\/fr\/wp-json\/wp\/v2\/product\/26355","targetHints":{"allow":["GET"]}}],"collection":[{"href":"https:\/\/olemosaic.com\/fr\/wp-json\/wp\/v2\/product"}],"about":[{"href":"https:\/\/olemosaic.com\/fr\/wp-json\/wp\/v2\/types\/product"}],"wp:featuredmedia":[{"embeddable":true,"href":"https:\/\/olemosaic.com\/fr\/wp-json\/wp\/v2\/media\/10037"}],"wp:attachment":[{"href":"https:\/\/olemosaic.com\/fr\/wp-json\/wp\/v2\/media?parent=26355"}],"wp:term":[{"taxonomy":"product_brand","embeddable":true,"href":"https:\/\/olemosaic.com\/fr\/wp-json\/wp\/v2\/product_brand?post=26355"},{"taxonomy":"product_cat","embeddable":true,"href":"https:\/\/olemosaic.com\/fr\/wp-json\/wp\/v2\/product_cat?post=26355"},{"taxonomy":"product_tag","embeddable":true,"href":"https:\/\/olemosaic.com\/fr\/wp-json\/wp\/v2\/product_tag?post=26355"}],"curies":[{"name":"wp","href":"https:\/\/api.w.org\/{rel}","templated":true}]}}