{"id":26354,"date":"2025-02-20T22:28:19","date_gmt":"2025-02-20T22:28:19","guid":{"rendered":"http:\/\/olemosaic.com\/producto\/funda-de-telefono-para-xiaomi-11-tpu-punt-de-trobada-barcelona-blanco\/"},"modified":"2025-07-25T19:21:15","modified_gmt":"2025-07-25T17:21:15","slug":"coque-de-telephone-pour-xiaomi-11-tpu-punt-de-trobada-barcelone-blanc","status":"publish","type":"product","link":"https:\/\/olemosaic.com\/fr\/produit\/coque-de-telephone-pour-xiaomi-11-tpu-punt-de-trobada-barcelone-blanc\/","title":{"rendered":"Coque de t\u00e9l\u00e9phone pour Xiaomi 11 (TPU). Punt de trobada. Barcelone. Blanc"},"content":{"rendered":"<p>D\u00e9couvrez notre coque pour le Xiaomi 11, un v\u00e9ritable bijou inspir\u00e9 de l&#8217;embl\u00e9matique \u00ab\u00a0Punt de Trobada\u00a0\u00bb de Barcelone. Fabriqu\u00e9e en TPU de haute qualit\u00e9, cette coque allie style et protection, id\u00e9ale pour ceux qui souhaitent prendre soin de leur appareil sans renoncer \u00e0 l&rsquo;esth\u00e9tique. Son design pr\u00e9sente un fond blanc qui met en valeur une mosa\u00efque vibrante de couleurs, incluant des rouges intenses, des verts frais, des jaunes chauds et des bleus profonds, \u00e9voquant le g\u00e9nie du c\u00e9l\u00e8bre architecte Antoni Gaud\u00ed.<\/p>\n<p>Au centre, le mot \u00ab\u00a0Barcelona\u00a0\u00bb est imprim\u00e9 de mani\u00e8re \u00e9l\u00e9gante, apportant une touche locale qui fait \u00e9cho \u00e0 la riche culture et au patrimoine de la ville. Ce design offre non seulement une vue saisissante, mais rend \u00e9galement hommage \u00e0 l&rsquo;architecture unique de Barcelone, devenant un souvenir id\u00e9al pour les touristes souhaitant emporter un morceau de cette m\u00e9tropole vibrante.<\/p>\n<p>Chez Ol\u00e9 Mosaic, nous nous sp\u00e9cialisons dans la distribution de produits authentiques et de qualit\u00e9, et cette coque de t\u00e9l\u00e9phone se manifeste comme un souvenir m\u00e9morable qui capture l&rsquo;essence de Barcelone. Une excellente option pour les boutiques de cadeaux touristiques cherchant \u00e0 proposer des articles uniques et repr\u00e9sentatifs de la culture espagnole, garantissant que chaque client ait l&rsquo;opportunit\u00e9 de profiter d&rsquo;un morceau de cette ville captivante au quotidien.<\/p>\n","protected":false},"excerpt":{"rendered":"<p>Coque pour Xiaomi 11 fabriqu\u00e9e en TPU, avec un design color\u00e9 inspir\u00e9 du \u00ab\u00a0Punt de Trobada\u00a0\u00bb de Barcelone. Le fond blanc rehausse une palette de couleurs vari\u00e9es, comme les rouges, verts, jaunes et bleus, sous forme de mosa\u00efques \u00e9voquant le style du c\u00e9l\u00e8bre architecte Antoni Gaud\u00ed. Le mot \u00ab\u00a0Barcelona\u00a0\u00bb est \u00e9l\u00e9gamment imprim\u00e9, ajoutant une touche locale \u00e0 ce design contemporain. Id\u00e9al pour ceux qui recherchent protection et style.<\/p>\n","protected":false},"featured_media":12632,"template":"","meta":{"_acf_changed":false},"product_brand":[],"product_cat":[674],"product_tag":[],"class_list":{"0":"post-26354","1":"product","2":"type-product","3":"status-publish","4":"has-post-thumbnail","6":"product_cat-etuis-pour-telephones-portables","7":"pa_ciudad-barcelona","8":"pa_motivo-punt-de-trobada","9":"pa_pais-espana","11":"first","12":"instock","13":"shipping-taxable","14":"product-type-simple"},"acf":[],"_links":{"self":[{"href":"https:\/\/olemosaic.com\/fr\/wp-json\/wp\/v2\/product\/26354","targetHints":{"allow":["GET"]}}],"collection":[{"href":"https:\/\/olemosaic.com\/fr\/wp-json\/wp\/v2\/product"}],"about":[{"href":"https:\/\/olemosaic.com\/fr\/wp-json\/wp\/v2\/types\/product"}],"wp:featuredmedia":[{"embeddable":true,"href":"https:\/\/olemosaic.com\/fr\/wp-json\/wp\/v2\/media\/12632"}],"wp:attachment":[{"href":"https:\/\/olemosaic.com\/fr\/wp-json\/wp\/v2\/media?parent=26354"}],"wp:term":[{"taxonomy":"product_brand","embeddable":true,"href":"https:\/\/olemosaic.com\/fr\/wp-json\/wp\/v2\/product_brand?post=26354"},{"taxonomy":"product_cat","embeddable":true,"href":"https:\/\/olemosaic.com\/fr\/wp-json\/wp\/v2\/product_cat?post=26354"},{"taxonomy":"product_tag","embeddable":true,"href":"https:\/\/olemosaic.com\/fr\/wp-json\/wp\/v2\/product_tag?post=26354"}],"curies":[{"name":"wp","href":"https:\/\/api.w.org\/{rel}","templated":true}]}}