{"id":26353,"date":"2025-02-20T22:28:19","date_gmt":"2025-02-20T22:28:19","guid":{"rendered":"http:\/\/olemosaic.com\/producto\/funda-de-telefono-para-iphone-14-pro-tpu-gato-barcelona-negro\/"},"modified":"2025-07-25T20:30:36","modified_gmt":"2025-07-25T18:30:36","slug":"coque-de-telephone-pour-iphone-14-pro-tpu-chat-barcelone-noir","status":"publish","type":"product","link":"https:\/\/olemosaic.com\/fr\/produit\/coque-de-telephone-pour-iphone-14-pro-tpu-chat-barcelone-noir\/","title":{"rendered":"Coque de t\u00e9l\u00e9phone pour iPhone 14 Pro (TPU). Chat. Barcelone. Noir"},"content":{"rendered":"<p>D\u00e9couvrez notre coque pour iPhone 14 Pro en TPU, une pi\u00e8ce qui fusionne fonctionnalit\u00e9 et art dans un design vibrant c\u00e9l\u00e9brant l&rsquo;essence de Barcelone. Cette coque, orn\u00e9e d&rsquo;un chat frappant en mosa\u00efque, se distingue par sa palette de couleurs intenses, incluant le bleu, le vert, le rouge et le jaune, cr\u00e9ant une image joyeuse et pleine de vie. Les d\u00e9licats papillons qui volent autour apportent une touche de nature et de libert\u00e9, \u00e9voquant la riche biodiversit\u00e9 de la r\u00e9gion. La base noire ne met pas seulement en valeur le design color\u00e9, mais offre \u00e9galement une \u00e9l\u00e9gance sobre et moderne, tandis que l&rsquo;inscription \u00ab\u00a0Barcelona\u00a0\u00bb en bas renforce la connexion culturelle avec cette ville embl\u00e9matique.<\/p>\n<p>Cet accessoire ne prot\u00e8ge pas seulement votre appareil, il devient aussi un authentique souvenir de Barcelone, id\u00e9al pour ceux qui souhaitent emporter un morceau de la culture locale. L&rsquo;authenticit\u00e9 de cet article le rend parfait pour les touristes \u00e0 la recherche de souvenirs significatifs et repr\u00e9sentatifs de leur voyage. Chez Ol\u00e9 Mosaic, nous nous sp\u00e9cialisons dans la distribution de souvenirs en gros, offrant des produits qui refl\u00e8tent le riche h\u00e9ritage culturel de l&rsquo;Espagne et qui sont id\u00e9aux pour les boutiques de cadeaux touristiques. Cette coque est un choix id\u00e9al pour ceux qui recherchent la qualit\u00e9 et un cachet distinctif qui t\u00e9moigne de leur amour pour Barcelone.<\/p>\n","protected":false},"excerpt":{"rendered":"<p>Coque en TPU pour iPhone 14 Pro avec un design vibrant de chat en mosa\u00efque. Id\u00e9al pour les amoureux de Barcelone, cet accessoire pr\u00e9sente une palette de couleurs intenses avec du bleu, du vert, du rouge et du jaune, parsem\u00e9e de papillons. La base noire rehausse le motif color\u00e9, et l&rsquo;inscription \u00ab\u00a0Barcelona\u00a0\u00bb ajoute une touche distinctive et proche de la culture locale. Un compl\u00e9ment fonctionnel et artistique pour prot\u00e9ger votre appareil.<\/p>\n","protected":false},"featured_media":12387,"template":"","meta":{"_acf_changed":false},"product_brand":[],"product_cat":[674],"product_tag":[530],"class_list":{"0":"post-26353","1":"product","2":"type-product","3":"status-publish","4":"has-post-thumbnail","6":"product_cat-etuis-pour-telephones-portables","7":"product_tag-animaux","8":"pa_ciudad-barcelona","9":"pa_motivo-chats","10":"pa_pais-espana","12":"first","13":"instock","14":"shipping-taxable","15":"product-type-simple"},"acf":[],"_links":{"self":[{"href":"https:\/\/olemosaic.com\/fr\/wp-json\/wp\/v2\/product\/26353","targetHints":{"allow":["GET"]}}],"collection":[{"href":"https:\/\/olemosaic.com\/fr\/wp-json\/wp\/v2\/product"}],"about":[{"href":"https:\/\/olemosaic.com\/fr\/wp-json\/wp\/v2\/types\/product"}],"wp:featuredmedia":[{"embeddable":true,"href":"https:\/\/olemosaic.com\/fr\/wp-json\/wp\/v2\/media\/12387"}],"wp:attachment":[{"href":"https:\/\/olemosaic.com\/fr\/wp-json\/wp\/v2\/media?parent=26353"}],"wp:term":[{"taxonomy":"product_brand","embeddable":true,"href":"https:\/\/olemosaic.com\/fr\/wp-json\/wp\/v2\/product_brand?post=26353"},{"taxonomy":"product_cat","embeddable":true,"href":"https:\/\/olemosaic.com\/fr\/wp-json\/wp\/v2\/product_cat?post=26353"},{"taxonomy":"product_tag","embeddable":true,"href":"https:\/\/olemosaic.com\/fr\/wp-json\/wp\/v2\/product_tag?post=26353"}],"curies":[{"name":"wp","href":"https:\/\/api.w.org\/{rel}","templated":true}]}}