{"id":26350,"date":"2025-02-20T22:28:19","date_gmt":"2025-02-20T22:28:19","guid":{"rendered":"http:\/\/olemosaic.com\/producto\/funda-de-telefono-para-iphone-12-tpu-abstracto-verde-2\/"},"modified":"2025-07-25T20:34:21","modified_gmt":"2025-07-25T18:34:21","slug":"coque-de-telephone-pour-iphone-12-tpu-abstrait-vert-2","status":"publish","type":"product","link":"https:\/\/olemosaic.com\/fr\/produit\/coque-de-telephone-pour-iphone-12-tpu-abstrait-vert-2\/","title":{"rendered":"Coque de t\u00e9l\u00e9phone pour iPhone 12 (TPU). Abstrait. Vert"},"content":{"rendered":"<p>D\u00e9couvrez notre coque pour iPhone 12, un accessoire qui fusionne fonctionnalit\u00e9 et art en une seule pi\u00e8ce. Fabriqu\u00e9e en TPU, cette coque pr\u00e9sente un design abstrait qui \u00e9voque la riche tradition des mosa\u00efques espagnoles, capturant l&rsquo;essence esth\u00e9tique que ces \u00e9l\u00e9ments apportent \u00e0 la culture ib\u00e9rique. Son motif vibrant de couleurs vertes, bleues et tons terre cuite, inspir\u00e9 des mosa\u00efques de lieux embl\u00e9matiques d&rsquo;Espagne, offre non seulement une esth\u00e9tique visuelle dynamique, mais devient \u00e9galement un excellent souvenir pour ceux qui recherchent un morceau de cet h\u00e9ritage culturel. La finition lisse de la coque offre une protection exceptionnelle contre les chocs et les rayures, ainsi qu&rsquo;un acc\u00e8s facile et rapide \u00e0 tous les boutons et ports de l&rsquo;appareil. Ce design artistique et fonctionnel en fait un choix id\u00e9al pour les touristes et les amoureux de la culture espagnole qui souhaitent emporter un souvenir unique et repr\u00e9sentatif de leur voyage. Chez Ol\u00e9 Mosaic, en tant que grossistes d&rsquo;articles de souvenirs, nous proposons des produits authentiques qui se distinguent non seulement par leur qualit\u00e9, mais aussi par leur connexion culturelle. Cette coque de t\u00e9l\u00e9phone est une merveilleuse option pour les boutiques de cadeaux touristiques qui cherchent \u00e0 se diff\u00e9rencier avec des produits alliant art et utilit\u00e9.<\/p>\n","protected":false},"excerpt":{"rendered":"<p>Coque pour iPhone 12 fabriqu\u00e9e en TPU avec un design abstrait qui \u00e9voque l&rsquo;esth\u00e9tique des mosa\u00efques. Cette coque pr\u00e9sente un motif vibrant de couleurs vertes, bleues et tons terre cuite, cr\u00e9ant un effet visuel dynamique et attrayant. Sa finition lisse offre non seulement une excellente protection, mais permet \u00e9galement un acc\u00e8s facile aux boutons et aux ports. Id\u00e9ale pour ceux qui recherchent un accessoire fonctionnel avec une touche artistique inspir\u00e9e du folklore espagnol.<\/p>\n","protected":false},"featured_media":12223,"template":"","meta":{"_acf_changed":false},"product_brand":[],"product_cat":[674],"product_tag":[],"class_list":{"0":"post-26350","1":"product","2":"type-product","3":"status-publish","4":"has-post-thumbnail","6":"product_cat-etuis-pour-telephones-portables","7":"pa_motivo-resume","9":"first","10":"instock","11":"shipping-taxable","12":"product-type-simple"},"acf":[],"_links":{"self":[{"href":"https:\/\/olemosaic.com\/fr\/wp-json\/wp\/v2\/product\/26350","targetHints":{"allow":["GET"]}}],"collection":[{"href":"https:\/\/olemosaic.com\/fr\/wp-json\/wp\/v2\/product"}],"about":[{"href":"https:\/\/olemosaic.com\/fr\/wp-json\/wp\/v2\/types\/product"}],"wp:featuredmedia":[{"embeddable":true,"href":"https:\/\/olemosaic.com\/fr\/wp-json\/wp\/v2\/media\/12223"}],"wp:attachment":[{"href":"https:\/\/olemosaic.com\/fr\/wp-json\/wp\/v2\/media?parent=26350"}],"wp:term":[{"taxonomy":"product_brand","embeddable":true,"href":"https:\/\/olemosaic.com\/fr\/wp-json\/wp\/v2\/product_brand?post=26350"},{"taxonomy":"product_cat","embeddable":true,"href":"https:\/\/olemosaic.com\/fr\/wp-json\/wp\/v2\/product_cat?post=26350"},{"taxonomy":"product_tag","embeddable":true,"href":"https:\/\/olemosaic.com\/fr\/wp-json\/wp\/v2\/product_tag?post=26350"}],"curies":[{"name":"wp","href":"https:\/\/api.w.org\/{rel}","templated":true}]}}