{"id":26307,"date":"2025-02-20T22:28:18","date_gmt":"2025-02-20T22:28:18","guid":{"rendered":"http:\/\/olemosaic.com\/producto\/libreta-de-80-hojas-mariposas-mallorca\/"},"modified":"2025-07-25T18:37:17","modified_gmt":"2025-07-25T16:37:17","slug":"carnet-de-80-pages-papillons-majorque","status":"publish","type":"product","link":"https:\/\/olemosaic.com\/fr\/produit\/carnet-de-80-pages-papillons-majorque\/","title":{"rendered":"Carnet de 80 pages. Papillons. Majorque."},"content":{"rendered":"<p>D\u00e9couvrez notre carnet exquis d\u00e9cor\u00e9 de papillons et de fleurs frappants, un souvenir exclusif de Majorque qui capture l&rsquo;essence vibrante de la nature majorquine. Ce carnet dispose de 80 pages de haute qualit\u00e9, id\u00e9ales pour exprimer vos pens\u00e9es, id\u00e9es ou souvenirs de vos voyages. Sa couverture se distingue par un design color\u00e9 pr\u00e9sentant des papillons dans des tons brillants de rose, bleu et jaune, d\u00e9ploy\u00e9s sur un fond avec une \u00e9l\u00e9gante mosa\u00efque de couleurs, \u00e9voquant les paysages paradisiaques de l&rsquo;\u00eele.<\/p>\n<p>La fermeture \u00e9lastique rouge pratique ajoute non seulement de la fonctionnalit\u00e9, mais compl\u00e8te \u00e9galement le design, garantissant que vos notes restent prot\u00e9g\u00e9es \u00e0 tout moment. Ce produit n&rsquo;est pas seulement un outil parfait pour les \u00e9tudiants et les voyageurs, mais aussi une repr\u00e9sentation authentique de l&rsquo;art et de la diversit\u00e9 naturelle de Majorque, en faisant un souvenir m\u00e9morable d&rsquo;une destination touristique unique.<\/p>\n<p>Chez Ol\u00e9 Mosaic, nous sommes fiers de proposer des articles de qualit\u00e9 qui refl\u00e8tent la culture espagnole. Ce carnet de papillons est un choix id\u00e9al pour les boutiques de cadeaux touristiques \u00e0 la recherche de souvenirs authentiques et frappants de Majorque, garantissant que vos clients emportent chez eux un morceau de la beaut\u00e9 m\u00e9diterran\u00e9enne. Avec notre large vari\u00e9t\u00e9 de souvenirs et notre excellente distribution en gros, ce carnet sera un succ\u00e8s assur\u00e9 dans n&rsquo;importe quel commerce.<\/p>\n","protected":false},"excerpt":{"rendered":"<p>Carnet de 80 pages d\u00e9cor\u00e9 de papillons et de fleurs frappants, inspir\u00e9 par la beaut\u00e9 naturelle de Majorque. Sa couverture pr\u00e9sente un design color\u00e9 avec des papillons dans des tons vibrants de rose, bleu et jaune, qui se d\u00e9tachent sur un fond de mosa\u00efque. Avec une fermeture \u00e9lastique rouge pratique, ce carnet est id\u00e9al pour noter des id\u00e9es et des souvenirs, \u00e9voquant l&rsquo;essence des paysages majorquins \u00e0 chaque page.<\/p>\n","protected":false},"featured_media":12006,"template":"","meta":{"_acf_changed":false},"product_brand":[],"product_cat":[806],"product_tag":[530],"class_list":{"0":"post-26307","1":"product","2":"type-product","3":"status-publish","4":"has-post-thumbnail","6":"product_cat-carnets","7":"product_tag-animaux","8":"pa_ciudad-mallorca","9":"pa_motivo-papillons","10":"pa_pais-espana","12":"first","13":"instock","14":"shipping-taxable","15":"product-type-simple"},"acf":[],"_links":{"self":[{"href":"https:\/\/olemosaic.com\/fr\/wp-json\/wp\/v2\/product\/26307","targetHints":{"allow":["GET"]}}],"collection":[{"href":"https:\/\/olemosaic.com\/fr\/wp-json\/wp\/v2\/product"}],"about":[{"href":"https:\/\/olemosaic.com\/fr\/wp-json\/wp\/v2\/types\/product"}],"wp:featuredmedia":[{"embeddable":true,"href":"https:\/\/olemosaic.com\/fr\/wp-json\/wp\/v2\/media\/12006"}],"wp:attachment":[{"href":"https:\/\/olemosaic.com\/fr\/wp-json\/wp\/v2\/media?parent=26307"}],"wp:term":[{"taxonomy":"product_brand","embeddable":true,"href":"https:\/\/olemosaic.com\/fr\/wp-json\/wp\/v2\/product_brand?post=26307"},{"taxonomy":"product_cat","embeddable":true,"href":"https:\/\/olemosaic.com\/fr\/wp-json\/wp\/v2\/product_cat?post=26307"},{"taxonomy":"product_tag","embeddable":true,"href":"https:\/\/olemosaic.com\/fr\/wp-json\/wp\/v2\/product_tag?post=26307"}],"curies":[{"name":"wp","href":"https:\/\/api.w.org\/{rel}","templated":true}]}}