{"id":26306,"date":"2025-02-20T23:28:18","date_gmt":"2025-02-20T22:28:18","guid":{"rendered":"http:\/\/olemosaic.com\/producto\/mug-de-ceramica-panoramica-avila-beige\/"},"modified":"2025-07-25T18:54:56","modified_gmt":"2025-07-25T16:54:56","slug":"mug-en-ceramique-panoramique-avila-beige","status":"publish","type":"product","link":"https:\/\/olemosaic.com\/fr\/produit\/mug-en-ceramique-panoramique-avila-beige\/","title":{"rendered":"Mug en c\u00e9ramique. Panoramique. \u00c1vila. Beige."},"content":{"rendered":"<p>D\u00e9couvrez notre tasse exclusive en c\u00e9ramique avec une charmante vue panoramique d&rsquo;\u00c1vila, un souvenir id\u00e9al pour ceux qui souhaitent emporter un morceau de cette ville historique espagnole. Cette tasse pr\u00e9sente un design vibrant dans les tons beige et orange, mettant en valeur les embl\u00e9matiques murailles et la cath\u00e9drale d&rsquo;\u00c1vila \u00e0 travers des illustrations color\u00e9es. Le texte \u00ab \u00c1VILA \u00bb ressort en couleurs vives sur un fond blanc brillant, captant l&rsquo;attention et rappelant aux utilisateurs la beaut\u00e9 de cette ville class\u00e9e au patrimoine mondial.<\/p>\n<p>La tasse dispose d&rsquo;une anse au design confortable et d&rsquo;une cuill\u00e8re assortie dans une finition rouge chaleureuse, ce qui en fait non seulement un objet fonctionnel, mais aussi un \u00e9l\u00e9ment d\u00e9coratif pour n&rsquo;importe quelle maison. Elle est parfaite pour savourer vos boissons chaudes pr\u00e9f\u00e9r\u00e9es, comme le caf\u00e9, le th\u00e9 ou le chocolat, tout en appr\u00e9ciant la riche histoire d&rsquo;\u00c1vila et son architecture iconique. Ce souvenir est un excellent choix pour les touristes souhaitant se souvenir de leur visite dans cette ville glorieuse, et id\u00e9al pour les boutiques de cadeaux touristiques cherchant \u00e0 proposer des produits authentiques et de qualit\u00e9. Chez Ol\u00e9 Mosaic, en tant que distributeurs de souvenirs, nous garantissons que chaque tasse refl\u00e8te l&rsquo;authenticit\u00e9 de la culture espagnole, en faisant une option incontournable pour ceux qui recherchent des souvenirs uniques.<\/p>\n","protected":false},"excerpt":{"rendered":"<p>Tasse en c\u00e9ramique avec une charmante vue panoramique d&rsquo;\u00c1vila, d\u00e9cor\u00e9e dans les tons beige et orange. Elle pr\u00e9sente des illustrations vibrantes de sa c\u00e9l\u00e8bre muraille et de sa cath\u00e9drale, capturant l&rsquo;essence historique de la ville. Le design inclut le mot \u00ab\u00a0\u00c1VILA\u00a0\u00bb en couleurs vives sur un fond blanc brillant, compl\u00e9t\u00e9 par une anse et une cuill\u00e8re assortie avec une finition rouge chaleureuse. Id\u00e9al pour savourer vos boissons pr\u00e9f\u00e9r\u00e9es tout en admirant la beaut\u00e9 de cette ville espagnole embl\u00e9matique.<\/p>\n","protected":false},"featured_media":7291,"template":"","meta":{"_acf_changed":false},"product_brand":[],"product_cat":[728],"product_tag":[585],"class_list":{"0":"post-26306","1":"product","2":"type-product","3":"status-publish","4":"has-post-thumbnail","6":"product_cat-mugs","7":"product_tag-ceramique","8":"pa_ciudad-avila","9":"pa_motivo-panoramas","10":"pa_pais-espana","12":"first","13":"instock","14":"shipping-taxable","15":"product-type-simple"},"acf":[],"_links":{"self":[{"href":"https:\/\/olemosaic.com\/fr\/wp-json\/wp\/v2\/product\/26306","targetHints":{"allow":["GET"]}}],"collection":[{"href":"https:\/\/olemosaic.com\/fr\/wp-json\/wp\/v2\/product"}],"about":[{"href":"https:\/\/olemosaic.com\/fr\/wp-json\/wp\/v2\/types\/product"}],"wp:featuredmedia":[{"embeddable":true,"href":"https:\/\/olemosaic.com\/fr\/wp-json\/wp\/v2\/media\/7291"}],"wp:attachment":[{"href":"https:\/\/olemosaic.com\/fr\/wp-json\/wp\/v2\/media?parent=26306"}],"wp:term":[{"taxonomy":"product_brand","embeddable":true,"href":"https:\/\/olemosaic.com\/fr\/wp-json\/wp\/v2\/product_brand?post=26306"},{"taxonomy":"product_cat","embeddable":true,"href":"https:\/\/olemosaic.com\/fr\/wp-json\/wp\/v2\/product_cat?post=26306"},{"taxonomy":"product_tag","embeddable":true,"href":"https:\/\/olemosaic.com\/fr\/wp-json\/wp\/v2\/product_tag?post=26306"}],"curies":[{"name":"wp","href":"https:\/\/api.w.org\/{rel}","templated":true}]}}