{"id":26305,"date":"2025-02-20T22:28:18","date_gmt":"2025-02-20T22:28:18","guid":{"rendered":"http:\/\/olemosaic.com\/producto\/libreta-de-80-hojas-toros\/"},"modified":"2025-07-25T18:42:01","modified_gmt":"2025-07-25T16:42:01","slug":"carnet-de-80-pages-taureaux","status":"publish","type":"product","link":"https:\/\/olemosaic.com\/fr\/produit\/carnet-de-80-pages-taureaux\/","title":{"rendered":"Carnet de 80 pages. Taureaux."},"content":{"rendered":"<p>D\u00e9couvrez notre carnet exclusif de 80 pages avec une illustration vibrante d&rsquo;un taureau, symbole de la richesse culturelle et de la tradition espagnole. Ce design attrayant, inspir\u00e9 de l&rsquo;art du trencad\u00eds, pr\u00e9sente une palette color\u00e9e de tons rouges, verts et bleus qui donnent vie \u00e0 l&rsquo;imposante figure du taureau, se d\u00e9tachant sur un fond de paysages abstraits \u00e9voquant la diversit\u00e9 des paysages espagnols. Avec un \u00e9lastique rouge qui s\u00e9curise les pages, ce carnet devient le compagnon id\u00e9al pour ceux qui appr\u00e9cient l&rsquo;h\u00e9ritage culturel et artistique de l&rsquo;Espagne, parfait pour prendre des notes ou consigner des r\u00e9flexions quotidiennes.<\/p>\n<p>Le taureau dans la culture espagnole ne repr\u00e9sente pas seulement la force et le courage, mais est un embl\u00e8me essentiel des festivit\u00e9s et traditions de diverses r\u00e9gions, particuli\u00e8rement lors des \u00e9v\u00e9nements taurins. Ce carnet n&rsquo;est pas seulement un article de papeterie, mais un authentique souvenir qui encapsule l&rsquo;esprit de l&rsquo;Espagne, devenant un cadeau m\u00e9morable pour les touristes et les amoureux de la culture. Chez Ol\u00e9 Mosaic, en tant que distributeurs de souvenirs en gros, nous proposons des produits qui soulignent l&rsquo;authenticit\u00e9 et la valeur culturelle, et ce carnet de taureaux est une excellente option pour les boutiques cherchant \u00e0 ajouter une touche unique et repr\u00e9sentative de la tradition espagnole \u00e0 leur offre.<\/p>\n","protected":false},"excerpt":{"rendered":"<p>Carnet de 80 pages avec une illustration vibrante d&rsquo;un taureau, symbole de la richesse culturelle espagnole. Son design, color\u00e9 et frappant, est inspir\u00e9 de l&rsquo;art du trencad\u00eds, avec un m\u00e9lange de tons rouges, verts et bleus qui donnent vie \u00e0 la figure du taureau sur un fond de paysages abstraits. Le carnet, id\u00e9al pour les amoureux de la tradition espagnole, est \u00e9quip\u00e9 d&rsquo;un \u00e9lastique rouge qui maintient les pages en s\u00e9curit\u00e9.<\/p>\n","protected":false},"featured_media":9364,"template":"","meta":{"_acf_changed":false},"product_brand":[],"product_cat":[806],"product_tag":[530],"class_list":{"0":"post-26305","1":"product","2":"type-product","3":"status-publish","4":"has-post-thumbnail","6":"product_cat-carnets","7":"product_tag-animaux","8":"pa_motivo-taureaux","10":"first","11":"instock","12":"shipping-taxable","13":"product-type-simple"},"acf":[],"_links":{"self":[{"href":"https:\/\/olemosaic.com\/fr\/wp-json\/wp\/v2\/product\/26305","targetHints":{"allow":["GET"]}}],"collection":[{"href":"https:\/\/olemosaic.com\/fr\/wp-json\/wp\/v2\/product"}],"about":[{"href":"https:\/\/olemosaic.com\/fr\/wp-json\/wp\/v2\/types\/product"}],"wp:featuredmedia":[{"embeddable":true,"href":"https:\/\/olemosaic.com\/fr\/wp-json\/wp\/v2\/media\/9364"}],"wp:attachment":[{"href":"https:\/\/olemosaic.com\/fr\/wp-json\/wp\/v2\/media?parent=26305"}],"wp:term":[{"taxonomy":"product_brand","embeddable":true,"href":"https:\/\/olemosaic.com\/fr\/wp-json\/wp\/v2\/product_brand?post=26305"},{"taxonomy":"product_cat","embeddable":true,"href":"https:\/\/olemosaic.com\/fr\/wp-json\/wp\/v2\/product_cat?post=26305"},{"taxonomy":"product_tag","embeddable":true,"href":"https:\/\/olemosaic.com\/fr\/wp-json\/wp\/v2\/product_tag?post=26305"}],"curies":[{"name":"wp","href":"https:\/\/api.w.org\/{rel}","templated":true}]}}