{"id":26304,"date":"2025-02-20T23:28:18","date_gmt":"2025-02-20T22:28:18","guid":{"rendered":"http:\/\/olemosaic.com\/producto\/mug-de-ceramica-bailaora-sevilla-beige\/"},"modified":"2025-07-25T18:47:54","modified_gmt":"2025-07-25T16:47:54","slug":"mug-en-ceramique-bailaora-seville-beige","status":"publish","type":"product","link":"https:\/\/olemosaic.com\/fr\/produit\/mug-en-ceramique-bailaora-seville-beige\/","title":{"rendered":"Mug en c\u00e9ramique. Bailaora. S\u00e9ville. Beige."},"content":{"rendered":"<p>D\u00e9couvrez notre charmante tasse en c\u00e9ramique inspir\u00e9e de la culture flamenca de S\u00e9ville, un authentique souvenir qui capture l&rsquo;essence de cette ville vibrante. Cette tasse pr\u00e9sente un design captivant qui met en valeur la figure d&rsquo;une bailaora, v\u00eatue d&rsquo;une jupe multicolore \u00e9labor\u00e9e qui \u00e9voque la passion et le mouvement du flamenco. D\u00e9cor\u00e9e de fleurs rouges et du nom \u00ab\u00a0S\u00c9VILLE\u00a0\u00bb bien en \u00e9vidence sur la partie sup\u00e9rieure, la tasse n&rsquo;est pas seulement un objet fonctionnel, mais aussi une \u0153uvre d&rsquo;art qui rend hommage \u00e0 la riche tradition culturelle andalouse. L&rsquo;int\u00e9rieur beige compl\u00e8te parfaitement le design ext\u00e9rieur, cr\u00e9ant un contraste visuel attrayant qui rehausse l&rsquo;artisanat de ce produit.<\/p>\n<p>Ce souvenir de S\u00e9ville est plus qu&rsquo;une simple tasse ; c&rsquo;est un rappel de la chaleur et de la vivacit\u00e9 de la culture espagnole. Sa qualit\u00e9 c\u00e9ramique assure sa durabilit\u00e9, ce qui la rend id\u00e9ale tant pour un usage quotidien que pour l&rsquo;exposition. Elle devient ainsi une excellente id\u00e9e pour les touristes \u00e0 la recherche de souvenirs authentiques repr\u00e9sentant l&rsquo;histoire et l&rsquo;art de la r\u00e9gion. Chez Ol\u00e9 Mosaic, en tant qu&rsquo;experts de la distribution de souvenirs en gros, nous proposons une gamme de produits qui c\u00e9l\u00e8brent la singularit\u00e9 de l&rsquo;Espagne, et cette tasse est un choix parfait pour les boutiques de cadeaux touristiques cherchant \u00e0 ajouter une touche culturelle et distinctive \u00e0 leur offre.<\/p>\n","protected":false},"excerpt":{"rendered":"<p>Tasse en c\u00e9ramique inspir\u00e9e de la culture flamenca s\u00e9villane, avec un design vibrant mettant en valeur la figure d&rsquo;une bailaora v\u00eatue d&rsquo;un costume multicolore et \u00e9labor\u00e9. D\u00e9cor\u00e9e de fleurs rouges et du nom \u00ab\u00a0S\u00c9VILLE\u00a0\u00bb sur le dessus, cette tasse pr\u00e9sente un int\u00e9rieur beige qui compl\u00e8te parfaitement son design. La qualit\u00e9 du mat\u00e9riau assure sa durabilit\u00e9, en faisant un souvenir id\u00e9al et fonctionnel qui capture l&rsquo;essence de l&rsquo;art et du folklore espagnol.<\/p>\n","protected":false},"featured_media":6465,"template":"","meta":{"_acf_changed":false},"product_brand":[],"product_cat":[728],"product_tag":[585],"class_list":{"0":"post-26304","1":"product","2":"type-product","3":"status-publish","4":"has-post-thumbnail","6":"product_cat-mugs","7":"product_tag-ceramique","8":"pa_ciudad-sevilla","9":"pa_motivo-danseurs","10":"pa_pais-espana","12":"first","13":"instock","14":"shipping-taxable","15":"product-type-simple"},"acf":[],"_links":{"self":[{"href":"https:\/\/olemosaic.com\/fr\/wp-json\/wp\/v2\/product\/26304","targetHints":{"allow":["GET"]}}],"collection":[{"href":"https:\/\/olemosaic.com\/fr\/wp-json\/wp\/v2\/product"}],"about":[{"href":"https:\/\/olemosaic.com\/fr\/wp-json\/wp\/v2\/types\/product"}],"wp:featuredmedia":[{"embeddable":true,"href":"https:\/\/olemosaic.com\/fr\/wp-json\/wp\/v2\/media\/6465"}],"wp:attachment":[{"href":"https:\/\/olemosaic.com\/fr\/wp-json\/wp\/v2\/media?parent=26304"}],"wp:term":[{"taxonomy":"product_brand","embeddable":true,"href":"https:\/\/olemosaic.com\/fr\/wp-json\/wp\/v2\/product_brand?post=26304"},{"taxonomy":"product_cat","embeddable":true,"href":"https:\/\/olemosaic.com\/fr\/wp-json\/wp\/v2\/product_cat?post=26304"},{"taxonomy":"product_tag","embeddable":true,"href":"https:\/\/olemosaic.com\/fr\/wp-json\/wp\/v2\/product_tag?post=26304"}],"curies":[{"name":"wp","href":"https:\/\/api.w.org\/{rel}","templated":true}]}}