{"id":26303,"date":"2025-02-20T22:28:17","date_gmt":"2025-02-20T22:28:17","guid":{"rendered":"http:\/\/olemosaic.com\/producto\/funda-de-telefono-para-iphone-14-tpu-salamandra-mallorca-blanco\/"},"modified":"2025-07-25T22:43:59","modified_gmt":"2025-07-25T20:43:59","slug":"coque-de-telephone-pour-iphone-14-tpu-salamandre-majorque-blanc","status":"publish","type":"product","link":"https:\/\/olemosaic.com\/fr\/produit\/coque-de-telephone-pour-iphone-14-tpu-salamandre-majorque-blanc\/","title":{"rendered":"Coque de t\u00e9l\u00e9phone pour iPhone 14 (TPU). Salamandre. Majorque. Blanc"},"content":{"rendered":"<p>D\u00e9couvrez notre \u00e9l\u00e9gante coque pour iPhone 14, con\u00e7ue avec un motif vibrant de salamandres et de fleurs typiques de Majorque. Cette coque, fabriqu\u00e9e en TPU, un mat\u00e9riau tr\u00e8s r\u00e9sistant, garantit la protection de votre appareil contre les chutes et les rayures, tout en conservant un design fin et l\u00e9ger. Le fond blanc fait ressortir les couleurs intenses des salamandres, en bleu, vert et rouge, qui s&rsquo;entrelacent avec de joyeux motifs floraux dans une vari\u00e9t\u00e9 de nuances, cr\u00e9ant une fusion visuelle qui capture l&rsquo;essence de la nature majorquine.<\/p>\n<p>Ce design ne se distingue pas seulement par son attrait esth\u00e9tique, mais rend \u00e9galement hommage \u00e0 la riche culture de Majorque, o\u00f9 la faune et la flore locales sont un symbole de la beaut\u00e9 naturelle de l&rsquo;\u00eele. La salamandre, en particulier, est associ\u00e9e \u00e0 la tradition et \u00e0 l&rsquo;art autochtone, faisant de cette coque un authentique souvenir de Majorque, parfait pour ceux qui veulent emporter un morceau de l&rsquo;\u00eele avec eux.<\/p>\n<p>Chez Ol\u00e9 Mosaic, nous sommes des distributeurs de souvenirs en gros, et cette coque est une excellente option pour les boutiques de cadeaux touristiques \u00e0 la recherche de produits alliant fonctionnalit\u00e9, style et pertinence culturelle. Ne manquez pas l&rsquo;occasion d&rsquo;offrir \u00e0 vos clients un article unique et authentique qui c\u00e9l\u00e8bre la magie de Majorque.<\/p>\n","protected":false},"excerpt":{"rendered":"<p>Coque pour iPhone 14 fabriqu\u00e9e en TPU, avec un design attrayant de salamandres et de fleurs typiques de Majorque. Le fond blanc souligne les tons vibrants de bleu, vert et rouge des salamandres, ainsi que de joyeux motifs floraux de couleurs vari\u00e9es. Cet accessoire prot\u00e8ge non seulement votre appareil, mais c\u00e9l\u00e8bre \u00e9galement la riche culture majorquine avec un style moderne et artistique, id\u00e9al pour les amoureux de l&rsquo;\u00eele.<\/p>\n","protected":false},"featured_media":12954,"template":"","meta":{"_acf_changed":false},"product_brand":[],"product_cat":[674],"product_tag":[530],"class_list":{"0":"post-26303","1":"product","2":"type-product","3":"status-publish","4":"has-post-thumbnail","6":"product_cat-etuis-pour-telephones-portables","7":"product_tag-animaux","8":"pa_ciudad-mallorca","9":"pa_motivo-salamandres","10":"pa_pais-espana","12":"first","13":"instock","14":"shipping-taxable","15":"product-type-simple"},"acf":[],"_links":{"self":[{"href":"https:\/\/olemosaic.com\/fr\/wp-json\/wp\/v2\/product\/26303","targetHints":{"allow":["GET"]}}],"collection":[{"href":"https:\/\/olemosaic.com\/fr\/wp-json\/wp\/v2\/product"}],"about":[{"href":"https:\/\/olemosaic.com\/fr\/wp-json\/wp\/v2\/types\/product"}],"wp:featuredmedia":[{"embeddable":true,"href":"https:\/\/olemosaic.com\/fr\/wp-json\/wp\/v2\/media\/12954"}],"wp:attachment":[{"href":"https:\/\/olemosaic.com\/fr\/wp-json\/wp\/v2\/media?parent=26303"}],"wp:term":[{"taxonomy":"product_brand","embeddable":true,"href":"https:\/\/olemosaic.com\/fr\/wp-json\/wp\/v2\/product_brand?post=26303"},{"taxonomy":"product_cat","embeddable":true,"href":"https:\/\/olemosaic.com\/fr\/wp-json\/wp\/v2\/product_cat?post=26303"},{"taxonomy":"product_tag","embeddable":true,"href":"https:\/\/olemosaic.com\/fr\/wp-json\/wp\/v2\/product_tag?post=26303"}],"curies":[{"name":"wp","href":"https:\/\/api.w.org\/{rel}","templated":true}]}}