{"id":26292,"date":"2025-02-20T23:28:17","date_gmt":"2025-02-20T22:28:17","guid":{"rendered":"http:\/\/olemosaic.com\/producto\/botella-inox-350-ml-toro\/"},"modified":"2025-07-25T18:40:13","modified_gmt":"2025-07-25T16:40:13","slug":"bouteille-inox-350-ml-taureau","status":"publish","type":"product","link":"https:\/\/olemosaic.com\/fr\/produit\/bouteille-inox-350-ml-taureau\/","title":{"rendered":"Bouteille inox 350 ml. Taureau."},"content":{"rendered":"<p>D\u00e9couvrez notre \u00e9l\u00e9gante bouteille en acier inoxydable de 350 ml, orn\u00e9e d&rsquo;un design vibrant d&rsquo;un taureau, symbole embl\u00e9matique de la culture espagnole. Cette bouteille n&rsquo;est pas seulement pratique pour garder vos boissons fra\u00eeches, mais aussi un authentique souvenir qui c\u00e9l\u00e8bre la riche tradition espagnole. Le design pr\u00e9sente une mosa\u00efque color\u00e9e, combinant des tons brillants et des formes g\u00e9om\u00e9triques, \u00e9voquant la c\u00e9l\u00e8bre technique du trencad\u00eds, h\u00e9rit\u00e9e de l&rsquo;art moderniste de Gaud\u00ed. Le taureau, figure centrale de cette d\u00e9coration, repr\u00e9sente la force et la passion de la culture taurine, pr\u00e9sente dans de nombreuses festivit\u00e9s \u00e0 travers l&rsquo;Espagne. La bouteille, fabriqu\u00e9e en acier inoxydable, garantit la durabilit\u00e9 et la conservation de la temp\u00e9rature de vos boissons, tandis que sa pr\u00e9sentation dans une jolie bo\u00eete d\u00e9corative en fait un cadeau id\u00e9al. Ce produit est parfait pour les touristes \u00e0 la recherche de souvenirs authentiques, fonctionnels et repr\u00e9sentant l&rsquo;essence de l&rsquo;Espagne. Chez Ol\u00e9 Mosaic, nous sommes fiers de distribuer des produits artisanaux, comme cette bouteille de taureau qui capture l&rsquo;esprit du folklore espagnol, en faisant une option irr\u00e9sistible pour les boutiques de cadeaux touristiques.<\/p>\n","protected":false},"excerpt":{"rendered":"<p>Bouteille inox de 350 ml, d\u00e9cor\u00e9e d&rsquo;un design vibrant d&rsquo;un taureau, symbole embl\u00e9matique de la culture espagnole. Fabriqu\u00e9e en acier inoxydable, cette bouteille pr\u00e9sente une mosa\u00efque color\u00e9e qui capture l&rsquo;essence du folklore espagnol, combinant des tons brillants et des formes g\u00e9om\u00e9triques \u00e9voquant la tradition artistique du trencad\u00eds. Id\u00e9ale pour garder vos boissons fra\u00eeches et accessoire attrayant pour toute occasion, elle est pr\u00e9sent\u00e9e dans une jolie bo\u00eete d\u00e9corative.<\/p>\n","protected":false},"featured_media":11138,"template":"","meta":{"_acf_changed":false},"product_brand":[],"product_cat":[784],"product_tag":[530],"class_list":{"0":"post-26292","1":"product","2":"type-product","3":"status-publish","4":"has-post-thumbnail","6":"product_cat-bouteilles-inox","7":"product_tag-animaux","8":"pa_motivo-taureaux","10":"first","11":"instock","12":"shipping-taxable","13":"product-type-simple"},"acf":[],"_links":{"self":[{"href":"https:\/\/olemosaic.com\/fr\/wp-json\/wp\/v2\/product\/26292","targetHints":{"allow":["GET"]}}],"collection":[{"href":"https:\/\/olemosaic.com\/fr\/wp-json\/wp\/v2\/product"}],"about":[{"href":"https:\/\/olemosaic.com\/fr\/wp-json\/wp\/v2\/types\/product"}],"wp:featuredmedia":[{"embeddable":true,"href":"https:\/\/olemosaic.com\/fr\/wp-json\/wp\/v2\/media\/11138"}],"wp:attachment":[{"href":"https:\/\/olemosaic.com\/fr\/wp-json\/wp\/v2\/media?parent=26292"}],"wp:term":[{"taxonomy":"product_brand","embeddable":true,"href":"https:\/\/olemosaic.com\/fr\/wp-json\/wp\/v2\/product_brand?post=26292"},{"taxonomy":"product_cat","embeddable":true,"href":"https:\/\/olemosaic.com\/fr\/wp-json\/wp\/v2\/product_cat?post=26292"},{"taxonomy":"product_tag","embeddable":true,"href":"https:\/\/olemosaic.com\/fr\/wp-json\/wp\/v2\/product_tag?post=26292"}],"curies":[{"name":"wp","href":"https:\/\/api.w.org\/{rel}","templated":true}]}}