{"id":26291,"date":"2025-02-20T22:28:17","date_gmt":"2025-02-20T22:28:17","guid":{"rendered":"http:\/\/olemosaic.com\/producto\/taza-de-ceramica-barcelona-blanco\/"},"modified":"2025-07-25T19:12:33","modified_gmt":"2025-07-25T17:12:33","slug":"mug-en-ceramique-barcelone-blanc","status":"publish","type":"product","link":"https:\/\/olemosaic.com\/fr\/produit\/mug-en-ceramique-barcelone-blanc\/","title":{"rendered":"Mug en c\u00e9ramique. Barcelone. Blanc."},"content":{"rendered":"<p>D\u00e9couvrez notre mug color\u00e9 en c\u00e9ramique d\u00e9cor\u00e9 d&rsquo;\u00e9l\u00e9ments embl\u00e9matiques de Barcelone, une excellente option pour ceux qui recherchent un souvenir repr\u00e9sentatif de cette ville vibrante. Ce design exclusif pr\u00e9sente une mosa\u00efque vibrante inspir\u00e9e de l&rsquo;\u0153uvre du c\u00e9l\u00e8bre architecte Antoni Gaud\u00ed, capturant des \u00e9l\u00e9ments embl\u00e9matiques tels que la statue de la fontaine de Montju\u00efc, le dragon color\u00e9 du Park G\u00fcell et la moderne Torre Agbar. Le fond blanc rehausse la vivacit\u00e9 des couleurs, tandis que l&rsquo;int\u00e9rieur rouge apporte un contraste attrayant qui donne une touche moderne et fra\u00eeche au produit.<\/p>\n<p>Chaque d\u00e9tail de l&rsquo;illustration a \u00e9t\u00e9 soigneusement con\u00e7u pour refl\u00e9ter la richesse culturelle de Barcelone, transformant chaque mug en une pi\u00e8ce d&rsquo;art unique qui c\u00e9l\u00e8bre l&rsquo;h\u00e9ritage architectural et artistique de la ville. Id\u00e9al pour savourer un caf\u00e9 ou un th\u00e9, ce mug en c\u00e9ramique n&rsquo;est pas seulement fonctionnel, mais aussi un charmant rappel de votre visite dans cette destination touristique.<\/p>\n<p>Chez Ol\u00e9 Mosaic, nous sommes experts dans la distribution de souvenirs en gros et ce mug repr\u00e9sente une option parfaite pour les boutiques de cadeaux touristiques souhaitant proposer des produits authentiques et de qualit\u00e9. Avec son design caract\u00e9ristique, il devient un souvenir attrayant de Barcelone qui captivera tant les touristes que les locaux.<\/p>\n","protected":false},"excerpt":{"rendered":"<p>Mug en c\u00e9ramique d\u00e9cor\u00e9 d&rsquo;\u00e9l\u00e9ments embl\u00e9matiques de Barcelone, pr\u00e9sentant une mosa\u00efque vibrante inspir\u00e9e de l&rsquo;\u0153uvre de Gaud\u00ed. Le design inclut la c\u00e9l\u00e8bre fontaine de Montju\u00efc, le dragon color\u00e9 du Park G\u00fcell et l&#8217;embl\u00e9matique Torre Agbar, le tout sur un fond blanc avec des touches rouges \u00e0 l&rsquo;int\u00e9rieur. Ce mug repr\u00e9sente la richesse culturelle de la ville avec une finition brillante et des d\u00e9tails artistiques bien d\u00e9finis.<\/p>\n","protected":false},"featured_media":9500,"template":"","meta":{"_acf_changed":false},"product_brand":[],"product_cat":[822],"product_tag":[585],"class_list":{"0":"post-26291","1":"product","2":"type-product","3":"status-publish","4":"has-post-thumbnail","6":"product_cat-mugs-fr","7":"product_tag-ceramique","8":"pa_ciudad-barcelona","9":"pa_pais-espana","11":"first","12":"instock","13":"shipping-taxable","14":"product-type-simple"},"acf":[],"_links":{"self":[{"href":"https:\/\/olemosaic.com\/fr\/wp-json\/wp\/v2\/product\/26291","targetHints":{"allow":["GET"]}}],"collection":[{"href":"https:\/\/olemosaic.com\/fr\/wp-json\/wp\/v2\/product"}],"about":[{"href":"https:\/\/olemosaic.com\/fr\/wp-json\/wp\/v2\/types\/product"}],"wp:featuredmedia":[{"embeddable":true,"href":"https:\/\/olemosaic.com\/fr\/wp-json\/wp\/v2\/media\/9500"}],"wp:attachment":[{"href":"https:\/\/olemosaic.com\/fr\/wp-json\/wp\/v2\/media?parent=26291"}],"wp:term":[{"taxonomy":"product_brand","embeddable":true,"href":"https:\/\/olemosaic.com\/fr\/wp-json\/wp\/v2\/product_brand?post=26291"},{"taxonomy":"product_cat","embeddable":true,"href":"https:\/\/olemosaic.com\/fr\/wp-json\/wp\/v2\/product_cat?post=26291"},{"taxonomy":"product_tag","embeddable":true,"href":"https:\/\/olemosaic.com\/fr\/wp-json\/wp\/v2\/product_tag?post=26291"}],"curies":[{"name":"wp","href":"https:\/\/api.w.org\/{rel}","templated":true}]}}