{"id":26290,"date":"2025-02-20T23:28:17","date_gmt":"2025-02-20T22:28:17","guid":{"rendered":"http:\/\/olemosaic.com\/producto\/botella-inox-500-ml-buho\/"},"modified":"2025-07-25T19:34:53","modified_gmt":"2025-07-25T17:34:53","slug":"bouteille-inox-500-ml-hibou","status":"publish","type":"product","link":"https:\/\/olemosaic.com\/fr\/produit\/bouteille-inox-500-ml-hibou\/","title":{"rendered":"Bouteille inox 500 ml. Hibou."},"content":{"rendered":"<p>D\u00e9couvrez notre bouteille en acier inoxydable de 500 ml, une pi\u00e8ce unique qui allie fonctionnalit\u00e9 et design vibrant inspir\u00e9 de l&rsquo;art traditionnel espagnol. D\u00e9cor\u00e9e d&rsquo;un impressionnant hibou en mosa\u00efque qui se d\u00e9tache dans des tons jaunes, rouges et bleus sur un fond blanc avec des motifs de mosa\u00efque, cette bouteille n&rsquo;est pas seulement un accessoire visuellement attrayant, mais aussi un hommage au riche h\u00e9ritage culturel de l&rsquo;Espagne. Sa finition en acier inoxydable garantit la durabilit\u00e9 et une isolation efficace, id\u00e9ale pour garder vos boissons froides ou chaudes \u00e0 tout moment de la journ\u00e9e.<\/p>\n<p>Le hibou, symbole de sagesse et de myst\u00e8re, devient le protagoniste de cette bouteille, attirant l&rsquo;attention de ceux qui la voient et devenant un excellent rappel des diverses expressions artistiques que l&rsquo;on trouve dans la p\u00e9ninsule ib\u00e9rique. Avec son bouchon en m\u00e9tal pratique et son design ergonomique, cette bouteille est parfaite pour ceux qui recherchent un souvenir authentique repr\u00e9sentant l&rsquo;esprit de l&rsquo;Espagne et de ses traditions. Chez Ol\u00e9 Mosaic, nous sommes fiers de proposer des souvenirs de haute qualit\u00e9 en gros, faisant de cette bouteille un produit id\u00e9al pour les boutiques de cadeaux touristiques \u00e0 la recherche d&rsquo;articles attrayants et significatifs.<\/p>\n","protected":false},"excerpt":{"rendered":"<p>Bouteille en acier inoxydable de 500 ml, d\u00e9cor\u00e9e d&rsquo;un design vibrant d&rsquo;un hibou en mosa\u00efque \u00e9voquant l&rsquo;art traditionnel espagnol color\u00e9. Avec une finition et un bouchon m\u00e9talliques, cette bouteille garantit durabilit\u00e9 et isolation. Le hibou, peint dans des tons jaunes, rouges et bleus, se d\u00e9tache sur un fond blanc avec des motifs de mosa\u00efque, id\u00e9al pour ceux qui recherchent un accessoire durable et attrayant. Parfaite pour transporter des boissons froides ou chaudes.<\/p>\n","protected":false},"featured_media":9792,"template":"","meta":{"_acf_changed":false},"product_brand":[],"product_cat":[784],"product_tag":[530],"class_list":{"0":"post-26290","1":"product","2":"type-product","3":"status-publish","4":"has-post-thumbnail","6":"product_cat-bouteilles-inox","7":"product_tag-animaux","8":"pa_motivo-hiboux","10":"first","11":"instock","12":"shipping-taxable","13":"product-type-simple"},"acf":[],"_links":{"self":[{"href":"https:\/\/olemosaic.com\/fr\/wp-json\/wp\/v2\/product\/26290","targetHints":{"allow":["GET"]}}],"collection":[{"href":"https:\/\/olemosaic.com\/fr\/wp-json\/wp\/v2\/product"}],"about":[{"href":"https:\/\/olemosaic.com\/fr\/wp-json\/wp\/v2\/types\/product"}],"wp:featuredmedia":[{"embeddable":true,"href":"https:\/\/olemosaic.com\/fr\/wp-json\/wp\/v2\/media\/9792"}],"wp:attachment":[{"href":"https:\/\/olemosaic.com\/fr\/wp-json\/wp\/v2\/media?parent=26290"}],"wp:term":[{"taxonomy":"product_brand","embeddable":true,"href":"https:\/\/olemosaic.com\/fr\/wp-json\/wp\/v2\/product_brand?post=26290"},{"taxonomy":"product_cat","embeddable":true,"href":"https:\/\/olemosaic.com\/fr\/wp-json\/wp\/v2\/product_cat?post=26290"},{"taxonomy":"product_tag","embeddable":true,"href":"https:\/\/olemosaic.com\/fr\/wp-json\/wp\/v2\/product_tag?post=26290"}],"curies":[{"name":"wp","href":"https:\/\/api.w.org\/{rel}","templated":true}]}}