{"id":26289,"date":"2025-02-20T23:28:17","date_gmt":"2025-02-20T22:28:17","guid":{"rendered":"http:\/\/olemosaic.com\/producto\/botella-inox-500-ml-gato-barcelona\/"},"modified":"2025-07-25T18:36:18","modified_gmt":"2025-07-25T16:36:18","slug":"bouteille-inox-500-ml-chat-barcelone","status":"publish","type":"product","link":"https:\/\/olemosaic.com\/fr\/produit\/bouteille-inox-500-ml-chat-barcelone\/","title":{"rendered":"Bouteille inox 500 ml. Chat. Barcelone."},"content":{"rendered":"<p>D\u00e9couvrez notre bouteille en acier inoxydable de 500 ml, un vibrant hommage \u00e0 l&rsquo;essence de Barcelone \u00e0 travers un design captivant. Id\u00e9ale pour garder vos boissons froides ou chaudes, cette bouteille pr\u00e9sente une finition \u00e9l\u00e9gante en acier inoxydable, garantissant durabilit\u00e9 et fonctionnalit\u00e9. Le design artistique montre une s\u00e9rie de mosa\u00efques color\u00e9es de chats, \u00e9voquant le c\u00e9l\u00e8bre style moderniste qui caract\u00e9rise la ville. Les chats, peints dans des tons exub\u00e9rants de rouge, vert et bleu, prennent vie entour\u00e9s de papillons, cr\u00e9ant une composition visuelle qui invite \u00e0 la joie. Le nom \u00ab\u00a0Barcelone\u00a0\u00bb s&rsquo;int\u00e8gre au design avec une touche moderne, devenant partie int\u00e9grante de son attrait esth\u00e9tique.<\/p>\n<p>Ce produit n&rsquo;est pas seulement fonctionnel, mais aussi un rappel de la culture vibrante de Barcelone, ce qui en fait un souvenir parfait pour ceux qui souhaitent emporter un morceau de la ville avec eux. Sa pertinence culturelle, combin\u00e9e \u00e0 son attrait visuel, en fait une excellente option pour les boutiques de cadeaux touristiques \u00e0 la recherche de produits authentiques et repr\u00e9sentatifs. Chez Ol\u00e9 Mosaic, nous sommes fiers de proposer des souvenirs de qualit\u00e9, et cette bouteille n&rsquo;est pas seulement un accessoire, mais un symbole de l&rsquo;art et de la cr\u00e9ativit\u00e9 qui d\u00e9finissent Barcelone. En tant que grossistes de bouteilles, nous garantissons que chaque pi\u00e8ce est le reflet de la culture locale et de l&rsquo;artisanat.<\/p>\n","protected":false},"excerpt":{"rendered":"<p>Bouteille en acier inoxydable de 500 ml, orn\u00e9e de mosa\u00efques color\u00e9es de chats \u00e9voquant l&rsquo;art moderniste de Barcelone. Ce design exclusif pr\u00e9sente des chats aux tons vibrants de rouge, vert et bleu, entour\u00e9s de papillons sur un fond de teintes douces. Avec le nom \u00ab\u00a0Barcelone\u00a0\u00bb s\u00e9rigraphi\u00e9, la bouteille allie fonctionnalit\u00e9 et esth\u00e9tique, \u00e9tant parfaite pour ceux qui souhaitent emporter un morceau de la ville dans leur quotidien.<\/p>\n","protected":false},"featured_media":11630,"template":"","meta":{"_acf_changed":false},"product_brand":[],"product_cat":[784],"product_tag":[530],"class_list":{"0":"post-26289","1":"product","2":"type-product","3":"status-publish","4":"has-post-thumbnail","6":"product_cat-bouteilles-inox","7":"product_tag-animaux","8":"pa_ciudad-barcelona","9":"pa_motivo-chats","10":"pa_pais-espana","12":"first","13":"instock","14":"shipping-taxable","15":"product-type-simple"},"acf":[],"_links":{"self":[{"href":"https:\/\/olemosaic.com\/fr\/wp-json\/wp\/v2\/product\/26289","targetHints":{"allow":["GET"]}}],"collection":[{"href":"https:\/\/olemosaic.com\/fr\/wp-json\/wp\/v2\/product"}],"about":[{"href":"https:\/\/olemosaic.com\/fr\/wp-json\/wp\/v2\/types\/product"}],"wp:featuredmedia":[{"embeddable":true,"href":"https:\/\/olemosaic.com\/fr\/wp-json\/wp\/v2\/media\/11630"}],"wp:attachment":[{"href":"https:\/\/olemosaic.com\/fr\/wp-json\/wp\/v2\/media?parent=26289"}],"wp:term":[{"taxonomy":"product_brand","embeddable":true,"href":"https:\/\/olemosaic.com\/fr\/wp-json\/wp\/v2\/product_brand?post=26289"},{"taxonomy":"product_cat","embeddable":true,"href":"https:\/\/olemosaic.com\/fr\/wp-json\/wp\/v2\/product_cat?post=26289"},{"taxonomy":"product_tag","embeddable":true,"href":"https:\/\/olemosaic.com\/fr\/wp-json\/wp\/v2\/product_tag?post=26289"}],"curies":[{"name":"wp","href":"https:\/\/api.w.org\/{rel}","templated":true}]}}