{"id":26288,"date":"2025-02-20T23:28:17","date_gmt":"2025-02-20T22:28:17","guid":{"rendered":"http:\/\/olemosaic.com\/producto\/botella-inox-500-ml-gato-2\/"},"modified":"2025-07-25T18:50:02","modified_gmt":"2025-07-25T16:50:02","slug":"bouteille-inox-500-ml-chat-2","status":"publish","type":"product","link":"https:\/\/olemosaic.com\/fr\/produit\/bouteille-inox-500-ml-chat-2\/","title":{"rendered":"Bouteille inox 500 ml. Chat."},"content":{"rendered":"<p>D\u00e9couvrez notre bouteille en acier inoxydable de 500 ml, d\u00e9cor\u00e9e d&rsquo;un design vibrant de chats en mosa\u00efque, une pi\u00e8ce qui fusionne fonctionnalit\u00e9 et art. Ce souvenir attrayant pr\u00e9sente un fond blanc qui met en valeur un motif c\u00e9ramique o\u00f9 deux charmants chats, l&rsquo;un dans un ton jaune joyeux et l&rsquo;autre multicolore, sont entour\u00e9s de papillons color\u00e9s. La repr\u00e9sentation des chats, symbole de curiosit\u00e9 et de joie, refl\u00e8te le caract\u00e8re ludique et artistique de la tradition espagnole, tr\u00e8s appr\u00e9ci\u00e9e dans l&rsquo;art de la mosa\u00efque.<\/p>\n<p>Le design captivant en fait non seulement un objet utile pour garder vos boissons froides ou chaudes, mais c&rsquo;est aussi un hommage au riche h\u00e9ritage culturel de l&rsquo;Espagne, o\u00f9 l&rsquo;art de la mosa\u00efque est une forme d&rsquo;expression visuelle tr\u00e8s valoris\u00e9e. Id\u00e9ale pour les touristes \u00e0 la recherche d&rsquo;un souvenir authentique et repr\u00e9sentatif, cette bouteille en acier inoxydable est une excellente option pour les boutiques de cadeaux touristiques. Chez Ol\u00e9 Mosaic, nous nous sp\u00e9cialisons dans la distribution en gros de souvenirs de qualit\u00e9, comme cette bouteille originale qui combine un style moderne avec un caract\u00e8re profond\u00e9ment enracin\u00e9 dans la culture locale. En tant que grossistes, nous garantissons un design exclusif et l&rsquo;authenticit\u00e9 de chacune de nos pi\u00e8ces, parfaites pour les boutiques cherchant \u00e0 attirer des clients en qu\u00eate de souvenirs uniques.<\/p>\n","protected":false},"excerpt":{"rendered":"<p>Bouteille en acier inoxydable de 500 ml d\u00e9cor\u00e9e d&rsquo;un design vibrant de mosa\u00efque avec des chats. La bouteille, avec un fond blanc et un motif c\u00e9ramique, met en avant les illustrations color\u00e9es de deux chats, l&rsquo;un jaune et l&rsquo;autre multicolore, entour\u00e9s de papillons. Id\u00e9ale pour garder vos boissons froides ou chaudes, elle allie fonctionnalit\u00e9 et style, rendant hommage \u00e0 la riche tradition artistique espagnole.<\/p>\n","protected":false},"featured_media":11629,"template":"","meta":{"_acf_changed":false},"product_brand":[],"product_cat":[784],"product_tag":[530],"class_list":{"0":"post-26288","1":"product","2":"type-product","3":"status-publish","4":"has-post-thumbnail","6":"product_cat-bouteilles-inox","7":"product_tag-animaux","8":"pa_motivo-chats","10":"first","11":"instock","12":"shipping-taxable","13":"product-type-simple"},"acf":[],"_links":{"self":[{"href":"https:\/\/olemosaic.com\/fr\/wp-json\/wp\/v2\/product\/26288","targetHints":{"allow":["GET"]}}],"collection":[{"href":"https:\/\/olemosaic.com\/fr\/wp-json\/wp\/v2\/product"}],"about":[{"href":"https:\/\/olemosaic.com\/fr\/wp-json\/wp\/v2\/types\/product"}],"wp:featuredmedia":[{"embeddable":true,"href":"https:\/\/olemosaic.com\/fr\/wp-json\/wp\/v2\/media\/11629"}],"wp:attachment":[{"href":"https:\/\/olemosaic.com\/fr\/wp-json\/wp\/v2\/media?parent=26288"}],"wp:term":[{"taxonomy":"product_brand","embeddable":true,"href":"https:\/\/olemosaic.com\/fr\/wp-json\/wp\/v2\/product_brand?post=26288"},{"taxonomy":"product_cat","embeddable":true,"href":"https:\/\/olemosaic.com\/fr\/wp-json\/wp\/v2\/product_cat?post=26288"},{"taxonomy":"product_tag","embeddable":true,"href":"https:\/\/olemosaic.com\/fr\/wp-json\/wp\/v2\/product_tag?post=26288"}],"curies":[{"name":"wp","href":"https:\/\/api.w.org\/{rel}","templated":true}]}}