{"id":26287,"date":"2025-02-20T23:28:17","date_gmt":"2025-02-20T22:28:17","guid":{"rendered":"http:\/\/olemosaic.com\/producto\/botella-inox-350-ml-gato\/"},"modified":"2025-07-25T19:07:11","modified_gmt":"2025-07-25T17:07:11","slug":"bouteille-inox-350-ml-chat","status":"publish","type":"product","link":"https:\/\/olemosaic.com\/fr\/produit\/bouteille-inox-350-ml-chat\/","title":{"rendered":"Bouteille inox. 350 ml. Chat."},"content":{"rendered":"<p>D\u00e9couvrez notre bouteille en acier inoxydable de 350 ml, un souvenir original qui, en plus d&rsquo;\u00eatre fonctionnel, est une c\u00e9l\u00e9bration de la culture m\u00e9diterran\u00e9enne et de son art color\u00e9. D\u00e9cor\u00e9e d&rsquo;un design vibrant de chat, cette bouteille se distingue par une mosa\u00efque spectaculaire aux tons brillants de bleu, vert, jaune et rouge, qui lui conf\u00e8rent une esth\u00e9tique joyeuse et distinctive. Les papillons en vol qui accompagnent le design ajoutent une touche d\u00e9licate et pleine de vie. Sa finition peinte \u00e0 la main ne souligne pas seulement l&rsquo;artisanat unique, mais lui conf\u00e8re \u00e9galement un air moderne, id\u00e9al pour les amoureux des animaux et de l&rsquo;art. La bouteille est livr\u00e9e dans une jolie bo\u00eete d\u00e9corative, ce qui en fait le cadeau parfait \u00e0 emporter dans n&rsquo;importe quelle aventure ou comme un charmant souvenir de votre voyage. Ce souvenir n&rsquo;est pas seulement un objet utile, mais un symbole de la beaut\u00e9 et de la cr\u00e9ativit\u00e9 de la r\u00e9gion m\u00e9diterran\u00e9enne, id\u00e9al pour les touristes \u00e0 la recherche de pi\u00e8ces authentiques et significatives. Chez Ol\u00e9 Mosaic, en tant que grossistes de cadeaux touristiques, nous proposons des produits combinant qualit\u00e9 et pertinence culturelle, con\u00e7us pour captiver n&rsquo;importe quelle vitrine.<\/p>\n","protected":false},"excerpt":{"rendered":"<p>Bouteille en acier inoxydable de 350 ml d\u00e9cor\u00e9e d&rsquo;un design vibrant de chat, id\u00e9ale pour les amoureux des animaux et de la culture m\u00e9diterran\u00e9enne. La bouteille pr\u00e9sente une mosa\u00efque color\u00e9e aux tons brillants de bleu, vert, jaune et rouge, compl\u00e9t\u00e9e par des papillons en vol. Sa finition au design artisanal, peinte \u00e0 la main, souligne l&rsquo;artisanat unique et apporte une touche moderne. Accompagn\u00e9e de sa bo\u00eete d\u00e9corative, elle est parfaite pour vous accompagner dans toutes vos aventures.<\/p>\n","protected":false},"featured_media":11144,"template":"","meta":{"_acf_changed":false},"product_brand":[],"product_cat":[784],"product_tag":[530],"class_list":{"0":"post-26287","1":"product","2":"type-product","3":"status-publish","4":"has-post-thumbnail","6":"product_cat-bouteilles-inox","7":"product_tag-animaux","8":"pa_motivo-chats","10":"first","11":"instock","12":"shipping-taxable","13":"product-type-simple"},"acf":[],"_links":{"self":[{"href":"https:\/\/olemosaic.com\/fr\/wp-json\/wp\/v2\/product\/26287","targetHints":{"allow":["GET"]}}],"collection":[{"href":"https:\/\/olemosaic.com\/fr\/wp-json\/wp\/v2\/product"}],"about":[{"href":"https:\/\/olemosaic.com\/fr\/wp-json\/wp\/v2\/types\/product"}],"wp:featuredmedia":[{"embeddable":true,"href":"https:\/\/olemosaic.com\/fr\/wp-json\/wp\/v2\/media\/11144"}],"wp:attachment":[{"href":"https:\/\/olemosaic.com\/fr\/wp-json\/wp\/v2\/media?parent=26287"}],"wp:term":[{"taxonomy":"product_brand","embeddable":true,"href":"https:\/\/olemosaic.com\/fr\/wp-json\/wp\/v2\/product_brand?post=26287"},{"taxonomy":"product_cat","embeddable":true,"href":"https:\/\/olemosaic.com\/fr\/wp-json\/wp\/v2\/product_cat?post=26287"},{"taxonomy":"product_tag","embeddable":true,"href":"https:\/\/olemosaic.com\/fr\/wp-json\/wp\/v2\/product_tag?post=26287"}],"curies":[{"name":"wp","href":"https:\/\/api.w.org\/{rel}","templated":true}]}}