{"id":26286,"date":"2025-02-20T22:28:17","date_gmt":"2025-02-20T22:28:17","guid":{"rendered":"http:\/\/olemosaic.com\/producto\/aceitera-de-ceramica-toro-calca-beige\/"},"modified":"2025-07-25T18:38:04","modified_gmt":"2025-07-25T16:38:04","slug":"huilier-en-ceramique-taureau-decalcomanie-beige","status":"publish","type":"product","link":"https:\/\/olemosaic.com\/fr\/produit\/huilier-en-ceramique-taureau-decalcomanie-beige\/","title":{"rendered":"Huilier en c\u00e9ramique. Taureau. D\u00e9calcomanie. Beige"},"content":{"rendered":"<p>D\u00e9couvrez notre huilier en c\u00e9ramique d\u00e9cor\u00e9 d&rsquo;un design vibrant de taureaux, un symbole marquant de la riche culture espagnole. Cet article, en plus d&rsquo;\u00eatre fonctionnel, sert de pi\u00e8ce de d\u00e9coration unique pour embellir n&rsquo;importe quelle table. Avec sa base beige, l&rsquo;huilier met en valeur les motifs floraux color\u00e9s et les taureaux peints dans un style de d\u00e9calcomanie, offrant un attrait visuel qui \u00e9voque la passion et la force de l&rsquo;art taurin. Le couvercle rouge, avec l&rsquo;inscription \u00ab\u00a0ESPA\u00d1A\u00a0\u00bb, ajoute une touche distinctive qui souligne l&rsquo;authenticit\u00e9 de cette pi\u00e8ce.<\/p>\n<p>Le r\u00e9servoir en acier assure la fonctionnalit\u00e9 et la durabilit\u00e9 du produit, permettant une distribution facile des huiles, id\u00e9al pour les amateurs de gastronomie qui souhaitent embellir leur cuisine avec des articles de qualit\u00e9. Ce souvenir ne repr\u00e9sente pas seulement la tradition culinaire espagnole, mais capture l&rsquo;essence des f\u00eates et c\u00e9l\u00e9brations dans des r\u00e9gions comme l&rsquo;Andalousie et Salamanque, o\u00f9 les taureaux sont un symbole de fiert\u00e9 culturelle.<\/p>\n<p>Ol\u00e9 Mosaic se sp\u00e9cialise dans la distribution de souvenirs en gros, et cet huilier en c\u00e9ramique est une excellente option pour les boutiques de cadeaux touristiques qui cherchent \u00e0 offrir des produits authentiques et repr\u00e9sentatifs de l&rsquo;Espagne. Surprenez vos clients avec ce cadeau qui combine esth\u00e9tique et fonctionnalit\u00e9, en en faisant un souvenir inoubliable de leur visite. Avec notre huilier, vous assurez un morceau de la culture espagnole dans chaque foyer.<\/p>\n","protected":false},"excerpt":{"rendered":"<p>Huilier en c\u00e9ramique d\u00e9cor\u00e9 d&rsquo;un design vibrant de taureaux, symbole marquant de la culture espagnole. Sa base beige fait ressortir les motifs floraux color\u00e9s et les taureaux peints dans un style de d\u00e9calcomanie. Le couvercle rouge et le texte \u00ab ESPA\u00d1A \u00bb ajoutent une touche distinctive, tandis que le r\u00e9servoir en acier assure la fonctionnalit\u00e9. Id\u00e9al pour embellir n&rsquo;importe quelle table, cet huilier est parfait pour les amateurs de gastronomie et de tradition espagnole.<\/p>\n","protected":false},"featured_media":7353,"template":"","meta":{"_acf_changed":false},"product_brand":[],"product_cat":[782],"product_tag":[530,585],"class_list":{"0":"post-26286","1":"product","2":"type-product","3":"status-publish","4":"has-post-thumbnail","6":"product_cat-huiliers","7":"product_tag-animaux","8":"product_tag-ceramique","9":"pa_motivo-taureaux","11":"first","12":"instock","13":"shipping-taxable","14":"product-type-simple"},"acf":[],"_links":{"self":[{"href":"https:\/\/olemosaic.com\/fr\/wp-json\/wp\/v2\/product\/26286","targetHints":{"allow":["GET"]}}],"collection":[{"href":"https:\/\/olemosaic.com\/fr\/wp-json\/wp\/v2\/product"}],"about":[{"href":"https:\/\/olemosaic.com\/fr\/wp-json\/wp\/v2\/types\/product"}],"wp:featuredmedia":[{"embeddable":true,"href":"https:\/\/olemosaic.com\/fr\/wp-json\/wp\/v2\/media\/7353"}],"wp:attachment":[{"href":"https:\/\/olemosaic.com\/fr\/wp-json\/wp\/v2\/media?parent=26286"}],"wp:term":[{"taxonomy":"product_brand","embeddable":true,"href":"https:\/\/olemosaic.com\/fr\/wp-json\/wp\/v2\/product_brand?post=26286"},{"taxonomy":"product_cat","embeddable":true,"href":"https:\/\/olemosaic.com\/fr\/wp-json\/wp\/v2\/product_cat?post=26286"},{"taxonomy":"product_tag","embeddable":true,"href":"https:\/\/olemosaic.com\/fr\/wp-json\/wp\/v2\/product_tag?post=26286"}],"curies":[{"name":"wp","href":"https:\/\/api.w.org\/{rel}","templated":true}]}}