{"id":26285,"date":"2025-02-20T22:28:16","date_gmt":"2025-02-20T22:28:16","guid":{"rendered":"http:\/\/olemosaic.com\/producto\/aceitera-de-ceramica-barcelona-calca-blanco\/"},"modified":"2025-07-25T18:38:03","modified_gmt":"2025-07-25T16:38:03","slug":"huilier-en-ceramique-barcelone-decalcomanie-blanc","status":"publish","type":"product","link":"https:\/\/olemosaic.com\/fr\/produit\/huilier-en-ceramique-barcelone-decalcomanie-blanc\/","title":{"rendered":"Huilier en c\u00e9ramique. Barcelone. D\u00e9calcomanie. Blanc"},"content":{"rendered":"<p>D\u00e9couvrez notre huilier en c\u00e9ramique de style moderne, un authentique souvenir de Barcelone qui fusionne fonctionnalit\u00e9 et art en un seul objet. Cet \u00e9l\u00e9gant huilier, d&rsquo;une couleur blanche attrayante, est d\u00e9cor\u00e9 d&rsquo;illustrations vibrantes des monuments les plus embl\u00e9matiques de la ville, tels que l&rsquo;iconique Sagrada Familia et le magique Parc G\u00fcell. Les d\u00e9calcomanies qui ornent sa surface pr\u00e9sentent un d\u00e9ploiement de couleurs vives et de d\u00e9tails m\u00e9ticuleusement \u00e9labor\u00e9s, transformant chaque pi\u00e8ce en une petite \u0153uvre d&rsquo;art qui \u00e9voque l&rsquo;esprit cr\u00e9atif de Barcelone.<\/p>\n<p>Le design inclut un bec verseur pratique sur le dessus, ce qui le rend id\u00e9al pour sublimer l&rsquo;excellence de la cuisine m\u00e9diterran\u00e9enne en servant des huiles d&rsquo;olive et des vinaigres. Cet huilier n&rsquo;est pas seulement un compl\u00e9ment fonctionnel \u00e0 table, mais aussi un souvenir visuel qui capture l&rsquo;essence du patrimoine culturel et architectural de Barcelone, une ville connue pour son art et son histoire.<\/p>\n<p>Chez Ol\u00e9 Mosaic, nous proposons cet huilier en c\u00e9ramique dans le cadre de notre collection de souvenirs de Barcelone, garantissant authenticit\u00e9 et qualit\u00e9 pour chaque produit. C&rsquo;est le cadeau parfait pour les touristes qui souhaitent ramener chez eux un morceau de la culture catalane et se souvenir de leur exp\u00e9rience dans cette ville vibrante. En tant que grossistes d&rsquo;huiliers d\u00e9coratifs, nous fournissons un article qui combine design, utilit\u00e9 et pertinence culturelle, id\u00e9al pour les boutiques de cadeaux touristiques et les amateurs de gastronomie.<\/p>\n","protected":false},"excerpt":{"rendered":"<p>Huilier en c\u00e9ramique de style moderne, d\u00e9cor\u00e9 d&rsquo;illustrations vibrantes des monuments les plus embl\u00e9matiques de Barcelone. Cet \u00e9l\u00e9gant accessoire, de couleur blanche, pr\u00e9sente une d\u00e9calcomanie repr\u00e9sentant, entre autres, la Sagrada Familia et le Park G\u00fcell, affichant des couleurs vives et des d\u00e9tails minutieux. L&rsquo;huilier comprend un bec verseur pratique sur le dessus, id\u00e9al pour sublimer la cuisine m\u00e9diterran\u00e9enne et ajouter une touche artistique \u00e0 n&rsquo;importe quelle table.<\/p>\n","protected":false},"featured_media":9975,"template":"","meta":{"_acf_changed":false},"product_brand":[],"product_cat":[782],"product_tag":[585],"class_list":{"0":"post-26285","1":"product","2":"type-product","3":"status-publish","4":"has-post-thumbnail","6":"product_cat-huiliers","7":"product_tag-ceramique","8":"pa_ciudad-barcelona","9":"pa_pais-espana","11":"first","12":"instock","13":"shipping-taxable","14":"product-type-simple"},"acf":[],"_links":{"self":[{"href":"https:\/\/olemosaic.com\/fr\/wp-json\/wp\/v2\/product\/26285","targetHints":{"allow":["GET"]}}],"collection":[{"href":"https:\/\/olemosaic.com\/fr\/wp-json\/wp\/v2\/product"}],"about":[{"href":"https:\/\/olemosaic.com\/fr\/wp-json\/wp\/v2\/types\/product"}],"wp:featuredmedia":[{"embeddable":true,"href":"https:\/\/olemosaic.com\/fr\/wp-json\/wp\/v2\/media\/9975"}],"wp:attachment":[{"href":"https:\/\/olemosaic.com\/fr\/wp-json\/wp\/v2\/media?parent=26285"}],"wp:term":[{"taxonomy":"product_brand","embeddable":true,"href":"https:\/\/olemosaic.com\/fr\/wp-json\/wp\/v2\/product_brand?post=26285"},{"taxonomy":"product_cat","embeddable":true,"href":"https:\/\/olemosaic.com\/fr\/wp-json\/wp\/v2\/product_cat?post=26285"},{"taxonomy":"product_tag","embeddable":true,"href":"https:\/\/olemosaic.com\/fr\/wp-json\/wp\/v2\/product_tag?post=26285"}],"curies":[{"name":"wp","href":"https:\/\/api.w.org\/{rel}","templated":true}]}}