{"id":26283,"date":"2025-02-20T23:28:16","date_gmt":"2025-02-20T22:28:16","guid":{"rendered":"http:\/\/olemosaic.com\/producto\/iman-de-madera-panoramica\/"},"modified":"2025-07-25T20:32:09","modified_gmt":"2025-07-25T18:32:09","slug":"aimant-en-bois-panoramique","status":"publish","type":"product","link":"https:\/\/olemosaic.com\/fr\/produit\/aimant-en-bois-panoramique\/","title":{"rendered":"Aimant en bois. Panoramique."},"content":{"rendered":"<p>D\u00e9couvrez l&rsquo;essence vibrante de l&rsquo;Espagne avec cet adorable aimant en bois repr\u00e9sentant un panorama color\u00e9 du folklore espagnol. Cet aimant, soigneusement peint \u00e0 la main, illustre une sc\u00e8ne joyeuse o\u00f9 se rencontrent un meunier, un guitariste et une envo\u00fbtante danseuse de flamenco avec sa robe \u00e0 pois caract\u00e9ristique. Chaque \u00e9l\u00e9ment est compl\u00e9t\u00e9 par un paysage ensoleill\u00e9 et des d\u00e9tails iconiques de la culture espagnole, comme le c\u00e9l\u00e8bre moulin \u00e0 vent, qui \u00e9voque les traditions de Castille-La Manche, cr\u00e9ant un lien profond avec l&rsquo;h\u00e9ritage culturel du pays.<\/p>\n<p>Le mot \u00ab\u00a0ESPA\u00d1A\u00a0\u00bb, dans des couleurs vives qui attirent le regard, se dresse comme un rappel constant de la richesse de cette nation. Son design panoramique ne c\u00e9l\u00e8bre pas seulement les diverses expressions artistiques du pays, mais fait \u00e9galement de cet aimant un excellent souvenir pour ceux qui souhaitent emporter un petit morceau d&rsquo;Espagne chez eux. Id\u00e9al pour les touristes \u00e0 la recherche d&rsquo;un souvenir authentique et repr\u00e9sentatif, cet aimant en bois se distingue sur n&rsquo;importe quel r\u00e9frig\u00e9rateur, ajoutant une touche artistique et culturelle \u00e0 votre foyer.<\/p>\n<p>Chez Ol\u00e9 Mosaic, nous sommes fiers de proposer des souvenirs authentiques qui capturent l&rsquo;essence de chaque r\u00e9gion. Cet aimant en bois est un choix id\u00e9al pour les boutiques de cadeaux touristiques qui cherchent \u00e0 offrir des produits uniques et significatifs c\u00e9l\u00e9brant le patrimoine espagnol.<\/p>\n","protected":false},"excerpt":{"rendered":"<p>Aimant en bois capturant l&rsquo;essence de l&rsquo;Espagne avec un panorama color\u00e9. Cet aimant pr\u00e9sente une sc\u00e8ne vibrante avec un meunier, un guitariste et une danseuse de flamenco en robe \u00e0 pois, tous entour\u00e9s d&rsquo;\u00e9l\u00e9ments iconiques du folklore espagnol. Peint dans un style artisanal, le design inclut des d\u00e9tails d&rsquo;un paysage ensoleill\u00e9 et le mot \u00ab\u00a0ESPA\u00d1A\u00a0\u00bb dans des couleurs vives, en faisant un pr\u00e9cieux souvenir de la culture espagnole.<\/p>\n","protected":false},"featured_media":9555,"template":"","meta":{"_acf_changed":false},"product_brand":[],"product_cat":[697],"product_tag":[],"class_list":{"0":"post-26283","1":"product","2":"type-product","3":"status-publish","4":"has-post-thumbnail","6":"product_cat-aimants","7":"pa_motivo-panoramas","9":"first","10":"instock","11":"shipping-taxable","12":"product-type-simple"},"acf":[],"_links":{"self":[{"href":"https:\/\/olemosaic.com\/fr\/wp-json\/wp\/v2\/product\/26283","targetHints":{"allow":["GET"]}}],"collection":[{"href":"https:\/\/olemosaic.com\/fr\/wp-json\/wp\/v2\/product"}],"about":[{"href":"https:\/\/olemosaic.com\/fr\/wp-json\/wp\/v2\/types\/product"}],"wp:featuredmedia":[{"embeddable":true,"href":"https:\/\/olemosaic.com\/fr\/wp-json\/wp\/v2\/media\/9555"}],"wp:attachment":[{"href":"https:\/\/olemosaic.com\/fr\/wp-json\/wp\/v2\/media?parent=26283"}],"wp:term":[{"taxonomy":"product_brand","embeddable":true,"href":"https:\/\/olemosaic.com\/fr\/wp-json\/wp\/v2\/product_brand?post=26283"},{"taxonomy":"product_cat","embeddable":true,"href":"https:\/\/olemosaic.com\/fr\/wp-json\/wp\/v2\/product_cat?post=26283"},{"taxonomy":"product_tag","embeddable":true,"href":"https:\/\/olemosaic.com\/fr\/wp-json\/wp\/v2\/product_tag?post=26283"}],"curies":[{"name":"wp","href":"https:\/\/api.w.org\/{rel}","templated":true}]}}