{"id":26270,"date":"2025-02-20T22:28:16","date_gmt":"2025-02-20T22:28:16","guid":{"rendered":"http:\/\/olemosaic.com\/producto\/libreta-de-80-hojas-panoramica-bilbao\/"},"modified":"2025-07-25T18:37:15","modified_gmt":"2025-07-25T16:37:15","slug":"carnet-de-80-pages-panoramique-bilbao","status":"publish","type":"product","link":"https:\/\/olemosaic.com\/fr\/produit\/carnet-de-80-pages-panoramique-bilbao\/","title":{"rendered":"Carnet de 80 pages. Panoramique. Bilbao."},"content":{"rendered":"<p>D\u00e9couvrez le Carnet Panoramique de Bilbao, un carnet original de 80 pages qui capture l&rsquo;essence vibrante de cette ville embl\u00e9matique. Avec un design color\u00e9 et attrayant, ce carnet pr\u00e9sente une illustration panoramique mettant en avant des b\u00e2timents embl\u00e9matiques de Bilbao, tels que le mus\u00e9e Guggenheim, avec son architecture innovante, et la majestueuse tour Iberdrola. Chaque trait et d\u00e9tail refl\u00e8te les couleurs intenses et les formes uniques qui caract\u00e9risent la skyline de Bilbao, tandis que des \u00e9l\u00e9ments typiques et des grues \u00e9voquent sa richesse industrielle et sa transformation urbaine.<\/p>\n<p>Ce carnet n&rsquo;est pas seulement id\u00e9al pour prendre des notes ou faire des dessins, mais il devient \u00e9galement un authentique souvenir de Bilbao, parfait pour ceux qui souhaitent emporter un petit morceau de la ville. Sa reliure robuste et sa bande \u00e9lastique rouge garantissent durabilit\u00e9 et fonctionnalit\u00e9, permettant une utilisation quotidienne sans renoncer au style. La combinaison de ses couleurs vibrantes et de son design soigneusement \u00e9labor\u00e9 en fait un article attrayant pour les touristes \u00e0 la recherche de souvenirs uniques et repr\u00e9sentatifs de leur voyage.<\/p>\n<p>Chez Ol\u00e9 Mosaic, en tant que distributeurs de souvenirs de haute qualit\u00e9, nous proposons ce carnet de Bilbao qui, en plus d&rsquo;\u00eatre une ressource utile au quotidien, est une excellente option pour les boutiques de cadeaux touristiques \u00e0 la recherche de produits authentiques et d&rsquo;importance culturelle. Emportez avec vous un souvenir de la merveille de Bilbao avec notre Carnet Panoramique.<\/p>\n","protected":false},"excerpt":{"rendered":"<p>Carnet de 80 pages avec design panoramique de Bilbao. Ce carnet, avec une couverture color\u00e9e, pr\u00e9sente une illustration inspir\u00e9e des b\u00e2timents embl\u00e9matiques de la ville, tels que le mus\u00e9e Guggenheim et la tour Iberdrola, ainsi que des \u00e9l\u00e9ments typiques et des grues \u00e9voquant son pass\u00e9 industriel. Avec une reliure robuste et une bande \u00e9lastique rouge, il est parfait pour prendre des notes et dessiner, se distinguant par ses couleurs vibrantes et ses d\u00e9tails qui capturent l&rsquo;essence de Bilbao.<\/p>\n","protected":false},"featured_media":11639,"template":"","meta":{"_acf_changed":false},"product_brand":[],"product_cat":[806],"product_tag":[],"class_list":{"0":"post-26270","1":"product","2":"type-product","3":"status-publish","4":"has-post-thumbnail","6":"product_cat-carnets","7":"pa_ciudad-bilbao","8":"pa_motivo-panoramas","9":"pa_pais-espana","11":"first","12":"instock","13":"shipping-taxable","14":"product-type-simple"},"acf":[],"_links":{"self":[{"href":"https:\/\/olemosaic.com\/fr\/wp-json\/wp\/v2\/product\/26270","targetHints":{"allow":["GET"]}}],"collection":[{"href":"https:\/\/olemosaic.com\/fr\/wp-json\/wp\/v2\/product"}],"about":[{"href":"https:\/\/olemosaic.com\/fr\/wp-json\/wp\/v2\/types\/product"}],"wp:featuredmedia":[{"embeddable":true,"href":"https:\/\/olemosaic.com\/fr\/wp-json\/wp\/v2\/media\/11639"}],"wp:attachment":[{"href":"https:\/\/olemosaic.com\/fr\/wp-json\/wp\/v2\/media?parent=26270"}],"wp:term":[{"taxonomy":"product_brand","embeddable":true,"href":"https:\/\/olemosaic.com\/fr\/wp-json\/wp\/v2\/product_brand?post=26270"},{"taxonomy":"product_cat","embeddable":true,"href":"https:\/\/olemosaic.com\/fr\/wp-json\/wp\/v2\/product_cat?post=26270"},{"taxonomy":"product_tag","embeddable":true,"href":"https:\/\/olemosaic.com\/fr\/wp-json\/wp\/v2\/product_tag?post=26270"}],"curies":[{"name":"wp","href":"https:\/\/api.w.org\/{rel}","templated":true}]}}