{"id":26268,"date":"2025-02-20T22:28:16","date_gmt":"2025-02-20T22:28:16","guid":{"rendered":"http:\/\/olemosaic.com\/producto\/funda-de-telefono-para-xiaomi-13-tpu-abstracto-azul\/"},"modified":"2025-07-25T20:08:08","modified_gmt":"2025-07-25T18:08:08","slug":"coque-de-telephone-pour-xiaomi-13-tpu-abstrait-bleu","status":"publish","type":"product","link":"https:\/\/olemosaic.com\/fr\/produit\/coque-de-telephone-pour-xiaomi-13-tpu-abstrait-bleu\/","title":{"rendered":"Coque de t\u00e9l\u00e9phone pour Xiaomi 13 (TPU). Abstrait. Bleu"},"content":{"rendered":"<p>D\u00e9couvrez la coque pour le Xiaomi 13, une pi\u00e8ce vibrante qui encapsule l&rsquo;essence de Barcelone \u00e0 travers son design abstrait dans une explosion de tons bleus et multicolores. Fabriqu\u00e9e en TPU, cette coque offre une combinaison parfaite de fonctionnalit\u00e9 et de style. Son motif dynamique de vagues et de formes fluides \u00e9voque l&rsquo;\u00e9nergie vibrante de la cit\u00e9 comtale, en faisant l&rsquo;accessoire id\u00e9al pour ceux qui souhaitent prot\u00e9ger leur appareil tout en exprimant un style frappant et artistique.<\/p>\n<p>Le lettrage moderne du mot \u00ab\u00a0Barcelona\u00a0\u00bb, mis en avant par un design contemporain, ajoute une touche qui souligne l&rsquo;authenticit\u00e9 de ce souvenir. Chaque d\u00e9tail de cette coque repr\u00e9sente la riche culture et la cr\u00e9ativit\u00e9 de Barcelone, une destination qui attire des touristes du monde entier pour son architecture embl\u00e9matique et son atmosph\u00e8re cosmopolite.<\/p>\n<p>Chez Ol\u00e9 Mosaic, nous nous sp\u00e9cialisons dans la distribution de souvenirs en gros, et cette coque de t\u00e9l\u00e9phone est une excellente option pour les boutiques de cadeaux touristiques \u00e0 la recherche de pi\u00e8ces authentiques et pertinentes de la culture catalane. En choisissant cette coque, les touristes n&rsquo;acqui\u00e8rent pas seulement un accessoire pratique, mais aussi un souvenir repr\u00e9sentatif de l&rsquo;une des villes les plus embl\u00e9matiques d&rsquo;Espagne. Avec cette coque abstraite, chaque utilisateur peut emporter un petit morceau de Barcelone partout o\u00f9 il va.<\/p>\n","protected":false},"excerpt":{"rendered":"<p>Coque de t\u00e9l\u00e9phone pour Xiaomi 13 fabriqu\u00e9e en TPU, avec un design abstrait dans des tons bleus et multicolores. Cet accessoire color\u00e9 pr\u00e9sente un motif vibrant de vagues et de formes fluides, \u00e9voquant l&rsquo;esprit dynamique de Barcelone. Le mot \u00ab\u00a0Barcelona\u00a0\u00bb se d\u00e9tache dans un lettrage moderne, offrant une touche contemporaine. Id\u00e9ale pour ceux qui souhaitent prot\u00e9ger leur appareil tout en affichant un style frappant et artistique, cette coque est aussi fonctionnelle que d\u00e9corative.<\/p>\n","protected":false},"featured_media":12681,"template":"","meta":{"_acf_changed":false},"product_brand":[],"product_cat":[674],"product_tag":[],"class_list":{"0":"post-26268","1":"product","2":"type-product","3":"status-publish","4":"has-post-thumbnail","6":"product_cat-etuis-pour-telephones-portables","7":"pa_ciudad-barcelona","8":"pa_motivo-resume","9":"pa_pais-espana","11":"first","12":"instock","13":"shipping-taxable","14":"product-type-simple"},"acf":[],"_links":{"self":[{"href":"https:\/\/olemosaic.com\/fr\/wp-json\/wp\/v2\/product\/26268","targetHints":{"allow":["GET"]}}],"collection":[{"href":"https:\/\/olemosaic.com\/fr\/wp-json\/wp\/v2\/product"}],"about":[{"href":"https:\/\/olemosaic.com\/fr\/wp-json\/wp\/v2\/types\/product"}],"wp:featuredmedia":[{"embeddable":true,"href":"https:\/\/olemosaic.com\/fr\/wp-json\/wp\/v2\/media\/12681"}],"wp:attachment":[{"href":"https:\/\/olemosaic.com\/fr\/wp-json\/wp\/v2\/media?parent=26268"}],"wp:term":[{"taxonomy":"product_brand","embeddable":true,"href":"https:\/\/olemosaic.com\/fr\/wp-json\/wp\/v2\/product_brand?post=26268"},{"taxonomy":"product_cat","embeddable":true,"href":"https:\/\/olemosaic.com\/fr\/wp-json\/wp\/v2\/product_cat?post=26268"},{"taxonomy":"product_tag","embeddable":true,"href":"https:\/\/olemosaic.com\/fr\/wp-json\/wp\/v2\/product_tag?post=26268"}],"curies":[{"name":"wp","href":"https:\/\/api.w.org\/{rel}","templated":true}]}}