{"id":26267,"date":"2025-02-20T22:28:16","date_gmt":"2025-02-20T22:28:16","guid":{"rendered":"http:\/\/olemosaic.com\/producto\/funda-de-telefono-para-xiaomi-13-tpu-panoramica-barcelona-azul\/"},"modified":"2025-07-25T19:25:59","modified_gmt":"2025-07-25T17:25:59","slug":"coque-de-telephone-pour-xiaomi-13-tpu-panoramique-barcelone-bleu","status":"publish","type":"product","link":"https:\/\/olemosaic.com\/fr\/produit\/coque-de-telephone-pour-xiaomi-13-tpu-panoramique-barcelone-bleu\/","title":{"rendered":"Coque de t\u00e9l\u00e9phone pour Xiaomi 13 (TPU). Panoramique. Barcelone. Bleu"},"content":{"rendered":"<p>D\u00e9couvrez la coque pour Xiaomi 13, un accessoire indispensable qui fusionne style et protection, inspir\u00e9 par les merveilles de Barcelone. Fabriqu\u00e9e en TPU de haute qualit\u00e9, cette coque pr\u00e9sente un design panoramique vibrant qui capture l&rsquo;essence de la cit\u00e9 comtale. Au centre de l&rsquo;illustration, la majestueuse Sagrada Familia se dresse avec \u00e9l\u00e9gance, entour\u00e9e de b\u00e2timents color\u00e9s \u00e9voquant l&rsquo;architecture moderniste de Gaud\u00ed et un magnifique paysage de plage refl\u00e9tant la splendeur de la M\u00e9diterran\u00e9e.<\/p>\n<p>Le fond bleu de la coque souligne le ciel ensoleill\u00e9 de Barcelone, cr\u00e9ant une atmosph\u00e8re estivale qui invite \u00e0 profiter de la vie en plein air. Des d\u00e9tails aux tons chauds rehaussent la chaleur du soleil, et un texte color\u00e9 avec le mot \u00ab\u00a0Barcelona\u00a0\u00bb compl\u00e8te le design, faisant de cette coque un souvenir authentique et repr\u00e9sentatif de la culture catalane.<\/p>\n<p>Ce souvenir est une excellente option pour les touristes \u00e0 la recherche d&rsquo;un souvenir fonctionnel et artistique de leur visite \u00e0 Barcelone. Chez Ol\u00e9 Mosaic, nous comprenons l&rsquo;importance de proposer des produits de qualit\u00e9, en tant que distributeur de souvenirs en gros assurant authenticit\u00e9 et style dans chacun de ses articles. Ajouter cette coque \u00e0 votre boutique est un pari s\u00fbr pour attirer ceux qui souhaitent emporter un morceau de Barcelone avec eux.<\/p>\n","protected":false},"excerpt":{"rendered":"<p>Coque pour Xiaomi 13 fabriqu\u00e9e en TPU, avec un design panoramique de Barcelone. Cette coque se distingue par son illustration vibrante de la c\u00e9l\u00e8bre Sagrada Familia, entour\u00e9e de b\u00e2timents color\u00e9s et d&rsquo;un paysage de plage. Avec un fond bleu \u00e9voquant le ciel m\u00e9diterran\u00e9en et le soleil radieux, le design inclut des d\u00e9tails aux tons chauds et un texte color\u00e9 avec le mot \u00ab\u00a0Barcelona\u00a0\u00bb. Id\u00e9al pour prot\u00e9ger votre appareil tout en gardant un petit morceau de cette ville embl\u00e9matique toujours avec vous.<\/p>\n","protected":false},"featured_media":12680,"template":"","meta":{"_acf_changed":false},"product_brand":[],"product_cat":[674],"product_tag":[],"class_list":{"0":"post-26267","1":"product","2":"type-product","3":"status-publish","4":"has-post-thumbnail","6":"product_cat-etuis-pour-telephones-portables","7":"pa_ciudad-barcelona","8":"pa_motivo-panoramas","9":"pa_pais-espana","11":"first","12":"instock","13":"shipping-taxable","14":"product-type-simple"},"acf":[],"_links":{"self":[{"href":"https:\/\/olemosaic.com\/fr\/wp-json\/wp\/v2\/product\/26267","targetHints":{"allow":["GET"]}}],"collection":[{"href":"https:\/\/olemosaic.com\/fr\/wp-json\/wp\/v2\/product"}],"about":[{"href":"https:\/\/olemosaic.com\/fr\/wp-json\/wp\/v2\/types\/product"}],"wp:featuredmedia":[{"embeddable":true,"href":"https:\/\/olemosaic.com\/fr\/wp-json\/wp\/v2\/media\/12680"}],"wp:attachment":[{"href":"https:\/\/olemosaic.com\/fr\/wp-json\/wp\/v2\/media?parent=26267"}],"wp:term":[{"taxonomy":"product_brand","embeddable":true,"href":"https:\/\/olemosaic.com\/fr\/wp-json\/wp\/v2\/product_brand?post=26267"},{"taxonomy":"product_cat","embeddable":true,"href":"https:\/\/olemosaic.com\/fr\/wp-json\/wp\/v2\/product_cat?post=26267"},{"taxonomy":"product_tag","embeddable":true,"href":"https:\/\/olemosaic.com\/fr\/wp-json\/wp\/v2\/product_tag?post=26267"}],"curies":[{"name":"wp","href":"https:\/\/api.w.org\/{rel}","templated":true}]}}