{"id":26225,"date":"2025-02-20T22:28:15","date_gmt":"2025-02-20T22:28:15","guid":{"rendered":"http:\/\/olemosaic.com\/producto\/funda-de-telefono-para-samsung-a12-tpu-mariposa-barcelona-blanco\/"},"modified":"2025-07-25T18:39:40","modified_gmt":"2025-07-25T16:39:40","slug":"coque-de-telephone-pour-samsung-a12-tpu-papillon-barcelone-blanc","status":"publish","type":"product","link":"https:\/\/olemosaic.com\/fr\/produit\/coque-de-telephone-pour-samsung-a12-tpu-papillon-barcelone-blanc\/","title":{"rendered":"Coque de t\u00e9l\u00e9phone pour Samsung A12 (TPU). Papillon. Barcelone. Blanc"},"content":{"rendered":"<p>D\u00e9couvrez la coque pour t\u00e9l\u00e9phone Samsung A12, un accessoire qui fusionne la protection moderne avec l&rsquo;art vibrant de Barcelone. Fabriqu\u00e9e en TPU r\u00e9sistant, cette coque offre non seulement une d\u00e9fense efficace contre les chocs et les chutes, mais se distingue \u00e9galement par son design d\u00e9coratif exceptionnel. Elle pr\u00e9sente un fond blanc orn\u00e9 d&rsquo;une mosa\u00efque stylis\u00e9e int\u00e9grant des tons rouges et bleus vibrants, \u00e9voquant l&rsquo;\u0153uvre iconique d&rsquo;Antoni Gaud\u00ed qui orne la ville. Au centre se trouvent des papillons m\u00e9ticuleusement illustr\u00e9s dans des couleurs \u00e9clatantes comme l&rsquo;orange, le bleu et le rose, qui ajoutent une touche de joie et de vitalit\u00e9 \u00e0 votre appareil.<\/p>\n<p>Ce produit n&rsquo;est pas seulement un \u00e9l\u00e9ment pratique pour les utilisateurs de Samsung A12, il offre \u00e9galement un morceau de la riche culture barcelonaise. Les papillons symbolisent la transformation et la beaut\u00e9, refl\u00e9tant l&rsquo;essence de la cit\u00e9 comtale, c\u00e9l\u00e8bre pour son architecture et son art vibrant. En tant que souvenir repr\u00e9sentatif de Barcelone, cette coque est un choix id\u00e9al pour les touristes et les amoureux de la ville \u00e0 la recherche de souvenirs authentiques et charg\u00e9s d&rsquo;histoire. Chez Ol\u00e9 Mosaic, nous sommes fiers d&rsquo;\u00eatre des distributeurs de souvenirs capturant l&rsquo;authenticit\u00e9 de chaque r\u00e9gion, et cette coque de t\u00e9l\u00e9phone est une excellente option pour les boutiques de cadeaux touristiques souhaitant proposer des produits uniques et de qualit\u00e9.<\/p>\n","protected":false},"excerpt":{"rendered":"<p>Coque pour t\u00e9l\u00e9phone Samsung A12 fabriqu\u00e9e en TPU, d\u00e9cor\u00e9e d&rsquo;un design vibrant de papillons \u00e9voquant la beaut\u00e9 de Barcelone. Elle pr\u00e9sente un fond blanc avec une mosa\u00efque stylis\u00e9e color\u00e9e dans les tons rouges et bleus, mettant en valeur des papillons illustr\u00e9s avec pr\u00e9cision dans des couleurs \u00e9clatantes comme l&rsquo;orange, le bleu et le rose. Cet accessoire ne prot\u00e8ge pas seulement votre appareil, il ajoute \u00e9galement une touche artistique et culturelle inspir\u00e9e de l&rsquo;architecture et de l&rsquo;art de la cit\u00e9 comtale.<\/p>\n","protected":false},"featured_media":12485,"template":"","meta":{"_acf_changed":false},"product_brand":[],"product_cat":[674],"product_tag":[530],"class_list":{"0":"post-26225","1":"product","2":"type-product","3":"status-publish","4":"has-post-thumbnail","6":"product_cat-etuis-pour-telephones-portables","7":"product_tag-animaux","8":"pa_ciudad-barcelona","9":"pa_motivo-papillons","10":"pa_pais-espana","12":"first","13":"instock","14":"shipping-taxable","15":"product-type-simple"},"acf":[],"_links":{"self":[{"href":"https:\/\/olemosaic.com\/fr\/wp-json\/wp\/v2\/product\/26225","targetHints":{"allow":["GET"]}}],"collection":[{"href":"https:\/\/olemosaic.com\/fr\/wp-json\/wp\/v2\/product"}],"about":[{"href":"https:\/\/olemosaic.com\/fr\/wp-json\/wp\/v2\/types\/product"}],"wp:featuredmedia":[{"embeddable":true,"href":"https:\/\/olemosaic.com\/fr\/wp-json\/wp\/v2\/media\/12485"}],"wp:attachment":[{"href":"https:\/\/olemosaic.com\/fr\/wp-json\/wp\/v2\/media?parent=26225"}],"wp:term":[{"taxonomy":"product_brand","embeddable":true,"href":"https:\/\/olemosaic.com\/fr\/wp-json\/wp\/v2\/product_brand?post=26225"},{"taxonomy":"product_cat","embeddable":true,"href":"https:\/\/olemosaic.com\/fr\/wp-json\/wp\/v2\/product_cat?post=26225"},{"taxonomy":"product_tag","embeddable":true,"href":"https:\/\/olemosaic.com\/fr\/wp-json\/wp\/v2\/product_tag?post=26225"}],"curies":[{"name":"wp","href":"https:\/\/api.w.org\/{rel}","templated":true}]}}