{"id":26223,"date":"2025-02-20T22:28:15","date_gmt":"2025-02-20T22:28:15","guid":{"rendered":"http:\/\/olemosaic.com\/producto\/funda-de-telefono-para-iphone-15-pro-tpu-sagrada-familia-barcelona-azul\/"},"modified":"2025-07-25T18:39:43","modified_gmt":"2025-07-25T16:39:43","slug":"coque-de-telephone-pour-iphone-15-pro-tpu-sagrada-familia-barcelone-bleu","status":"publish","type":"product","link":"https:\/\/olemosaic.com\/fr\/produit\/coque-de-telephone-pour-iphone-15-pro-tpu-sagrada-familia-barcelone-bleu\/","title":{"rendered":"Coque de t\u00e9l\u00e9phone pour iPhone 15 Pro (TPU). Sagrada Familia. Barcelone. Bleu"},"content":{"rendered":"<p>D\u00e9couvrez la coque pour iPhone 15 Pro inspir\u00e9e de l&#8217;embl\u00e9matique Sagrada Familia de Barcelone, une pi\u00e8ce qui fusionne fonctionnalit\u00e9 et art. Con\u00e7ue en TPU de haute qualit\u00e9, cette coque ne prot\u00e8ge pas seulement votre appareil, elle l&rsquo;orne \u00e9galement d&rsquo;une illustration vibrante capturant la majest\u00e9 de l&rsquo;un des monuments les plus iconiques au monde. Le design se d\u00e9tache sur un fond bleu qui met en valeur les tours color\u00e9es du temple, combinant des tons chauds \u00e9voquant le c\u00e9l\u00e8bre trencad\u00eds de Gaud\u00ed, symbole du modernisme catalan. Le mot \u00ab\u00a0Barcelone\u00a0\u00bb est pr\u00e9sent\u00e9 dans un style typographique \u00e9l\u00e9gant, ajoutant une touche sophistiqu\u00e9e au design global de la coque, en faisant un choix parfait pour ceux qui souhaitent porter un fragment de la culture catalane au quotidien. Ce souvenir n&rsquo;est pas seulement un accessoire pratique, mais un rappel constant du riche h\u00e9ritage artistique de Barcelone. En tant que distributeurs de souvenirs en gros, chez Ol\u00e9 Mosaic, nous proposons des produits authentiques qui c\u00e9l\u00e8brent la culture locale, faisant de cette coque une excellente option pour les boutiques de cadeaux touristiques \u00e0 la recherche de quelque chose d&rsquo;unique et de repr\u00e9sentatif. Avec cette coque de la Sagrada Familia, vous ne prot\u00e9gez pas seulement votre iPhone, vous c\u00e9l\u00e9brez l&rsquo;essence de Barcelone chaque jour.<\/p>\n","protected":false},"excerpt":{"rendered":"<p>Coque pour iPhone 15 Pro en TPU, avec une illustration vibrante de la Sagrada Familia de Barcelone. Cet accessoire pr\u00e9sente un fond bleu qui fait ressortir les tours color\u00e9es du monument embl\u00e9matique, combinant des d\u00e9tails aux tons chauds avec une finition \u00e9voquant le trencad\u00eds. Le mot \u00ab\u00a0Barcelone\u00a0\u00bb est imprim\u00e9 avec un style \u00e9l\u00e9gant, faisant de ce produit un choix id\u00e9al pour ceux qui souhaitent emporter un morceau d&rsquo;art catalan au quotidien.<\/p>\n","protected":false},"featured_media":12453,"template":"","meta":{"_acf_changed":false},"product_brand":[],"product_cat":[674],"product_tag":[],"class_list":{"0":"post-26223","1":"product","2":"type-product","3":"status-publish","4":"has-post-thumbnail","6":"product_cat-etuis-pour-telephones-portables","7":"pa_ciudad-barcelona","8":"pa_motivo-sagrada-familia","9":"pa_pais-espana","11":"first","12":"instock","13":"shipping-taxable","14":"product-type-simple"},"acf":[],"_links":{"self":[{"href":"https:\/\/olemosaic.com\/fr\/wp-json\/wp\/v2\/product\/26223","targetHints":{"allow":["GET"]}}],"collection":[{"href":"https:\/\/olemosaic.com\/fr\/wp-json\/wp\/v2\/product"}],"about":[{"href":"https:\/\/olemosaic.com\/fr\/wp-json\/wp\/v2\/types\/product"}],"wp:featuredmedia":[{"embeddable":true,"href":"https:\/\/olemosaic.com\/fr\/wp-json\/wp\/v2\/media\/12453"}],"wp:attachment":[{"href":"https:\/\/olemosaic.com\/fr\/wp-json\/wp\/v2\/media?parent=26223"}],"wp:term":[{"taxonomy":"product_brand","embeddable":true,"href":"https:\/\/olemosaic.com\/fr\/wp-json\/wp\/v2\/product_brand?post=26223"},{"taxonomy":"product_cat","embeddable":true,"href":"https:\/\/olemosaic.com\/fr\/wp-json\/wp\/v2\/product_cat?post=26223"},{"taxonomy":"product_tag","embeddable":true,"href":"https:\/\/olemosaic.com\/fr\/wp-json\/wp\/v2\/product_tag?post=26223"}],"curies":[{"name":"wp","href":"https:\/\/api.w.org\/{rel}","templated":true}]}}