{"id":26222,"date":"2025-02-20T22:28:15","date_gmt":"2025-02-20T22:28:15","guid":{"rendered":"http:\/\/olemosaic.com\/producto\/funda-de-telefono-para-iphone-14-tpu-abstracto-negro\/"},"modified":"2025-07-25T18:39:51","modified_gmt":"2025-07-25T16:39:51","slug":"coque-de-telephone-pour-iphone-14-tpu-abstrait-noir","status":"publish","type":"product","link":"https:\/\/olemosaic.com\/fr\/produit\/coque-de-telephone-pour-iphone-14-tpu-abstrait-noir\/","title":{"rendered":"Coque de t\u00e9l\u00e9phone pour iPhone 14 (TPU). Abstrait. Noir"},"content":{"rendered":"<p>D\u00e9couvrez la coque pour iPhone 14, un accessoire unique qui combine style moderne et protection efficace. Fabriqu\u00e9e en TPU de haute qualit\u00e9, cette coque se distingue par son design abstrait et vibrant, offrant une explosion de couleurs intenses comprenant des tons verts, rouges, bleus et jaunes, formant des ondes lumineuses dynamiques sur un fond noir. Elle prot\u00e8ge non seulement votre appareil des chocs et des rayures, mais ajoute \u00e9galement une touche contemporaine et artistique, devenant une pi\u00e8ce d\u00e9corative qui attire l&rsquo;attention.<\/p>\n<p>La finition mate de la coque rehausse encore plus les couleurs vibrantes, cr\u00e9ant un effet visuel qui \u00e9voque l&rsquo;\u00e9nergie et la cr\u00e9ativit\u00e9, faisant \u00e9cho aux tendances artistiques modernes. Ce produit n&rsquo;est pas seulement une excellente option fonctionnelle, mais aussi un souvenir id\u00e9al pour ceux qui recherchent des pi\u00e8ces uniques refl\u00e9tant la diversit\u00e9 et les couleurs de la vie quotidienne dans des villes vibrantes.<\/p>\n<p>Chez Ol\u00e9 Mosaic, nous sommes experts dans la distribution de souvenirs en gros, et cette coque de t\u00e9l\u00e9phone est un choix parfait pour les boutiques de cadeaux touristiques souhaitant proposer des produits \u00e0 la fois pratiques et artistiques. Cet accessoire ne fascine pas seulement par son design, mais incarne \u00e9galement l&rsquo;authenticit\u00e9 et le style contemporain, devenant un incontournable pour les touristes \u00e0 la recherche de souvenirs repr\u00e9sentatifs de leur visite.<\/p>\n","protected":false},"excerpt":{"rendered":"<p>Coque pour iPhone 14 en TPU, avec un design abstrait et vibrant. Elle pr\u00e9sente une combinaison de couleurs intenses, telles que le vert, le rouge, le bleu et le jaune, formant des ondes lumineuses sur un fond noir. Cet accessoire, en plus de prot\u00e9ger efficacement contre les chocs et les rayures, ajoute une touche moderne et artistique \u00e0 votre appareil, se distinguant par son originalit\u00e9 et son style contemporain.<\/p>\n","protected":false},"featured_media":12369,"template":"","meta":{"_acf_changed":false},"product_brand":[],"product_cat":[674],"product_tag":[],"class_list":{"0":"post-26222","1":"product","2":"type-product","3":"status-publish","4":"has-post-thumbnail","6":"product_cat-etuis-pour-telephones-portables","7":"pa_motivo-resume","9":"first","10":"instock","11":"shipping-taxable","12":"product-type-simple"},"acf":[],"_links":{"self":[{"href":"https:\/\/olemosaic.com\/fr\/wp-json\/wp\/v2\/product\/26222","targetHints":{"allow":["GET"]}}],"collection":[{"href":"https:\/\/olemosaic.com\/fr\/wp-json\/wp\/v2\/product"}],"about":[{"href":"https:\/\/olemosaic.com\/fr\/wp-json\/wp\/v2\/types\/product"}],"wp:featuredmedia":[{"embeddable":true,"href":"https:\/\/olemosaic.com\/fr\/wp-json\/wp\/v2\/media\/12369"}],"wp:attachment":[{"href":"https:\/\/olemosaic.com\/fr\/wp-json\/wp\/v2\/media?parent=26222"}],"wp:term":[{"taxonomy":"product_brand","embeddable":true,"href":"https:\/\/olemosaic.com\/fr\/wp-json\/wp\/v2\/product_brand?post=26222"},{"taxonomy":"product_cat","embeddable":true,"href":"https:\/\/olemosaic.com\/fr\/wp-json\/wp\/v2\/product_cat?post=26222"},{"taxonomy":"product_tag","embeddable":true,"href":"https:\/\/olemosaic.com\/fr\/wp-json\/wp\/v2\/product_tag?post=26222"}],"curies":[{"name":"wp","href":"https:\/\/api.w.org\/{rel}","templated":true}]}}