{"id":26209,"date":"2025-02-20T23:28:15","date_gmt":"2025-02-20T22:28:15","guid":{"rendered":"http:\/\/olemosaic.com\/producto\/funda-de-telefono-para-iphone-11-promax-tpu-panoramica-barcelona-azul\/"},"modified":"2025-07-25T19:32:35","modified_gmt":"2025-07-25T17:32:35","slug":"coque-de-telephone-pour-iphone-11-pro-max-tpu-panoramique-barcelone-bleu","status":"publish","type":"product","link":"https:\/\/olemosaic.com\/fr\/produit\/coque-de-telephone-pour-iphone-11-pro-max-tpu-panoramique-barcelone-bleu\/","title":{"rendered":"Coque de t\u00e9l\u00e9phone pour iPhone 11 Pro Max (TPU). Panoramique Sagrada Familia Barcelone. Bleu"},"content":{"rendered":"<p>D\u00e9couvrez la coque pour iPhone 11 Pro Max inspir\u00e9e de Barcelone, une pi\u00e8ce qui allie protection et style avec un design vibrant capturant l&rsquo;essence de cette ville magnifique. Cet accessoire est fabriqu\u00e9 en TPU de haute qualit\u00e9, ce qui assure une durabilit\u00e9 exceptionnelle et une protection efficace contre les chocs et les rayures. L&rsquo;illustration panoramique pr\u00e9sente un paysage urbain color\u00e9, domin\u00e9 par l&#8217;embl\u00e9matique Sagrada Familia, qui resplendit sous un ciel bleu radieux. Entre les palmiers et les \u00e9l\u00e9ments iconiques de la ville, le mot \u00ab\u00a0Barcelona\u00a0\u00bb appara\u00eet dans un style ludique, ajoutant une touche joyeuse et attrayante \u00e0 la coque.<\/p>\n<p>Ce souvenir n&rsquo;est pas seulement une excellente option pour garder votre appareil en s\u00e9curit\u00e9, mais aussi un souvenir repr\u00e9sentatif de la culture catalane et de son architecture moderniste. Id\u00e9al pour les touristes qui cherchent \u00e0 emporter un morceau de Barcelone chez eux, cette coque est parfaite pour montrer votre amour pour la ville tout en maintenant votre mobile dans des conditions optimales. Chez Ol\u00e9 Mosaic, en tant que grossiste de souvenirs authentiques, nous garantissons que chaque coque refl\u00e8te la richesse culturelle de la r\u00e9gion, en faisant un choix incontournable pour les boutiques de cadeaux touristiques souhaitant proposer des produits uniques et repr\u00e9sentatifs.<\/p>\n","protected":false},"excerpt":{"rendered":"<p>Coque pour iPhone 11 Pro Max fabriqu\u00e9e en TPU, con\u00e7ue avec une vue panoramique vibrante de Barcelone. Cette coque se distingue par son illustration color\u00e9e, qui inclut l&#8217;embl\u00e9matique Sagrada Familia sous un ciel bleu ensoleill\u00e9, accompagn\u00e9e de palmiers et d&rsquo;\u00e9l\u00e9ments iconiques de la ville. Le mot \u00ab\u00a0Barcelona\u00a0\u00bb appara\u00eet dans un style ludique, apportant une touche amusante et attrayante. Id\u00e9ale pour prot\u00e9ger votre appareil tout en montrant votre amour pour cette ville fascinante.<\/p>\n","protected":false},"featured_media":12206,"template":"","meta":{"_acf_changed":false},"product_brand":[],"product_cat":[674],"product_tag":[],"class_list":{"0":"post-26209","1":"product","2":"type-product","3":"status-publish","4":"has-post-thumbnail","6":"product_cat-etuis-pour-telephones-portables","7":"pa_ciudad-barcelona","8":"pa_motivo-panoramas","9":"pa_pais-espana","11":"first","12":"instock","13":"shipping-taxable","14":"product-type-simple"},"acf":[],"_links":{"self":[{"href":"https:\/\/olemosaic.com\/fr\/wp-json\/wp\/v2\/product\/26209","targetHints":{"allow":["GET"]}}],"collection":[{"href":"https:\/\/olemosaic.com\/fr\/wp-json\/wp\/v2\/product"}],"about":[{"href":"https:\/\/olemosaic.com\/fr\/wp-json\/wp\/v2\/types\/product"}],"wp:featuredmedia":[{"embeddable":true,"href":"https:\/\/olemosaic.com\/fr\/wp-json\/wp\/v2\/media\/12206"}],"wp:attachment":[{"href":"https:\/\/olemosaic.com\/fr\/wp-json\/wp\/v2\/media?parent=26209"}],"wp:term":[{"taxonomy":"product_brand","embeddable":true,"href":"https:\/\/olemosaic.com\/fr\/wp-json\/wp\/v2\/product_brand?post=26209"},{"taxonomy":"product_cat","embeddable":true,"href":"https:\/\/olemosaic.com\/fr\/wp-json\/wp\/v2\/product_cat?post=26209"},{"taxonomy":"product_tag","embeddable":true,"href":"https:\/\/olemosaic.com\/fr\/wp-json\/wp\/v2\/product_tag?post=26209"}],"curies":[{"name":"wp","href":"https:\/\/api.w.org\/{rel}","templated":true}]}}