{"id":26208,"date":"2025-02-20T22:28:14","date_gmt":"2025-02-20T22:28:14","guid":{"rendered":"http:\/\/olemosaic.com\/producto\/funda-de-telefono-para-iphone-15-pro-tpu-salamandra-barcelona-negro\/"},"modified":"2025-07-25T18:51:08","modified_gmt":"2025-07-25T16:51:08","slug":"coque-de-telephone-pour-iphone-15-pro-tpu-salamandre-barcelone-noir","status":"publish","type":"product","link":"https:\/\/olemosaic.com\/fr\/produit\/coque-de-telephone-pour-iphone-15-pro-tpu-salamandre-barcelone-noir\/","title":{"rendered":"Coque de t\u00e9l\u00e9phone pour iPhone 15 Pro (TPU). Salamandre. Barcelone. Noir"},"content":{"rendered":"<p>D\u00e9couvrez la fascinante coque pour iPhone 15 Pro, une pi\u00e8ce qui non seulement prot\u00e8ge votre appareil, mais c\u00e9l\u00e8bre \u00e9galement le style artistique vibrant de Barcelone. Fabriqu\u00e9e en TPU de haute qualit\u00e9, cette coque est durable et flexible, garantissant une excellente protection contre les chutes et les rayures. Son design se distingue par la repr\u00e9sentation color\u00e9e de salamandres, qui \u00e9voquent les mosa\u00efques embl\u00e9matiques de Gaud\u00ed, symbole du modernisme catalan. Les couleurs vives bleu, rouge et vert des salamandres contrastent de mani\u00e8re frappante avec le fond noir, cr\u00e9ant un effet visuel captivant.<\/p>\n<p>Chaque d\u00e9tail de cette coque souligne la ma\u00eetrise artistique qui caract\u00e9rise la cit\u00e9 comtale, avec des motifs floraux qui ajoutent une touche de fantaisie. En bas, le mot \u00ab\u00a0Barcelona\u00a0\u00bb est \u00e9l\u00e9gamment pr\u00e9sent\u00e9, liant la pi\u00e8ce \u00e0 sa riche histoire culturelle. Cet accessoire n&rsquo;est pas seulement fonctionnel, il agit \u00e9galement comme un authentique souvenir de Barcelone, parfait pour les touristes qui cherchent \u00e0 ramener chez eux un fragment de l&rsquo;art et de la cr\u00e9ativit\u00e9 de la ville.<\/p>\n<p>Chez Ol\u00e9 Mosaic, nous nous sp\u00e9cialisons dans la distribution de souvenirs en gros, offrant des produits exclusifs comme cette coque de t\u00e9l\u00e9phone. C&rsquo;est le choix id\u00e9al pour les boutiques de cadeaux touristiques qui souhaitent offrir \u00e0 leurs clients un accessoire unique et repr\u00e9sentatif de la culture espagnole. Avec notre gamme d&rsquo;articles, nous garantissons l&rsquo;authenticit\u00e9 et la qualit\u00e9, assurant que chaque achat soit un voyage \u00e0 travers le riche h\u00e9ritage de Barcelone.<\/p>\n","protected":false},"excerpt":{"rendered":"<p>Coque pour iPhone 15 Pro en TPU, d\u00e9cor\u00e9e de salamandres color\u00e9es \u00e9voquant le style de la mosa\u00efque de Gaud\u00ed \u00e0 Barcelone. Le design int\u00e8gre des d\u00e9tails vibrants en bleu, rouge et vert, ainsi que des motifs floraux qui ajoutent une touche artistique. En bas, le mot \u00ab\u00a0Barcelona\u00a0\u00bb est \u00e9l\u00e9gamment \u00e9crit, compl\u00e9tant le fond noir qui fait ressortir les couleurs vives des salamandres. Un choix parfait pour ceux qui recherchent un accessoire fonctionnel avec un fort caract\u00e8re culturel.<\/p>\n","protected":false},"featured_media":12459,"template":"","meta":{"_acf_changed":false},"product_brand":[],"product_cat":[674],"product_tag":[530],"class_list":{"0":"post-26208","1":"product","2":"type-product","3":"status-publish","4":"has-post-thumbnail","6":"product_cat-etuis-pour-telephones-portables","7":"product_tag-animaux","8":"pa_ciudad-barcelona","9":"pa_motivo-salamandres","10":"pa_pais-espana","12":"first","13":"instock","14":"shipping-taxable","15":"product-type-simple"},"acf":[],"_links":{"self":[{"href":"https:\/\/olemosaic.com\/fr\/wp-json\/wp\/v2\/product\/26208","targetHints":{"allow":["GET"]}}],"collection":[{"href":"https:\/\/olemosaic.com\/fr\/wp-json\/wp\/v2\/product"}],"about":[{"href":"https:\/\/olemosaic.com\/fr\/wp-json\/wp\/v2\/types\/product"}],"wp:featuredmedia":[{"embeddable":true,"href":"https:\/\/olemosaic.com\/fr\/wp-json\/wp\/v2\/media\/12459"}],"wp:attachment":[{"href":"https:\/\/olemosaic.com\/fr\/wp-json\/wp\/v2\/media?parent=26208"}],"wp:term":[{"taxonomy":"product_brand","embeddable":true,"href":"https:\/\/olemosaic.com\/fr\/wp-json\/wp\/v2\/product_brand?post=26208"},{"taxonomy":"product_cat","embeddable":true,"href":"https:\/\/olemosaic.com\/fr\/wp-json\/wp\/v2\/product_cat?post=26208"},{"taxonomy":"product_tag","embeddable":true,"href":"https:\/\/olemosaic.com\/fr\/wp-json\/wp\/v2\/product_tag?post=26208"}],"curies":[{"name":"wp","href":"https:\/\/api.w.org\/{rel}","templated":true}]}}