{"id":26206,"date":"2025-02-20T22:28:14","date_gmt":"2025-02-20T22:28:14","guid":{"rendered":"http:\/\/olemosaic.com\/producto\/libreta-de-80-hojas-punt-de-trobada-barcelona\/"},"modified":"2025-07-25T19:24:37","modified_gmt":"2025-07-25T17:24:37","slug":"carnet-de-80-pages-punt-de-trobada-barcelone","status":"publish","type":"product","link":"https:\/\/olemosaic.com\/fr\/produit\/carnet-de-80-pages-punt-de-trobada-barcelone\/","title":{"rendered":"Carnet de 80 pages. Punt de trobada. Barcelone."},"content":{"rendered":"<p>D\u00e9couvrez le charmant carnet \u00ab\u00a0Punt de trobada\u00a0\u00bb de Barcelone, un hommage \u00e0 l&rsquo;\u0153uvre innovante du c\u00e9l\u00e8bre architecte Antoni Gaud\u00ed. Avec 80 pages blanches, ce carnet allie fonctionnalit\u00e9 et style, devenant un souvenir id\u00e9al pour ceux qui souhaitent emporter un morceau de l&rsquo;essence de la cit\u00e9 comtale. La couverture pr\u00e9sente une mosa\u00efque vibrante aux formes organiques dans des tons rouges, bleus, jaunes et noirs, \u00e9voquant la cr\u00e9ativit\u00e9 et le dynamisme de Gaud\u00ed. Ces couleurs, dispos\u00e9es de mani\u00e8re harmonieuse, captent instantan\u00e9ment l&rsquo;attention et font de chaque page un espace inspirant pour les notes et les cr\u00e9ations personnelles.<\/p>\n<p>\u00c9quip\u00e9 d&rsquo;une fermeture \u00e9lastique pratique en rouge, ce design aide non seulement \u00e0 maintenir les pages en s\u00e9curit\u00e9, mais ajoute \u00e9galement une touche d&rsquo;\u00e9l\u00e9gance \u00e0 cette pi\u00e8ce. Le carnet est parfait aussi bien pour les touristes \u00e0 la recherche de souvenirs authentiques que pour les locaux souhaitant c\u00e9l\u00e9brer leur patrimoine. Chez Ol\u00e9 Mosaic, nous comprenons l&rsquo;importance de proposer des souvenirs qui parlent de culture et de tradition ; ce carnet est un article repr\u00e9sentatif de Barcelone, id\u00e9al pour les cadeaux touristiques. En tant que grossiste de produits culturels, nous garantissons que ce carnet refl\u00e8te l&rsquo;h\u00e9ritage artistique et l&rsquo;authenticit\u00e9 que vos clients attendent, en faisant un choix incontournable pour les boutiques de souvenirs.<\/p>\n","protected":false},"excerpt":{"rendered":"<p>Carnet de 80 pages avec un design inspir\u00e9 du c\u00e9l\u00e8bre \u00ab\u00a0Punt de trobada\u00a0\u00bb de Barcelone. Sa couverture pr\u00e9sente une mosa\u00efque color\u00e9e de formes organiques dans des tons rouges, bleus, jaunes et noirs, \u00e9voquant le style du c\u00e9l\u00e8bre architecte Antoni Gaud\u00ed. Avec une fermeture \u00e9lastique rouge pratique, ce carnet allie fonctionnalit\u00e9 et art, devenant un souvenir parfait pour se rem\u00e9morer la cr\u00e9ativit\u00e9 et le charme de la cit\u00e9 comtale.<\/p>\n","protected":false},"featured_media":9369,"template":"","meta":{"_acf_changed":false},"product_brand":[],"product_cat":[806],"product_tag":[],"class_list":{"0":"post-26206","1":"product","2":"type-product","3":"status-publish","4":"has-post-thumbnail","6":"product_cat-carnets","7":"pa_ciudad-barcelona","8":"pa_motivo-punt-de-trobada","9":"pa_pais-espana","11":"first","12":"instock","13":"shipping-taxable","14":"product-type-simple"},"acf":[],"_links":{"self":[{"href":"https:\/\/olemosaic.com\/fr\/wp-json\/wp\/v2\/product\/26206","targetHints":{"allow":["GET"]}}],"collection":[{"href":"https:\/\/olemosaic.com\/fr\/wp-json\/wp\/v2\/product"}],"about":[{"href":"https:\/\/olemosaic.com\/fr\/wp-json\/wp\/v2\/types\/product"}],"wp:featuredmedia":[{"embeddable":true,"href":"https:\/\/olemosaic.com\/fr\/wp-json\/wp\/v2\/media\/9369"}],"wp:attachment":[{"href":"https:\/\/olemosaic.com\/fr\/wp-json\/wp\/v2\/media?parent=26206"}],"wp:term":[{"taxonomy":"product_brand","embeddable":true,"href":"https:\/\/olemosaic.com\/fr\/wp-json\/wp\/v2\/product_brand?post=26206"},{"taxonomy":"product_cat","embeddable":true,"href":"https:\/\/olemosaic.com\/fr\/wp-json\/wp\/v2\/product_cat?post=26206"},{"taxonomy":"product_tag","embeddable":true,"href":"https:\/\/olemosaic.com\/fr\/wp-json\/wp\/v2\/product_tag?post=26206"}],"curies":[{"name":"wp","href":"https:\/\/api.w.org\/{rel}","templated":true}]}}