{"id":26204,"date":"2025-02-20T22:28:14","date_gmt":"2025-02-20T22:28:14","guid":{"rendered":"http:\/\/olemosaic.com\/producto\/4-bols-de-coco-de-13-x-6-cm-isla-gran-canaria\/"},"modified":"2025-07-25T18:42:33","modified_gmt":"2025-07-25T16:42:33","slug":"4-bols-en-noix-de-coco-13-x-6-cm-ile-grande-canarie","status":"publish","type":"product","link":"https:\/\/olemosaic.com\/fr\/produit\/4-bols-en-noix-de-coco-13-x-6-cm-ile-grande-canarie\/","title":{"rendered":"4 Bols en noix de coco de 13 x 6 cm. \u00cele. Grande Canarie."},"content":{"rendered":"<p>D\u00e9couvrez l&rsquo;\u00e9l\u00e9gance et les couleurs de nos bols en noix de coco, une repr\u00e9sentation authentique du paysage vibrant de la Grande Canarie. Cet ensemble de 4 bols, chacun mesurant 13 x 6 cm, est soigneusement con\u00e7u avec une finition \u00e9maill\u00e9e pr\u00e9sentant une vari\u00e9t\u00e9 de motifs d\u00e9coratifs dans les tons marron, bleu, vert et dor\u00e9, \u00e9voquant la richesse naturelle de l&rsquo;\u00eele canarienne. Au centre de chaque bol se trouve la d\u00e9licate inscription \u00ab\u00a0Gran Canaria\u00a0\u00bb, ce qui en fait un souvenir parfait et distinctif de la r\u00e9gion.<\/p>\n<p>L&rsquo;artisanat de ces bols en noix de coco souligne non seulement leur beaut\u00e9 esth\u00e9tique, mais aussi leur lien culturel avec la Grande Canarie, une destination c\u00e9l\u00e8bre pour sa nature exub\u00e9rante et sa riche tradition artisanale. L&rsquo;utilisation de la noix de coco comme mat\u00e9riau principal conf\u00e8re \u00e0 chaque bol un caract\u00e8re unique et traditionnel, id\u00e9al pour ceux qui cherchent \u00e0 int\u00e9grer une touche canarienne dans leur d\u00e9coration ou pour profiter d&rsquo;une exp\u00e9rience authentique lors du service d&rsquo;ap\u00e9ritifs.<\/p>\n<p>En tant que distributeurs de souvenirs en gros chez Ol\u00e9 Mosaic, nous proposons des produits qui capturent l&rsquo;essence de chaque recoin de l&rsquo;Espagne. Nos bols en noix de coco sont le choix parfait pour les boutiques de cadeaux touristiques qui souhaitent offrir des souvenirs authentiques mettant en valeur la culture canarienne. Avec leur design vibrant et leur profondeur culturelle, ces bols sont un cadeau m\u00e9morable qui transportera n&rsquo;importe qui sur la splendide \u00eele de la Grande Canarie.<\/p>\n","protected":false},"excerpt":{"rendered":"<p>Bols en noix de coco de 13 x 6 cm, con\u00e7us avec une mosa\u00efque color\u00e9e \u00e9voquant le paysage vibrant de la Grande Canarie. Chaque bol pr\u00e9sente une finition \u00e9maill\u00e9e avec des motifs d\u00e9coratifs de formes vari\u00e9es dans les tons marron, bleu, vert et dor\u00e9, qui soulignent la beaut\u00e9 naturelle de l&rsquo;\u00eele. Au centre de chaque bol, l&rsquo;inscription \u00ab\u00a0Gran Canaria\u00a0\u00bb en fait un souvenir parfait de la r\u00e9gion. Son mat\u00e9riau en noix de coco apporte une touche traditionnelle et artisanale \u00e0 votre d\u00e9coration.<\/p>\n","protected":false},"featured_media":10693,"template":"","meta":{"_acf_changed":false},"product_brand":[],"product_cat":[521],"product_tag":[],"class_list":{"0":"post-26204","1":"product","2":"type-product","3":"status-publish","4":"has-post-thumbnail","6":"product_cat-bols","7":"pa_ciudad-gran-canaria","8":"pa_motivo-iles","9":"pa_pais-espana","11":"first","12":"instock","13":"shipping-taxable","14":"product-type-simple"},"acf":[],"_links":{"self":[{"href":"https:\/\/olemosaic.com\/fr\/wp-json\/wp\/v2\/product\/26204","targetHints":{"allow":["GET"]}}],"collection":[{"href":"https:\/\/olemosaic.com\/fr\/wp-json\/wp\/v2\/product"}],"about":[{"href":"https:\/\/olemosaic.com\/fr\/wp-json\/wp\/v2\/types\/product"}],"wp:featuredmedia":[{"embeddable":true,"href":"https:\/\/olemosaic.com\/fr\/wp-json\/wp\/v2\/media\/10693"}],"wp:attachment":[{"href":"https:\/\/olemosaic.com\/fr\/wp-json\/wp\/v2\/media?parent=26204"}],"wp:term":[{"taxonomy":"product_brand","embeddable":true,"href":"https:\/\/olemosaic.com\/fr\/wp-json\/wp\/v2\/product_brand?post=26204"},{"taxonomy":"product_cat","embeddable":true,"href":"https:\/\/olemosaic.com\/fr\/wp-json\/wp\/v2\/product_cat?post=26204"},{"taxonomy":"product_tag","embeddable":true,"href":"https:\/\/olemosaic.com\/fr\/wp-json\/wp\/v2\/product_tag?post=26204"}],"curies":[{"name":"wp","href":"https:\/\/api.w.org\/{rel}","templated":true}]}}